{"id":20687,"date":"2024-07-31T08:47:20","date_gmt":"2024-07-31T06:47:20","guid":{"rendered":"https:\/\/www.musarit.fi\/?page_id=20687"},"modified":"2026-04-29T11:33:26","modified_gmt":"2026-04-29T08:33:26","slug":"kirjaslampirock","status":"publish","type":"page","link":"https:\/\/www.musarit.fi\/en\/kirjaslampirock\/","title":{"rendered":"Kirjaslampirock 23.8.2025"},"content":{"rendered":"<div data-elementor-type=\"wp-page\" data-elementor-id=\"20687\" class=\"elementor elementor-20687\">\n\t\t\t\t\t\t<section class=\"elementor-section elementor-top-section elementor-element elementor-element-d94bec9 elementor-section-boxed elementor-section-height-default elementor-section-height-default\" data-id=\"d94bec9\" data-element_type=\"section\" data-settings=\"{&quot;jet_parallax_layout_list&quot;:[]}\">\n\t\t\t\t\t\t<div class=\"elementor-container elementor-column-gap-default\">\n\t\t\t\t\t<div class=\"elementor-column elementor-col-100 elementor-top-column elementor-element elementor-element-765f97c\" data-id=\"765f97c\" data-element_type=\"column\">\n\t\t\t<div class=\"elementor-widget-wrap elementor-element-populated\">\n\t\t\t\t<!-- dce invisible element d07cdaa -->\t\t\t<\/div>\n\t\t<\/div>\n\t\t\t\t\t<\/div>\n\t\t<\/section>\n\t\t\t\t<section class=\"elementor-section elementor-top-section elementor-element elementor-element-57909eb elementor-section-boxed elementor-section-height-default elementor-section-height-default\" data-id=\"57909eb\" data-element_type=\"section\" data-settings=\"{&quot;jet_parallax_layout_list&quot;:[]}\">\n\t\t\t\t\t\t<div class=\"elementor-container elementor-column-gap-default\">\n\t\t\t\t\t<div class=\"elementor-column elementor-col-100 elementor-top-column elementor-element elementor-element-aa8610c\" data-id=\"aa8610c\" data-element_type=\"column\">\n\t\t\t<div class=\"elementor-widget-wrap elementor-element-populated\">\n\t\t\t\t\t\t<div class=\"elementor-element elementor-element-8162403 elementor-widget elementor-widget-text-editor\" data-id=\"8162403\" data-element_type=\"widget\" data-widget_type=\"text-editor.default\">\n\t\t\t\t<div class=\"elementor-widget-container\">\n\t\t\t\t\t\t\t\t\t<h2><strong>KIRJASLAMPIROCK 22.8.2026!<\/strong><\/h2>\t\t\t\t\t\t\t\t<\/div>\n\t\t\t\t<\/div>\n\t\t\t\t\t<\/div>\n\t\t<\/div>\n\t\t\t\t\t<\/div>\n\t\t<\/section>\n\t\t\t\t<section class=\"elementor-section elementor-top-section elementor-element elementor-element-09d92c6 elementor-section-boxed elementor-section-height-default elementor-section-height-default\" data-id=\"09d92c6\" data-element_type=\"section\" data-settings=\"{&quot;jet_parallax_layout_list&quot;:[]}\">\n\t\t\t\t\t\t<div class=\"elementor-container elementor-column-gap-default\">\n\t\t\t\t\t<div class=\"elementor-column elementor-col-100 elementor-top-column elementor-element elementor-element-175282d\" data-id=\"175282d\" data-element_type=\"column\">\n\t\t\t<div class=\"elementor-widget-wrap elementor-element-populated\">\n\t\t\t\t\t\t<div class=\"elementor-element elementor-element-4d2a715 elementor-widget elementor-widget-heading\" data-id=\"4d2a715\" data-element_type=\"widget\" data-widget_type=\"heading.default\">\n\t\t\t\t<div class=\"elementor-widget-container\">\n\t\t\t\t\t<h2 class=\"elementor-heading-title elementor-size-default\"><h3 style=\"white-space-collapse: collapse;\">Kirjaslampirock on vuonna 2022 debytoinut minifestivaali, joka j\u00e4rjestet\u00e4\u00e4n 22. elokuuta Kirjaslammen tanssilavalla. Luvassa on j\u00e4lleen aitoa rockmeininki\u00e4 ja paikallista asennetta unohtamatta kiinnostavia vierailijoita.<\/h3>\n<br><\/h2>\t\t\t\t<\/div>\n\t\t\t\t<\/div>\n\t\t<!-- dce invisible element 1afe1f2 --><!-- dce invisible element c1053a6 -->\t\t\t<\/div>\n\t\t<\/div>\n\t\t\t\t\t<\/div>\n\t\t<\/section>\n\t\t\t\t<section class=\"elementor-section elementor-top-section elementor-element elementor-element-9f0c636 elementor-section-boxed elementor-section-height-default elementor-section-height-default\" data-id=\"9f0c636\" data-element_type=\"section\" data-settings=\"{&quot;jet_parallax_layout_list&quot;:[]}\">\n\t\t\t\t\t\t<div class=\"elementor-container elementor-column-gap-default\">\n\t\t\t\t\t<div class=\"elementor-column elementor-col-100 elementor-top-column elementor-element elementor-element-be21a3b\" data-id=\"be21a3b\" data-element_type=\"column\">\n\t\t\t<div class=\"elementor-widget-wrap elementor-element-populated\">\n\t\t\t\t<!-- dce invisible element 6fe3451 --><!-- dce invisible element e352f60 -->\t\t\t<\/div>\n\t\t<\/div>\n\t\t\t\t\t<\/div>\n\t\t<\/section>\n\t\t\t\t<\/div>","protected":false},"excerpt":{"rendered":"<p>KIRJASLAMPIROCK 22.8.2026! Kirjaslampirock on vuonna 2022 debytoinut minifestivaali, joka j\u00e4rjestet\u00e4\u00e4n 22. elokuuta Kirjaslammen tanssilavalla. Luvassa on j\u00e4lleen aitoa rockmeininki\u00e4 ja paikallista asennetta unohtamatta kiinnostavia vierailijoita. KIRJASLAMPIROCK 2025 ESIINTYJ\u00c4T:18:00 Zinedine &amp; Gin Tonic19:15 Repulser20:30 Terrori21:45 Nappiverkkarit x James-J23:00 Bloody Falls \u00a0 Osta 10\u20ac hintaiset ennakkoliput t\u00e4st\u00e4! Tukemassa:<\/p>","protected":false},"author":2,"featured_media":0,"parent":0,"menu_order":0,"comment_status":"closed","ping_status":"closed","template":"","meta":{"_acf_changed":false,"footnotes":""},"class_list":["post-20687","page","type-page","status-publish","hentry"],"acf":[],"_links":{"self":[{"href":"https:\/\/www.musarit.fi\/en\/wp-json\/wp\/v2\/pages\/20687","targetHints":{"allow":["GET"]}}],"collection":[{"href":"https:\/\/www.musarit.fi\/en\/wp-json\/wp\/v2\/pages"}],"about":[{"href":"https:\/\/www.musarit.fi\/en\/wp-json\/wp\/v2\/types\/page"}],"author":[{"embeddable":true,"href":"https:\/\/www.musarit.fi\/en\/wp-json\/wp\/v2\/users\/2"}],"replies":[{"embeddable":true,"href":"https:\/\/www.musarit.fi\/en\/wp-json\/wp\/v2\/comments?post=20687"}],"version-history":[{"count":5,"href":"https:\/\/www.musarit.fi\/en\/wp-json\/wp\/v2\/pages\/20687\/revisions"}],"predecessor-version":[{"id":23581,"href":"https:\/\/www.musarit.fi\/en\/wp-json\/wp\/v2\/pages\/20687\/revisions\/23581"}],"wp:attachment":[{"href":"https:\/\/www.musarit.fi\/en\/wp-json\/wp\/v2\/media?parent=20687"}],"curies":[{"name":"wp","href":"https:\/\/api.w.org\/{rel}","templated":true}]}}