{"id":19605,"date":"2024-04-24T09:18:03","date_gmt":"2024-04-24T07:18:03","guid":{"rendered":"https:\/\/www.musarit.fi\/?page_id=19605"},"modified":"2025-05-12T15:19:49","modified_gmt":"2025-05-12T13:19:49","slug":"ilmakitara","status":"publish","type":"page","link":"https:\/\/www.musarit.fi\/en\/ilmakitara\/","title":{"rendered":"Ilmakitara"},"content":{"rendered":"<div data-elementor-type=\"wp-page\" data-elementor-id=\"19605\" class=\"elementor elementor-19605\">\n\t\t\t\t\t\t<section class=\"elementor-section elementor-top-section elementor-element elementor-element-9378c3d elementor-section-boxed elementor-section-height-default elementor-section-height-default\" data-id=\"9378c3d\" data-element_type=\"section\" data-settings=\"{&quot;jet_parallax_layout_list&quot;:[]}\">\n\t\t\t\t\t\t<div class=\"elementor-container elementor-column-gap-default\">\n\t\t\t\t\t<div class=\"elementor-column elementor-col-100 elementor-top-column elementor-element elementor-element-f60bf95\" data-id=\"f60bf95\" data-element_type=\"column\">\n\t\t\t<div class=\"elementor-widget-wrap elementor-element-populated\">\n\t\t\t\t\t\t<div class=\"elementor-element elementor-element-1c0557c elementor-widget elementor-widget-image\" data-id=\"1c0557c\" data-element_type=\"widget\" data-widget_type=\"image.default\">\n\t\t\t\t<div class=\"elementor-widget-container\">\n\t\t\t\t\t\t\t\t\t\t\t\t\t\t\t<img fetchpriority=\"high\" decoding=\"async\" width=\"1024\" height=\"138\" src=\"https:\/\/www.musarit.fi\/wp-content\/uploads\/kuvat-nettisivulle-1024x138.jpg\" class=\"attachment-large size-large wp-image-19708\" alt=\"\" srcset=\"https:\/\/www.musarit.fi\/wp-content\/uploads\/kuvat-nettisivulle-1024x138.jpg 1024w, https:\/\/www.musarit.fi\/wp-content\/uploads\/kuvat-nettisivulle-300x41.jpg 300w, https:\/\/www.musarit.fi\/wp-content\/uploads\/kuvat-nettisivulle-768x104.jpg 768w, https:\/\/www.musarit.fi\/wp-content\/uploads\/kuvat-nettisivulle-1536x208.jpg 1536w, https:\/\/www.musarit.fi\/wp-content\/uploads\/kuvat-nettisivulle-18x2.jpg 18w, https:\/\/www.musarit.fi\/wp-content\/uploads\/kuvat-nettisivulle.jpg 1850w\" sizes=\"(max-width: 1024px) 100vw, 1024px\" \/>\t\t\t\t\t\t\t\t\t\t\t\t\t\t\t<\/div>\n\t\t\t\t<\/div>\n\t\t\t\t\t<\/div>\n\t\t<\/div>\n\t\t\t\t\t<\/div>\n\t\t<\/section>\n\t\t\t\t<section class=\"elementor-section elementor-top-section elementor-element elementor-element-31ac467 elementor-section-boxed elementor-section-height-default elementor-section-height-default\" data-id=\"31ac467\" data-element_type=\"section\" data-settings=\"{&quot;jet_parallax_layout_list&quot;:[]}\">\n\t\t\t\t\t\t<div class=\"elementor-container elementor-column-gap-default\">\n\t\t\t\t\t<div class=\"elementor-column elementor-col-100 elementor-top-column elementor-element elementor-element-b158b15\" data-id=\"b158b15\" data-element_type=\"column\">\n\t\t\t<div class=\"elementor-widget-wrap elementor-element-populated\">\n\t\t\t\t\t\t\t<\/div>\n\t\t<\/div>\n\t\t\t\t\t<\/div>\n\t\t<\/section>\n\t\t\t\t<section class=\"elementor-section elementor-top-section elementor-element elementor-element-ce26c8c elementor-section-boxed elementor-section-height-default elementor-section-height-default\" data-id=\"ce26c8c\" data-element_type=\"section\" data-settings=\"{&quot;jet_parallax_layout_list&quot;:[]}\">\n\t\t\t\t\t\t<div class=\"elementor-container elementor-column-gap-default\">\n\t\t\t\t\t<div class=\"elementor-column elementor-col-100 elementor-top-column elementor-element elementor-element-67b1427\" data-id=\"67b1427\" data-element_type=\"column\">\n\t\t\t<div class=\"elementor-widget-wrap\">\n\t\t\t\t\t\t\t<\/div>\n\t\t<\/div>\n\t\t\t\t\t<\/div>\n\t\t<\/section>\n\t\t\t\t<section class=\"elementor-section elementor-top-section elementor-element elementor-element-d1f983f elementor-section-boxed elementor-section-height-default elementor-section-height-default\" data-id=\"d1f983f\" data-element_type=\"section\" data-settings=\"{&quot;jet_parallax_layout_list&quot;:[]}\">\n\t\t\t\t\t\t<div class=\"elementor-container elementor-column-gap-default\">\n\t\t\t\t\t<div class=\"elementor-column elementor-col-50 elementor-top-column elementor-element elementor-element-e3e0693\" data-id=\"e3e0693\" data-element_type=\"column\">\n\t\t\t<div class=\"elementor-widget-wrap elementor-element-populated\">\n\t\t\t\t\t\t<div class=\"elementor-element elementor-element-51881a4 elementor-widget elementor-widget-heading\" data-id=\"51881a4\" data-element_type=\"widget\" data-widget_type=\"heading.default\">\n\t\t\t\t<div class=\"elementor-widget-container\">\n\t\t\t\t\t<h2 class=\"elementor-heading-title elementor-size-default\">ILMAKITARANSOITON SM-KISAT<\/h2>\t\t\t\t<\/div>\n\t\t\t\t<\/div>\n\t\t\t\t<div class=\"elementor-element elementor-element-01b948f elementor-widget-tablet__width-initial elementor-widget elementor-widget-text-editor\" data-id=\"01b948f\" data-element_type=\"widget\" data-widget_type=\"text-editor.default\">\n\t\t\t\t<div class=\"elementor-widget-container\">\n\t\t\t\t\t\t\t\t\t<h4 style=\"text-align: center;\">Ilmakitaransoiton SM-kilpailut j\u00e4rjestet\u00e4\u00e4n Valkeakoskella lauantaina 26.7.2025.\u00a0<\/h4><p style=\"text-align: center;\">Ilmakitaransoitossa kilpailijat ymp\u00e4ri maailmaa pist\u00e4v\u00e4t lavalla h\u00e4peilem\u00e4tt\u00f6m\u00e4sti parastaan n\u00e4kym\u00e4tt\u00f6mien instrumenttiensa kanssa. Maailmanrauhaa hymyss\u00e4 suin ajavasta ilmi\u00f6st\u00e4 ovat inspiroituneet niin elokuvantekij\u00e4t kuin v\u00e4it\u00f6skirjatutkijatkin. Kun soitat ilmakitaraa, et voi pidell\u00e4 asetta. Ilmakitaransoiton maailmanmestaruudesta on kilpailtu Oulussa jo vuodesta 1996. Suomen mestaruudesta kilpaillaan t\u00e4n\u00e4vuonna ensimm\u00e4ist\u00e4 kertaa!<\/p><h4 style=\"text-align: center;\">Ohjeet:<br \/>1. Valitse itsellesi esiintymishahmo ja sille sopiva tyyli<br \/>2. Valitse kappale jonka haluat esitt\u00e4\u00e4<br \/>3. Tee kappaleesta 60 sekunnin mittainen versio<br \/>4. Soita ilmakitaraa kuin viimeist\u00e4 p\u00e4iv\u00e4\u00e4<br \/>5. Voita kisa ja p\u00e4\u00e4se edustamaan Suomea MM-kisoihin\u00a020.-22.8.2025<\/h4><div style=\"text-align: center;\">Tutustu kisan s\u00e4\u00e4nt\u00f6ihin:\u00a0<a style=\"background-color: rgba(255, 255, 255, 0);\" href=\"https:\/\/airguitarworldchampionships.com\/osallistu\/ilmakitaransoiton-mm-kisojen-saannot-2\/\" target=\"_blank\" rel=\"noopener\">https:\/\/airguitarworldchampionships.com\/osallistu\/ilmakitaransoiton-mm-kisojen-saannot-2\/<\/a><\/div><div>\u00a0<\/div><p style=\"text-align: center;\"><em>Ilmakitaransoiton MM-kisat j\u00e4rjestet\u00e4\u00e4n 20.-22. elokuuta 2025 Oulussa.<span style=\"background-color: rgba(255, 255, 255, 0);\">\u00a0Ik\u00e4rajaton ja p\u00e4\u00e4symaksuton finaalispektaakkeli koetaan Rotuaarin aukiolla. Maailmanlaajuista suoraa l\u00e4hetyst\u00e4 katsellaan koko maailmassa. Kansainv\u00e4lisess\u00e4, yhteis\u00f6llisyydest\u00e4\u00e4n tunnetussa perheess\u00e4 on tilaa jokaiselle.<\/span><\/em><\/p>\t\t\t\t\t\t\t\t<\/div>\n\t\t\t\t<\/div>\n\t\t\t\t\t<\/div>\n\t\t<\/div>\n\t\t\t\t<div class=\"elementor-column elementor-col-50 elementor-top-column elementor-element elementor-element-b6b2c35\" data-id=\"b6b2c35\" data-element_type=\"column\">\n\t\t\t<div class=\"elementor-widget-wrap elementor-element-populated\">\n\t\t\t\t\t\t<div class=\"elementor-element elementor-element-991bc1e elementor-widget-tablet__width-initial elementor-widget elementor-widget-image\" data-id=\"991bc1e\" data-element_type=\"widget\" data-widget_type=\"image.default\">\n\t\t\t\t<div class=\"elementor-widget-container\">\n\t\t\t\t\t\t\t\t\t\t\t\t\t\t\t<img decoding=\"async\" width=\"1024\" height=\"683\" src=\"https:\/\/www.musarit.fi\/wp-content\/uploads\/AGWC2024_DarkHorses_Junichi_SakaiDeJun_Kamada_Roosa-MariaKauppila_009-1024x683.jpg\" class=\"attachment-large size-large wp-image-21297\" alt=\"\" srcset=\"https:\/\/www.musarit.fi\/wp-content\/uploads\/AGWC2024_DarkHorses_Junichi_SakaiDeJun_Kamada_Roosa-MariaKauppila_009-1024x683.jpg 1024w, https:\/\/www.musarit.fi\/wp-content\/uploads\/AGWC2024_DarkHorses_Junichi_SakaiDeJun_Kamada_Roosa-MariaKauppila_009-300x200.jpg 300w, https:\/\/www.musarit.fi\/wp-content\/uploads\/AGWC2024_DarkHorses_Junichi_SakaiDeJun_Kamada_Roosa-MariaKauppila_009-768x512.jpg 768w, https:\/\/www.musarit.fi\/wp-content\/uploads\/AGWC2024_DarkHorses_Junichi_SakaiDeJun_Kamada_Roosa-MariaKauppila_009-1536x1024.jpg 1536w, https:\/\/www.musarit.fi\/wp-content\/uploads\/AGWC2024_DarkHorses_Junichi_SakaiDeJun_Kamada_Roosa-MariaKauppila_009-2048x1366.jpg 2048w, https:\/\/www.musarit.fi\/wp-content\/uploads\/AGWC2024_DarkHorses_Junichi_SakaiDeJun_Kamada_Roosa-MariaKauppila_009-18x12.jpg 18w\" sizes=\"(max-width: 1024px) 100vw, 1024px\" \/>\t\t\t\t\t\t\t\t\t\t\t\t\t\t\t<\/div>\n\t\t\t\t<\/div>\n\t\t\t\t<div class=\"elementor-element elementor-element-7b430f7 elementor-widget elementor-widget-text-editor\" data-id=\"7b430f7\" data-element_type=\"widget\" data-widget_type=\"text-editor.default\">\n\t\t\t\t<div class=\"elementor-widget-container\">\n\t\t\t\t\t\t\t\t\t<h4 style=\"text-align: center;\"><a href=\"https:\/\/forms.office.com\/e\/w7DNzAbQry\">Osallistu kilpailijaksi t\u00e4st\u00e4<\/a><\/h4>\t\t\t\t\t\t\t\t<\/div>\n\t\t\t\t<\/div>\n\t\t\t\t\t<\/div>\n\t\t<\/div>\n\t\t\t\t\t<\/div>\n\t\t<\/section>\n\t\t\t\t<section class=\"elementor-section elementor-top-section elementor-element elementor-element-e7ec294 elementor-section-boxed elementor-section-height-default elementor-section-height-default\" data-id=\"e7ec294\" data-element_type=\"section\" data-settings=\"{&quot;jet_parallax_layout_list&quot;:[]}\">\n\t\t\t\t\t\t<div class=\"elementor-container elementor-column-gap-default\">\n\t\t\t\t\t<div class=\"elementor-column elementor-col-100 elementor-top-column elementor-element elementor-element-57019fc\" data-id=\"57019fc\" data-element_type=\"column\">\n\t\t\t<div class=\"elementor-widget-wrap\">\n\t\t\t\t\t\t\t<\/div>\n\t\t<\/div>\n\t\t\t\t\t<\/div>\n\t\t<\/section>\n\t\t\t\t<section class=\"elementor-section elementor-top-section elementor-element elementor-element-5294ddf elementor-section-boxed elementor-section-height-default elementor-section-height-default\" data-id=\"5294ddf\" data-element_type=\"section\" data-settings=\"{&quot;jet_parallax_layout_list&quot;:[]}\">\n\t\t\t\t\t\t<div class=\"elementor-container elementor-column-gap-default\">\n\t\t\t\t\t<div class=\"elementor-column elementor-col-100 elementor-top-column elementor-element elementor-element-c1a2811\" data-id=\"c1a2811\" data-element_type=\"column\">\n\t\t\t<div class=\"elementor-widget-wrap elementor-element-populated\">\n\t\t\t\t<!-- dce invisible element 8aeb136 -->\t\t\t<\/div>\n\t\t<\/div>\n\t\t\t\t\t<\/div>\n\t\t<\/section>\n\t\t\t\t<section class=\"elementor-section elementor-top-section elementor-element elementor-element-da7e0a2 elementor-section-boxed elementor-section-height-default elementor-section-height-default\" data-id=\"da7e0a2\" data-element_type=\"section\" data-settings=\"{&quot;jet_parallax_layout_list&quot;:[]}\">\n\t\t\t\t\t\t<div class=\"elementor-container elementor-column-gap-default\">\n\t\t\t\t\t<div class=\"elementor-column elementor-col-100 elementor-top-column elementor-element elementor-element-ab80b27\" data-id=\"ab80b27\" data-element_type=\"column\">\n\t\t\t<div class=\"elementor-widget-wrap\">\n\t\t\t\t\t\t\t<\/div>\n\t\t<\/div>\n\t\t\t\t\t<\/div>\n\t\t<\/section>\n\t\t\t\t<\/div>","protected":false},"excerpt":{"rendered":"<p>ILMAKITARANSOITON SM-KISAT Ilmakitaransoiton SM-kilpailut j\u00e4rjestet\u00e4\u00e4n Valkeakoskella lauantaina 26.7.2025.\u00a0 Ilmakitaransoitossa kilpailijat ymp\u00e4ri maailmaa pist\u00e4v\u00e4t lavalla h\u00e4peilem\u00e4tt\u00f6m\u00e4sti parastaan n\u00e4kym\u00e4tt\u00f6mien instrumenttiensa kanssa. Maailmanrauhaa hymyss\u00e4 suin ajavasta ilmi\u00f6st\u00e4 ovat inspiroituneet niin elokuvantekij\u00e4t kuin v\u00e4it\u00f6skirjatutkijatkin. Kun soitat ilmakitaraa, et voi pidell\u00e4 asetta. Ilmakitaransoiton maailmanmestaruudesta on kilpailtu Oulussa jo vuodesta 1996. Suomen mestaruudesta kilpaillaan t\u00e4n\u00e4vuonna ensimm\u00e4ist\u00e4 kertaa! Ohjeet:1. Valitse itsellesi esiintymishahmo [&hellip;]<\/p>","protected":false},"author":2,"featured_media":0,"parent":0,"menu_order":0,"comment_status":"closed","ping_status":"closed","template":"","meta":{"_acf_changed":false,"footnotes":""},"class_list":["post-19605","page","type-page","status-publish","hentry"],"acf":[],"_links":{"self":[{"href":"https:\/\/www.musarit.fi\/en\/wp-json\/wp\/v2\/pages\/19605","targetHints":{"allow":["GET"]}}],"collection":[{"href":"https:\/\/www.musarit.fi\/en\/wp-json\/wp\/v2\/pages"}],"about":[{"href":"https:\/\/www.musarit.fi\/en\/wp-json\/wp\/v2\/types\/page"}],"author":[{"embeddable":true,"href":"https:\/\/www.musarit.fi\/en\/wp-json\/wp\/v2\/users\/2"}],"replies":[{"embeddable":true,"href":"https:\/\/www.musarit.fi\/en\/wp-json\/wp\/v2\/comments?post=19605"}],"version-history":[{"count":6,"href":"https:\/\/www.musarit.fi\/en\/wp-json\/wp\/v2\/pages\/19605\/revisions"}],"predecessor-version":[{"id":21644,"href":"https:\/\/www.musarit.fi\/en\/wp-json\/wp\/v2\/pages\/19605\/revisions\/21644"}],"wp:attachment":[{"href":"https:\/\/www.musarit.fi\/en\/wp-json\/wp\/v2\/media?parent=19605"}],"curies":[{"name":"wp","href":"https:\/\/api.w.org\/{rel}","templated":true}]}}