{"id":16833,"date":"2023-03-17T18:35:58","date_gmt":"2023-03-17T16:35:58","guid":{"rendered":"https:\/\/www.musarit.fi\/?page_id=16833"},"modified":"2026-03-10T14:28:59","modified_gmt":"2026-03-10T12:28:59","slug":"laulukilpailu","status":"publish","type":"page","link":"https:\/\/www.musarit.fi\/en\/laulukilpailu\/","title":{"rendered":"Uusi Ty\u00f6v\u00e4enlaulu \u2013 s\u00e4vellys- ja sanoituskilpailu"},"content":{"rendered":"<div data-elementor-type=\"wp-page\" data-elementor-id=\"16833\" class=\"elementor elementor-16833\">\n\t\t\t\t\t\t<section class=\"elementor-section elementor-top-section elementor-element elementor-element-0cb4550 elementor-section-full_width elementor-section-height-default elementor-section-height-default\" data-id=\"0cb4550\" data-element_type=\"section\" data-settings=\"{&quot;jet_parallax_layout_list&quot;:[]}\">\n\t\t\t\t\t\t<div class=\"elementor-container elementor-column-gap-default\">\n\t\t\t\t\t<div class=\"elementor-column elementor-col-100 elementor-top-column elementor-element elementor-element-061263f\" data-id=\"061263f\" data-element_type=\"column\" data-settings=\"{&quot;background_background&quot;:&quot;classic&quot;}\">\n\t\t\t<div class=\"elementor-widget-wrap elementor-element-populated\">\n\t\t\t\t\t<div class=\"elementor-background-overlay\"><\/div>\n\t\t\t\t\t\t<div class=\"elementor-element elementor-element-f0f344a elementor-widget elementor-widget-heading\" data-id=\"f0f344a\" data-element_type=\"widget\" data-widget_type=\"heading.default\">\n\t\t\t\t<div class=\"elementor-widget-container\">\n\t\t\t\t\t<h2 class=\"elementor-heading-title elementor-size-default\">Uusi Ty\u00f6v\u00e4enlaulu \u2013 s\u00e4vellys- ja sanoituskilpailu<\/h2>\t\t\t\t<\/div>\n\t\t\t\t<\/div>\n\t\t\t\t<div class=\"elementor-element elementor-element-ddbfde6 elementor-hidden-mobile elementor-widget-divider--view-line elementor-widget elementor-widget-divider\" data-id=\"ddbfde6\" data-element_type=\"widget\" data-widget_type=\"divider.default\">\n\t\t\t\t<div class=\"elementor-widget-container\">\n\t\t\t\t\t\t\t<div class=\"elementor-divider\">\n\t\t\t<span class=\"elementor-divider-separator\">\n\t\t\t\t\t\t<\/span>\n\t\t<\/div>\n\t\t\t\t\t\t<\/div>\n\t\t\t\t<\/div>\n\t\t\t\t\t<\/div>\n\t\t<\/div>\n\t\t\t\t\t<\/div>\n\t\t<\/section>\n\t\t\t\t<section class=\"elementor-section elementor-top-section elementor-element elementor-element-7f68c38 elementor-section-boxed elementor-section-height-default elementor-section-height-default\" data-id=\"7f68c38\" data-element_type=\"section\" data-settings=\"{&quot;jet_parallax_layout_list&quot;:[{&quot;_id&quot;:&quot;41f6219&quot;,&quot;jet_parallax_layout_image&quot;:{&quot;url&quot;:&quot;&quot;,&quot;id&quot;:&quot;&quot;,&quot;size&quot;:&quot;&quot;},&quot;jet_parallax_layout_image_tablet&quot;:{&quot;url&quot;:&quot;&quot;,&quot;id&quot;:&quot;&quot;,&quot;size&quot;:&quot;&quot;},&quot;jet_parallax_layout_image_mobile&quot;:{&quot;url&quot;:&quot;&quot;,&quot;id&quot;:&quot;&quot;,&quot;size&quot;:&quot;&quot;},&quot;jet_parallax_layout_speed&quot;:{&quot;unit&quot;:&quot;%&quot;,&quot;size&quot;:50,&quot;sizes&quot;:[]},&quot;jet_parallax_layout_type&quot;:&quot;scroll&quot;,&quot;jet_parallax_layout_direction&quot;:null,&quot;jet_parallax_layout_fx_direction&quot;:null,&quot;jet_parallax_layout_z_index&quot;:&quot;&quot;,&quot;jet_parallax_layout_bg_x&quot;:50,&quot;jet_parallax_layout_bg_x_tablet&quot;:&quot;&quot;,&quot;jet_parallax_layout_bg_x_mobile&quot;:&quot;&quot;,&quot;jet_parallax_layout_bg_y&quot;:50,&quot;jet_parallax_layout_bg_y_tablet&quot;:&quot;&quot;,&quot;jet_parallax_layout_bg_y_mobile&quot;:&quot;&quot;,&quot;jet_parallax_layout_bg_size&quot;:&quot;auto&quot;,&quot;jet_parallax_layout_bg_size_tablet&quot;:&quot;&quot;,&quot;jet_parallax_layout_bg_size_mobile&quot;:&quot;&quot;,&quot;jet_parallax_layout_animation_prop&quot;:&quot;transform&quot;,&quot;jet_parallax_layout_on&quot;:[&quot;desktop&quot;,&quot;tablet&quot;]}]}\">\n\t\t\t\t\t\t<div class=\"elementor-container elementor-column-gap-default\">\n\t\t\t\t\t<div class=\"elementor-column elementor-col-100 elementor-top-column elementor-element elementor-element-0602798\" data-id=\"0602798\" data-element_type=\"column\">\n\t\t\t<div class=\"elementor-widget-wrap elementor-element-populated\">\n\t\t\t\t<!-- dce invisible element 453c363 -->\t\t\t<\/div>\n\t\t<\/div>\n\t\t\t\t\t<\/div>\n\t\t<\/section>\n\t\t\t\t<section class=\"elementor-section elementor-top-section elementor-element elementor-element-5609aa1 elementor-section-boxed elementor-section-height-default elementor-section-height-default\" data-id=\"5609aa1\" data-element_type=\"section\" data-settings=\"{&quot;jet_parallax_layout_list&quot;:[]}\">\n\t\t\t\t\t\t<div class=\"elementor-container elementor-column-gap-default\">\n\t\t\t\t\t<div class=\"elementor-column elementor-col-100 elementor-top-column elementor-element elementor-element-6ceff11\" data-id=\"6ceff11\" data-element_type=\"column\">\n\t\t\t<div class=\"elementor-widget-wrap elementor-element-populated\">\n\t\t\t\t\t\t<div class=\"elementor-element elementor-element-773c5be elementor-widget elementor-widget-image\" data-id=\"773c5be\" data-element_type=\"widget\" data-widget_type=\"image.default\">\n\t\t\t\t<div class=\"elementor-widget-container\">\n\t\t\t\t\t\t\t\t\t\t\t\t\t\t\t<img decoding=\"async\" src=\"https:\/\/www.musarit.fi\/wp-content\/uploads\/elementor\/thumbs\/SAVELLYS-JA-SANOITUSKILPAILU-r2u61yfy1om2lp34gkrsgjjpztnbs49hf3dpjvxpww.png\" title=\"S\u00c4VELLYS- JA SANOITUSKILPAILU\" alt=\"S\u00c4VELLYS- JA SANOITUSKILPAILU\" loading=\"lazy\" \/>\t\t\t\t\t\t\t\t\t\t\t\t\t\t\t<\/div>\n\t\t\t\t<\/div>\n\t\t\t\t<div class=\"elementor-element elementor-element-a67e6ac elementor-widget elementor-widget-text-editor\" data-id=\"a67e6ac\" data-element_type=\"widget\" data-widget_type=\"text-editor.default\">\n\t\t\t\t<div class=\"elementor-widget-container\">\n\t\t\t\t\t\t\t\t\t<h3 style=\"text-align: center;\">Kilpailuaika on p\u00e4\u00e4ttynyt.<\/h3><h3 style=\"text-align: center;\">T\u00e4n\u00e4 vuonna saimme mahtavan m\u00e4\u00e4r\u00e4n osallistujia sek\u00e4 163 uutta rauhanlaulua!<\/h3><p>\u00a0<\/p><h3 style=\"text-align: center;\"><strong><em>Vuoden 2025 Voittaja kappaleet ovat:<\/em><\/strong><\/h3><h3 style=\"text-align: center;\"><strong><em>Annika Pudas &amp; la haka &#8211; Jos \u00e4idit johtais maailmaa<\/em><\/strong><\/h3><h3 style=\"text-align: center;\"><strong><em>Tikli &#8211; Aurinko on kaikkien<\/em><\/strong><\/h3><h3 style=\"text-align: center;\"><strong><em>James-J &amp; N\u00e4rin Said &#8211; Rauhaa rakastaa<\/em><\/strong><\/h3>\t\t\t\t\t\t\t\t<\/div>\n\t\t\t\t<\/div>\n\t\t\t\t\t<\/div>\n\t\t<\/div>\n\t\t\t\t\t<\/div>\n\t\t<\/section>\n\t\t\t\t<section class=\"elementor-section elementor-top-section elementor-element elementor-element-861929d elementor-section-boxed elementor-section-height-default elementor-section-height-default\" data-id=\"861929d\" data-element_type=\"section\" data-settings=\"{&quot;jet_parallax_layout_list&quot;:[],&quot;background_background&quot;:&quot;classic&quot;}\">\n\t\t\t\t\t\t\t<div class=\"elementor-background-overlay\"><\/div>\n\t\t\t\t\t\t\t<div class=\"elementor-container elementor-column-gap-default\">\n\t\t\t\t\t<div class=\"elementor-column elementor-col-100 elementor-top-column elementor-element elementor-element-258db4e\" data-id=\"258db4e\" data-element_type=\"column\">\n\t\t\t<div class=\"elementor-widget-wrap elementor-element-populated\">\n\t\t\t\t<!-- dce invisible element d63e26f --><!-- dce invisible element f29a9c4 -->\t\t<div class=\"elementor-element elementor-element-d24d275 elementor-widget elementor-widget-text-editor\" data-id=\"d24d275\" data-element_type=\"widget\" data-widget_type=\"text-editor.default\">\n\t\t\t\t<div class=\"elementor-widget-container\">\n\t\t\t\t\t\t\t\t\t<h3 style=\"padding-bottom: 10px;\"><strong>LIS\u00c4TIEDOT &amp; TIEDUSTELUT<\/strong><\/h3><p><strong>Laura Impola ja Niklas Koivuniemi<\/strong><br \/>040 525 7176<br \/>tuotanto(a)musarit.fi<\/p>\t\t\t\t\t\t\t\t<\/div>\n\t\t\t\t<\/div>\n\t\t\t\t\t<\/div>\n\t\t<\/div>\n\t\t\t\t\t<\/div>\n\t\t<\/section>\n\t\t\t\t<\/div>","protected":false},"excerpt":{"rendered":"<p>Uusi Ty\u00f6v\u00e4enlaulu \u2013 s\u00e4vellys- ja sanoituskilpailu Uusi Ty\u00f6v\u00e4enlaulu \u2013 s\u00e4vellys- ja sanoituskilpailu\u202fetsii uusia rauhanlauluja&nbsp; Kilpailuaika on p\u00e4\u00e4ttynyt. T\u00e4n\u00e4 vuonna saimme mahtavan m\u00e4\u00e4r\u00e4n osallistujia sek\u00e4 163 uutta rauhanlaulua! \u00a0 Vuoden 2025 Voittaja kappaleet ovat: Annika Pudas &amp; la haka &#8211; Jos \u00e4idit johtais maailmaa Tikli &#8211; Aurinko on kaikkien James-J &amp; N\u00e4rin Said &#8211; Rauhaa rakastaa [&hellip;]<\/p>","protected":false},"author":2,"featured_media":0,"parent":0,"menu_order":0,"comment_status":"closed","ping_status":"closed","template":"elementor_header_footer","meta":{"_acf_changed":false,"footnotes":""},"class_list":["post-16833","page","type-page","status-publish","hentry"],"acf":[],"_links":{"self":[{"href":"https:\/\/www.musarit.fi\/en\/wp-json\/wp\/v2\/pages\/16833","targetHints":{"allow":["GET"]}}],"collection":[{"href":"https:\/\/www.musarit.fi\/en\/wp-json\/wp\/v2\/pages"}],"about":[{"href":"https:\/\/www.musarit.fi\/en\/wp-json\/wp\/v2\/types\/page"}],"author":[{"embeddable":true,"href":"https:\/\/www.musarit.fi\/en\/wp-json\/wp\/v2\/users\/2"}],"replies":[{"embeddable":true,"href":"https:\/\/www.musarit.fi\/en\/wp-json\/wp\/v2\/comments?post=16833"}],"version-history":[{"count":5,"href":"https:\/\/www.musarit.fi\/en\/wp-json\/wp\/v2\/pages\/16833\/revisions"}],"predecessor-version":[{"id":23170,"href":"https:\/\/www.musarit.fi\/en\/wp-json\/wp\/v2\/pages\/16833\/revisions\/23170"}],"wp:attachment":[{"href":"https:\/\/www.musarit.fi\/en\/wp-json\/wp\/v2\/media?parent=16833"}],"curies":[{"name":"wp","href":"https:\/\/api.w.org\/{rel}","templated":true}]}}