{"id":16232,"date":"2023-02-28T11:12:49","date_gmt":"2023-02-28T09:12:49","guid":{"rendered":"https:\/\/www.musarit.fi\/?page_id=16232"},"modified":"2026-03-10T15:10:05","modified_gmt":"2026-03-10T13:10:05","slug":"talkoolainen","status":"publish","type":"page","link":"https:\/\/www.musarit.fi\/en\/talkoolainen\/","title":{"rendered":"Talkoolainen"},"content":{"rendered":"<div data-elementor-type=\"wp-page\" data-elementor-id=\"16232\" class=\"elementor elementor-16232\">\n\t\t\t\t\t\t<section class=\"elementor-section elementor-top-section elementor-element elementor-element-31e23e8 elementor-section-full_width elementor-section-height-default elementor-section-height-default\" data-id=\"31e23e8\" data-element_type=\"section\" data-settings=\"{&quot;jet_parallax_layout_list&quot;:[]}\">\n\t\t\t\t\t\t\t<div class=\"elementor-background-overlay\"><\/div>\n\t\t\t\t\t\t\t<div class=\"elementor-container elementor-column-gap-default\">\n\t\t\t\t\t<div class=\"elementor-column elementor-col-100 elementor-top-column elementor-element elementor-element-a35e587\" data-id=\"a35e587\" data-element_type=\"column\" data-settings=\"{&quot;background_background&quot;:&quot;gradient&quot;}\">\n\t\t\t<div class=\"elementor-widget-wrap elementor-element-populated\">\n\t\t\t\t\t<div class=\"elementor-background-overlay\"><\/div>\n\t\t\t\t\t\t<div class=\"elementor-element elementor-element-edbe856 elementor-widget elementor-widget-text-editor\" data-id=\"edbe856\" data-element_type=\"widget\" data-widget_type=\"text-editor.default\">\n\t\t\t\t<div class=\"elementor-widget-container\">\n\t\t\t\t\t\t\t\t\t<p style=\"text-align: center;\">In English below the page.<\/p>\t\t\t\t\t\t\t\t<\/div>\n\t\t\t\t<\/div>\n\t\t\t\t<div class=\"elementor-element elementor-element-73a5e86 elementor-widget elementor-widget-heading\" data-id=\"73a5e86\" data-element_type=\"widget\" data-widget_type=\"heading.default\">\n\t\t\t\t<div class=\"elementor-widget-container\">\n\t\t\t\t\t<h2 class=\"elementor-heading-title elementor-size-default\">VOLUNTEERING<\/h2>\t\t\t\t<\/div>\n\t\t\t\t<\/div>\n\t\t\t\t<div class=\"elementor-element elementor-element-650f101 elementor-widget-divider--view-line elementor-widget elementor-widget-divider\" data-id=\"650f101\" data-element_type=\"widget\" data-widget_type=\"divider.default\">\n\t\t\t\t<div class=\"elementor-widget-container\">\n\t\t\t\t\t\t\t<div class=\"elementor-divider\">\n\t\t\t<span class=\"elementor-divider-separator\">\n\t\t\t\t\t\t<\/span>\n\t\t<\/div>\n\t\t\t\t\t\t<\/div>\n\t\t\t\t<\/div>\n\t\t\t\t<div class=\"elementor-element elementor-element-627ebdf elementor-align-center elementor-mobile-align-center elementor-widget elementor-widget-button\" data-id=\"627ebdf\" data-element_type=\"widget\" data-widget_type=\"button.default\">\n\t\t\t\t<div class=\"elementor-widget-container\">\n\t\t\t\t\t\t\t\t\t<div class=\"elementor-button-wrapper\">\n\t\t\t\t\t<a class=\"elementor-button elementor-button-link elementor-size-lg\" href=\"https:\/\/forms.gle\/RngM1uvfsLTygHBr9\" target=\"_blank\">\n\t\t\t\t\t\t<span class=\"elementor-button-content-wrapper\">\n\t\t\t\t\t\t\t\t\t<span class=\"elementor-button-text\">SIGN UP AS A VOLUNTEER HERE<\/span>\n\t\t\t\t\t<\/span>\n\t\t\t\t\t<\/a>\n\t\t\t\t<\/div>\n\t\t\t\t\t\t\t\t<\/div>\n\t\t\t\t<\/div>\n\t\t\t\t<div class=\"elementor-element elementor-element-f5e775d elementor-widget elementor-widget-text-editor\" data-id=\"f5e775d\" data-element_type=\"widget\" data-widget_type=\"text-editor.default\">\n\t\t\t\t<div class=\"elementor-widget-container\">\n\t\t\t\t\t\t\t\t\t<p style=\"text-align: center;\"><b>T\u00e4lt\u00e4 sivulta l\u00f6yd\u00e4t tietoa Musareiden talkoolaisuudesta<br \/><\/b><\/p>\t\t\t\t\t\t\t\t<\/div>\n\t\t\t\t<\/div>\n\t\t\t\t\t<\/div>\n\t\t<\/div>\n\t\t\t\t\t<\/div>\n\t\t<\/section>\n\t\t\t\t<section class=\"elementor-section elementor-top-section elementor-element elementor-element-701e955 elementor-section-boxed elementor-section-height-default elementor-section-height-default\" data-id=\"701e955\" data-element_type=\"section\" data-settings=\"{&quot;jet_parallax_layout_list&quot;:[]}\">\n\t\t\t\t\t\t<div class=\"elementor-container elementor-column-gap-default\">\n\t\t\t\t\t<div class=\"elementor-column elementor-col-100 elementor-top-column elementor-element elementor-element-b1289d3\" data-id=\"b1289d3\" data-element_type=\"column\">\n\t\t\t<div class=\"elementor-widget-wrap\">\n\t\t\t\t\t\t\t<\/div>\n\t\t<\/div>\n\t\t\t\t\t<\/div>\n\t\t<\/section>\n\t\t\t\t<section class=\"elementor-section elementor-top-section elementor-element elementor-element-468b888 elementor-section-boxed elementor-section-height-default elementor-section-height-default\" data-id=\"468b888\" data-element_type=\"section\" data-settings=\"{&quot;jet_parallax_layout_list&quot;:[]}\">\n\t\t\t\t\t\t<div class=\"elementor-container elementor-column-gap-default\">\n\t\t\t\t\t<div class=\"elementor-column elementor-col-33 elementor-top-column elementor-element elementor-element-f46ab31\" data-id=\"f46ab31\" data-element_type=\"column\">\n\t\t\t<div class=\"elementor-widget-wrap elementor-element-populated\">\n\t\t\t\t\t\t<div class=\"elementor-element elementor-element-e8de3f3 elementor-widget-tablet__width-initial elementor-widget elementor-widget-image\" data-id=\"e8de3f3\" data-element_type=\"widget\" data-widget_type=\"image.default\">\n\t\t\t\t<div class=\"elementor-widget-container\">\n\t\t\t\t\t\t\t\t\t\t\t\t<figure class=\"wp-caption\">\n\t\t\t\t\t\t\t\t\t\t<img fetchpriority=\"high\" decoding=\"async\" width=\"768\" height=\"723\" src=\"https:\/\/www.musarit.fi\/wp-content\/uploads\/DSC2186-scaled-e1677574220794-768x723.jpg\" class=\"attachment-medium_large size-medium_large wp-image-16240\" alt=\"\" srcset=\"https:\/\/www.musarit.fi\/wp-content\/uploads\/DSC2186-scaled-e1677574220794-768x723.jpg 768w, https:\/\/www.musarit.fi\/wp-content\/uploads\/DSC2186-scaled-e1677574220794-300x282.jpg 300w, https:\/\/www.musarit.fi\/wp-content\/uploads\/DSC2186-scaled-e1677574220794-1024x963.jpg 1024w, https:\/\/www.musarit.fi\/wp-content\/uploads\/DSC2186-scaled-e1677574220794-1536x1445.jpg 1536w, https:\/\/www.musarit.fi\/wp-content\/uploads\/DSC2186-scaled-e1677574220794-13x12.jpg 13w, https:\/\/www.musarit.fi\/wp-content\/uploads\/DSC2186-scaled-e1677574220794.jpg 1707w\" sizes=\"(max-width: 768px) 100vw, 768px\" \/>\t\t\t\t\t\t\t\t\t\t\t<figcaption class=\"widget-image-caption wp-caption-text\">Talkoolaiset vahtimassa huoltoporttia<\/figcaption>\n\t\t\t\t\t\t\t\t\t\t<\/figure>\n\t\t\t\t\t\t\t\t\t<\/div>\n\t\t\t\t<\/div>\n\t\t\t\t\t<\/div>\n\t\t<\/div>\n\t\t\t\t<div class=\"elementor-column elementor-col-66 elementor-top-column elementor-element elementor-element-a334f8e\" data-id=\"a334f8e\" data-element_type=\"column\">\n\t\t\t<div class=\"elementor-widget-wrap elementor-element-populated\">\n\t\t\t\t\t\t<div class=\"elementor-element elementor-element-3e7f73c elementor-widget-tablet__width-initial elementor-widget elementor-widget-text-editor\" data-id=\"3e7f73c\" data-element_type=\"widget\" data-widget_type=\"text-editor.default\">\n\t\t\t\t<div class=\"elementor-widget-container\">\n\t\t\t\t\t\t\t\t\t<p><strong>Join Workers' Music Festivals happy volunteering group! We offer a variety of duties where everyone can find the most suitable one for them.<\/strong><\/p><p>Fill volunteering form\u00a0<a href=\"https:\/\/forms.gle\/RngM1uvfsLTygHBr9\" target=\"_blank\" rel=\"noopener\"><strong>here<\/strong><\/a>\u00a0and we will contact you during spring time.\u00a0<strong>Thank you in advance!<\/strong><\/p><p>&#8212;<\/p><ul><li>Volunteers commit to minimum of two shifts (\u00e1 ~6-8h, depending on the duty)<\/li><li>Volunteering is a choice to help the community and thus it is unpaid work.<\/li><li>By choosing to volunteer you will get a \"volunteer pass\" that lets you around the festival area freely during each day.<\/li><li>Every workday we serve breakfast, lunch and dinner at the volunteers canteen. Coffee, tea, water and small snacks are available in the break room during the festival.<\/li><li>Every volunteer also gets a festival t-shirt.<\/li><li>Mattress accommodation is available at Tietola school for those who have to travel to become a volunteer.<\/li><li>On Sunday we hold a thank you party for every volunteer.<\/li><li>You may ask for work certificate after the event from festival office.<\/li><\/ul><p><strong>\u00a0<\/strong><\/p>\t\t\t\t\t\t\t\t<\/div>\n\t\t\t\t<\/div>\n\t\t\t\t\t<\/div>\n\t\t<\/div>\n\t\t\t\t\t<\/div>\n\t\t<\/section>\n\t\t\t\t<section class=\"elementor-section elementor-top-section elementor-element elementor-element-001b175 elementor-section-boxed elementor-section-height-default elementor-section-height-default\" data-id=\"001b175\" data-element_type=\"section\" data-settings=\"{&quot;jet_parallax_layout_list&quot;:[]}\">\n\t\t\t\t\t\t<div class=\"elementor-container elementor-column-gap-default\">\n\t\t\t\t\t<div class=\"elementor-column elementor-col-100 elementor-top-column elementor-element elementor-element-003fdf1\" data-id=\"003fdf1\" data-element_type=\"column\">\n\t\t\t<div class=\"elementor-widget-wrap elementor-element-populated\">\n\t\t\t\t\t\t<div class=\"elementor-element elementor-element-a1be324 elementor-widget elementor-widget-heading\" data-id=\"a1be324\" data-element_type=\"widget\" data-widget_type=\"heading.default\">\n\t\t\t\t<div class=\"elementor-widget-container\">\n\t\t\t\t\t<h2 class=\"elementor-heading-title elementor-size-default\">Talkooteht\u00e4v\u00e4t<\/h2>\t\t\t\t<\/div>\n\t\t\t\t<\/div>\n\t\t\t\t\t<\/div>\n\t\t<\/div>\n\t\t\t\t\t<\/div>\n\t\t<\/section>\n\t\t\t\t<section class=\"elementor-section elementor-top-section elementor-element elementor-element-63ddfe3 elementor-section-boxed elementor-section-height-default elementor-section-height-default\" data-id=\"63ddfe3\" data-element_type=\"section\" data-settings=\"{&quot;jet_parallax_layout_list&quot;:[]}\">\n\t\t\t\t\t\t<div class=\"elementor-container elementor-column-gap-default\">\n\t\t\t\t\t<div class=\"elementor-column elementor-col-25 elementor-top-column elementor-element elementor-element-58caae8\" data-id=\"58caae8\" data-element_type=\"column\">\n\t\t\t<div class=\"elementor-widget-wrap\">\n\t\t\t\t\t\t\t<\/div>\n\t\t<\/div>\n\t\t\t\t<div class=\"elementor-column elementor-col-50 elementor-top-column elementor-element elementor-element-cccceb3\" data-id=\"cccceb3\" data-element_type=\"column\">\n\t\t\t<div class=\"elementor-widget-wrap elementor-element-populated\">\n\t\t\t\t\t\t<div class=\"elementor-element elementor-element-8bf1c1a elementor-widget elementor-widget-text-editor\" data-id=\"8bf1c1a\" data-element_type=\"widget\" data-widget_type=\"text-editor.default\">\n\t\t\t\t<div class=\"elementor-widget-container\">\n\t\t\t\t\t\t\t\t\t<p><strong>Volunteers are needed for a variety of duties before, during and after the festival.<\/strong><\/p><p><strong>STAGE HAND:<\/strong>\u00a0<br \/>Lets help the artist! Stage hands ensure that performances are running smoothly by helping the artists setting up in accordance to the provided information and technical riders (carrying equipment on and off stage). Stage hands are also expected to help move other items and equipment during the festival. This duty requires readiness for physical work.<\/p><p><strong>CLEANUP AND RECYCLING:<\/strong>\u00a0<br \/>Cleaning crew ensures that the festival area and areas in the immediate vicinity are clean and toilets are in working order. We require fearless and flexible attitude.<\/p><p><strong>DECORATION:<\/strong>\u00a0<br \/>On decoration team you can let your creative side free. Decorations are needed everywhere from Salakapakka restaurant to backstage. Duties begin before the festival and continue after it ends.<\/p><p><strong>BARTENDING (K18):<\/strong>\u00a0<br \/>Duties include customer service, bartending and selling food, stock replenishing and other restaurant tasks. Shifts are mainly in the evening during the festival hours but there are available shifts starting in the morning. Bartending does not require hygiene pass or serving license but we require that you are over 18 years old. Customer service and sales skills are expected as well as teamwork and flexibility.<\/p><p><strong>CATERING:<\/strong>\u00a0<br \/>Catering service ensures that volunteers are offered food and refreshments during the festival. This duty is very important because full stomach keeps the spirits high. Hygiene pass is not required, but it doesn't hurt. Most important thing is to keep the food on the table and places clean. Duty shifts are mainly during the festival hours.<\/p><p><strong>TICKET SALES:<\/strong>\u00a0<br \/>In this task you get to interact with customers and show your positive and cheery customer service attitude. You will have to use cash register (guidance will be provided) and handle cash. We require good customer service skills, patience and diligence.<\/p><p><strong>CONSTRUCTION AND DECONSTRUCTION:<\/strong>\u00a0Duties include constructing and deconstructing the festival's structures (tents, fences, stages), as well as hanging signs and banderoles. You don't need to be construction worker or builder but the tasks are physically demanding. Work is done before, during and after the festival.<\/p><p><strong>EVENT SECURITY:<br \/><\/strong>Event security includes maintaining safety and guiding and controlling customers. Work is done during the event. We require security steward license, customer service skills and flexibility.<\/p><p><strong>OTHER CUSTOMER SERVICE (E.G. INFO, TRAFFIC CONTROL, BICYCLE PARKING ETC.):<\/strong>\u00a0<br \/>There are many tasks you will be guided to do as needed in the festival area, for example customer satisfaction surveys.<\/p><p>We require customer service and teamwork skills and flexible attitude as with other customer service tasks. Smiling is recommended.<\/p><p><strong>PHOTOGRAPHY:\u00a0<br \/><\/strong>Task includes photographing and filming the festival area, artists, crowds and volunteers. Photographers use their own equipment. We require photography experience.<\/p>\t\t\t\t\t\t\t\t<\/div>\n\t\t\t\t<\/div>\n\t\t\t\t\t<\/div>\n\t\t<\/div>\n\t\t\t\t<div class=\"elementor-column elementor-col-25 elementor-top-column elementor-element elementor-element-6d2a935\" data-id=\"6d2a935\" data-element_type=\"column\">\n\t\t\t<div class=\"elementor-widget-wrap\">\n\t\t\t\t\t\t\t<\/div>\n\t\t<\/div>\n\t\t\t\t\t<\/div>\n\t\t<\/section>\n\t\t\t\t<section class=\"elementor-section elementor-top-section elementor-element elementor-element-bbdb569 elementor-section-boxed elementor-section-height-default elementor-section-height-default\" data-id=\"bbdb569\" data-element_type=\"section\" data-settings=\"{&quot;jet_parallax_layout_list&quot;:[]}\">\n\t\t\t\t\t\t<div class=\"elementor-container elementor-column-gap-default\">\n\t\t\t\t\t<div class=\"elementor-column elementor-col-25 elementor-top-column elementor-element elementor-element-6444bb5\" data-id=\"6444bb5\" data-element_type=\"column\">\n\t\t\t<div class=\"elementor-widget-wrap\">\n\t\t\t\t\t\t\t<\/div>\n\t\t<\/div>\n\t\t\t\t<div class=\"elementor-column elementor-col-50 elementor-top-column elementor-element elementor-element-6c78007\" data-id=\"6c78007\" data-element_type=\"column\">\n\t\t\t<div class=\"elementor-widget-wrap elementor-element-populated\">\n\t\t\t\t\t\t<div class=\"elementor-element elementor-element-6801a8b elementor-widget elementor-widget-heading\" data-id=\"6801a8b\" data-element_type=\"widget\" data-widget_type=\"heading.default\">\n\t\t\t\t<div class=\"elementor-widget-container\">\n\t\t\t\t\t<h2 class=\"elementor-heading-title elementor-size-default\">Voluntary work at Workers Music Festival<\/h2>\t\t\t\t<\/div>\n\t\t\t\t<\/div>\n\t\t\t\t\t<\/div>\n\t\t<\/div>\n\t\t\t\t<div class=\"elementor-column elementor-col-25 elementor-top-column elementor-element elementor-element-4a0f019\" data-id=\"4a0f019\" data-element_type=\"column\">\n\t\t\t<div class=\"elementor-widget-wrap\">\n\t\t\t\t\t\t\t<\/div>\n\t\t<\/div>\n\t\t\t\t\t<\/div>\n\t\t<\/section>\n\t\t\t\t<section class=\"elementor-section elementor-top-section elementor-element elementor-element-9731487 elementor-section-boxed elementor-section-height-default elementor-section-height-default\" data-id=\"9731487\" data-element_type=\"section\" data-settings=\"{&quot;jet_parallax_layout_list&quot;:[]}\">\n\t\t\t\t\t\t<div class=\"elementor-container elementor-column-gap-default\">\n\t\t\t\t\t<div class=\"elementor-column elementor-col-25 elementor-top-column elementor-element elementor-element-b4d9d49\" data-id=\"b4d9d49\" data-element_type=\"column\">\n\t\t\t<div class=\"elementor-widget-wrap\">\n\t\t\t\t\t\t\t<\/div>\n\t\t<\/div>\n\t\t\t\t<div class=\"elementor-column elementor-col-50 elementor-top-column elementor-element elementor-element-806b43a\" data-id=\"806b43a\" data-element_type=\"column\">\n\t\t\t<div class=\"elementor-widget-wrap elementor-element-populated\">\n\t\t\t\t\t\t<div class=\"elementor-element elementor-element-909cadf elementor-widget elementor-widget-text-editor\" data-id=\"909cadf\" data-element_type=\"widget\" data-widget_type=\"text-editor.default\">\n\t\t\t\t<div class=\"elementor-widget-container\">\n\t\t\t\t\t\t\t\t\t<p>If You are interested about working as volunteer at Workers Music Festival, please fill this <a href=\"https:\/\/forms.gle\/ajnxdk2SnBQeT4w7A\">form.<\/a><\/p><p>There are several things you can do, without speaking Finnish language. Volunteers get t-shirts, access to the festival and meals during the festival. Let us know what you could do!<\/p>\t\t\t\t\t\t\t\t<\/div>\n\t\t\t\t<\/div>\n\t\t\t\t\t<\/div>\n\t\t<\/div>\n\t\t\t\t<div class=\"elementor-column elementor-col-25 elementor-top-column elementor-element elementor-element-0dee19b\" data-id=\"0dee19b\" data-element_type=\"column\">\n\t\t\t<div class=\"elementor-widget-wrap\">\n\t\t\t\t\t\t\t<\/div>\n\t\t<\/div>\n\t\t\t\t\t<\/div>\n\t\t<\/section>\n\t\t\t\t<section class=\"elementor-section elementor-top-section elementor-element elementor-element-9e8e3f7 elementor-section-boxed elementor-section-height-default elementor-section-height-default\" data-id=\"9e8e3f7\" data-element_type=\"section\" data-settings=\"{&quot;jet_parallax_layout_list&quot;:[]}\">\n\t\t\t\t\t\t<div class=\"elementor-container elementor-column-gap-default\">\n\t\t\t\t\t<div class=\"elementor-column elementor-col-100 elementor-top-column elementor-element elementor-element-8f5ef4a\" data-id=\"8f5ef4a\" data-element_type=\"column\">\n\t\t\t<div class=\"elementor-widget-wrap\">\n\t\t\t\t\t\t\t<\/div>\n\t\t<\/div>\n\t\t\t\t\t<\/div>\n\t\t<\/section>\n\t\t\t\t<section class=\"elementor-section elementor-top-section elementor-element elementor-element-f39655d elementor-section-full_width elementor-section-height-default elementor-section-height-default\" data-id=\"f39655d\" data-element_type=\"section\" data-settings=\"{&quot;jet_parallax_layout_list&quot;:[],&quot;background_background&quot;:&quot;classic&quot;}\">\n\t\t\t\t\t\t<div class=\"elementor-container elementor-column-gap-default\">\n\t\t\t\t\t<div class=\"elementor-column elementor-col-100 elementor-top-column elementor-element elementor-element-5d48137\" data-id=\"5d48137\" data-element_type=\"column\">\n\t\t\t<div class=\"elementor-widget-wrap elementor-element-populated\">\n\t\t\t\t\t\t<div class=\"elementor-element elementor-element-4b0f67c elementor-widget-divider--view-line elementor-widget elementor-widget-divider\" data-id=\"4b0f67c\" data-element_type=\"widget\" data-widget_type=\"divider.default\">\n\t\t\t\t<div class=\"elementor-widget-container\">\n\t\t\t\t\t\t\t<div class=\"elementor-divider\">\n\t\t\t<span class=\"elementor-divider-separator\">\n\t\t\t\t\t\t<\/span>\n\t\t<\/div>\n\t\t\t\t\t\t<\/div>\n\t\t\t\t<\/div>\n\t\t\t\t\t<\/div>\n\t\t<\/div>\n\t\t\t\t\t<\/div>\n\t\t<\/section>\n\t\t\t\t<section class=\"elementor-section elementor-top-section elementor-element elementor-element-e7695f5 elementor-section-boxed elementor-section-height-default elementor-section-height-default\" data-id=\"e7695f5\" data-element_type=\"section\" data-settings=\"{&quot;jet_parallax_layout_list&quot;:[],&quot;background_background&quot;:&quot;classic&quot;}\">\n\t\t\t\t\t\t<div class=\"elementor-container elementor-column-gap-default\">\n\t\t\t\t\t<div class=\"elementor-column elementor-col-100 elementor-top-column elementor-element elementor-element-bd6c7e8\" data-id=\"bd6c7e8\" data-element_type=\"column\">\n\t\t\t<div class=\"elementor-widget-wrap elementor-element-populated\">\n\t\t\t\t\t\t\t<\/div>\n\t\t<\/div>\n\t\t\t\t\t<\/div>\n\t\t<\/section>\n\t\t\t\t<section class=\"elementor-section elementor-top-section elementor-element elementor-element-c5cfa9d elementor-section-full_width elementor-section-height-default elementor-section-height-default\" data-id=\"c5cfa9d\" data-element_type=\"section\" data-settings=\"{&quot;jet_parallax_layout_list&quot;:[],&quot;background_background&quot;:&quot;classic&quot;}\">\n\t\t\t\t\t\t<div class=\"elementor-container elementor-column-gap-default\">\n\t\t\t\t\t<div class=\"elementor-column elementor-col-100 elementor-top-column elementor-element elementor-element-6eec77e\" data-id=\"6eec77e\" data-element_type=\"column\">\n\t\t\t<div class=\"elementor-widget-wrap elementor-element-populated\">\n\t\t\t\t\t\t<div class=\"elementor-element elementor-element-fe34cf4 elementor-widget-divider--view-line elementor-widget elementor-widget-divider\" data-id=\"fe34cf4\" data-element_type=\"widget\" data-widget_type=\"divider.default\">\n\t\t\t\t<div class=\"elementor-widget-container\">\n\t\t\t\t\t\t\t<div class=\"elementor-divider\">\n\t\t\t<span class=\"elementor-divider-separator\">\n\t\t\t\t\t\t<\/span>\n\t\t<\/div>\n\t\t\t\t\t\t<\/div>\n\t\t\t\t<\/div>\n\t\t\t\t\t<\/div>\n\t\t<\/div>\n\t\t\t\t\t<\/div>\n\t\t<\/section>\n\t\t<!-- dce invisible element c71e0d0 -->\t\t<\/div>","protected":false},"excerpt":{"rendered":"<p>In English below the page. TALKOOLAINEN HAE TALKOOLAISEKSI T\u00c4ST\u00c4 T\u00e4lt\u00e4 sivulta l\u00f6yd\u00e4t tietoa Musareiden talkoolaisuudesta Talkoolaiset vahtimassa huoltoporttia Liity mukaan Ty\u00f6v\u00e4en Musiikkitapahtuman iloiseen talkoolaisjoukkoon! Tarjolla on monipuolisesti erilaisia teht\u00e4vi\u00e4, joista jokainen voi l\u00f6yt\u00e4\u00e4 itselleen sopivan. T\u00e4yt\u00e4 talkoolomake\u00a0t\u00e4\u00e4ll\u00e4\u00a0ja olemme sinuun yhteydess\u00e4 kev\u00e4\u00e4n aikana.\u00a0Kiitokset jo etuk\u00e4teen! &#8212; Talkooty\u00f6ss\u00e4 sitoudutaan v\u00e4h. 2 ty\u00f6vuoroon (\u00e1 ~6-8h, riippuen ty\u00f6teht\u00e4v\u00e4st\u00e4). Talkooty\u00f6t [&hellip;]<\/p>","protected":false},"author":2,"featured_media":0,"parent":0,"menu_order":0,"comment_status":"closed","ping_status":"closed","template":"elementor_header_footer","meta":{"_acf_changed":false,"footnotes":""},"class_list":["post-16232","page","type-page","status-publish","hentry"],"acf":[],"_links":{"self":[{"href":"https:\/\/www.musarit.fi\/en\/wp-json\/wp\/v2\/pages\/16232","targetHints":{"allow":["GET"]}}],"collection":[{"href":"https:\/\/www.musarit.fi\/en\/wp-json\/wp\/v2\/pages"}],"about":[{"href":"https:\/\/www.musarit.fi\/en\/wp-json\/wp\/v2\/types\/page"}],"author":[{"embeddable":true,"href":"https:\/\/www.musarit.fi\/en\/wp-json\/wp\/v2\/users\/2"}],"replies":[{"embeddable":true,"href":"https:\/\/www.musarit.fi\/en\/wp-json\/wp\/v2\/comments?post=16232"}],"version-history":[{"count":5,"href":"https:\/\/www.musarit.fi\/en\/wp-json\/wp\/v2\/pages\/16232\/revisions"}],"predecessor-version":[{"id":23210,"href":"https:\/\/www.musarit.fi\/en\/wp-json\/wp\/v2\/pages\/16232\/revisions\/23210"}],"wp:attachment":[{"href":"https:\/\/www.musarit.fi\/en\/wp-json\/wp\/v2\/media?parent=16232"}],"curies":[{"name":"wp","href":"https:\/\/api.w.org\/{rel}","templated":true}]}}