{"id":16107,"date":"2023-03-07T15:44:54","date_gmt":"2023-03-07T13:44:54","guid":{"rendered":"https:\/\/www.musarit.fi\/?page_id=16107"},"modified":"2024-05-08T12:22:43","modified_gmt":"2024-05-08T10:22:43","slug":"tanssin-hurmaa","status":"publish","type":"page","link":"https:\/\/www.musarit.fi\/en\/tanssin-hurmaa\/","title":{"rendered":"Tanssin hurmaa"},"content":{"rendered":"<div data-elementor-type=\"wp-page\" data-elementor-id=\"16107\" class=\"elementor elementor-16107\">\n\t\t\t\t\t\t<section class=\"elementor-section elementor-top-section elementor-element elementor-element-31e23e8 elementor-section-full_width elementor-section-height-default elementor-section-height-default\" data-id=\"31e23e8\" data-element_type=\"section\" data-settings=\"{&quot;jet_parallax_layout_list&quot;:[]}\">\n\t\t\t\t\t\t<div class=\"elementor-container elementor-column-gap-default\">\n\t\t\t\t\t<div class=\"elementor-column elementor-col-100 elementor-top-column elementor-element elementor-element-a35e587\" data-id=\"a35e587\" data-element_type=\"column\" data-settings=\"{&quot;background_background&quot;:&quot;classic&quot;}\">\n\t\t\t<div class=\"elementor-widget-wrap elementor-element-populated\">\n\t\t\t\t\t<div class=\"elementor-background-overlay\"><\/div>\n\t\t\t\t\t\t<div class=\"elementor-element elementor-element-4ec15d2 elementor-widget elementor-widget-spacer\" data-id=\"4ec15d2\" data-element_type=\"widget\" data-widget_type=\"spacer.default\">\n\t\t\t\t<div class=\"elementor-widget-container\">\n\t\t\t\t\t\t\t<div class=\"elementor-spacer\">\n\t\t\t<div class=\"elementor-spacer-inner\"><\/div>\n\t\t<\/div>\n\t\t\t\t\t\t<\/div>\n\t\t\t\t<\/div>\n\t\t\t\t<div class=\"elementor-element elementor-element-73a5e86 elementor-widget elementor-widget-heading\" data-id=\"73a5e86\" data-element_type=\"widget\" data-widget_type=\"heading.default\">\n\t\t\t\t<div class=\"elementor-widget-container\">\n\t\t\t\t\t<h2 class=\"elementor-heading-title elementor-size-default\">Tanssin hurmaa \u2013 tanssilavakulttuurin perint\u00f6 -hanke<\/h2>\t\t\t\t<\/div>\n\t\t\t\t<\/div>\n\t\t\t\t<div class=\"elementor-element elementor-element-0c9a434 elementor-widget elementor-widget-spacer\" data-id=\"0c9a434\" data-element_type=\"widget\" data-widget_type=\"spacer.default\">\n\t\t\t\t<div class=\"elementor-widget-container\">\n\t\t\t\t\t\t\t<div class=\"elementor-spacer\">\n\t\t\t<div class=\"elementor-spacer-inner\"><\/div>\n\t\t<\/div>\n\t\t\t\t\t\t<\/div>\n\t\t\t\t<\/div>\n\t\t\t\t<div class=\"elementor-element elementor-element-073f498 elementor-widget elementor-widget-image\" data-id=\"073f498\" data-element_type=\"widget\" data-widget_type=\"image.default\">\n\t\t\t\t<div class=\"elementor-widget-container\">\n\t\t\t\t\t\t\t\t\t\t\t\t\t\t\t\t<a href=\"https:\/\/www.pirkanhelmi.fi\/\" target=\"_blank\">\n\t\t\t\t\t\t\t<img fetchpriority=\"high\" decoding=\"async\" width=\"530\" height=\"150\" src=\"https:\/\/www.musarit.fi\/wp-content\/uploads\/Pirkan-Helmi-ja-Europe-Direct.png\" class=\"attachment-full size-full wp-image-16137\" alt=\"\" srcset=\"https:\/\/www.musarit.fi\/wp-content\/uploads\/Pirkan-Helmi-ja-Europe-Direct.png 530w, https:\/\/www.musarit.fi\/wp-content\/uploads\/Pirkan-Helmi-ja-Europe-Direct-300x85.png 300w, https:\/\/www.musarit.fi\/wp-content\/uploads\/Pirkan-Helmi-ja-Europe-Direct-18x5.png 18w\" sizes=\"(max-width: 530px) 100vw, 530px\" \/>\t\t\t\t\t\t\t\t<\/a>\n\t\t\t\t\t\t\t\t\t\t\t\t\t\t\t<\/div>\n\t\t\t\t<\/div>\n\t\t\t\t\t<\/div>\n\t\t<\/div>\n\t\t\t\t\t<\/div>\n\t\t<\/section>\n\t\t\t\t<section class=\"elementor-section elementor-top-section elementor-element elementor-element-a4db4e9 elementor-section-full_width elementor-section-height-default elementor-section-height-default\" data-id=\"a4db4e9\" data-element_type=\"section\" data-settings=\"{&quot;jet_parallax_layout_list&quot;:[]}\">\n\t\t\t\t\t\t<div class=\"elementor-container elementor-column-gap-default\">\n\t\t\t\t\t<div class=\"elementor-column elementor-col-100 elementor-top-column elementor-element elementor-element-1c61265\" data-id=\"1c61265\" data-element_type=\"column\">\n\t\t\t<div class=\"elementor-widget-wrap elementor-element-populated\">\n\t\t\t\t\t\t<div class=\"elementor-element elementor-element-e661df7 elementor-widget-divider--view-line elementor-widget elementor-widget-divider\" data-id=\"e661df7\" data-element_type=\"widget\" data-widget_type=\"divider.default\">\n\t\t\t\t<div class=\"elementor-widget-container\">\n\t\t\t\t\t\t\t<div class=\"elementor-divider\">\n\t\t\t<span class=\"elementor-divider-separator\">\n\t\t\t\t\t\t<\/span>\n\t\t<\/div>\n\t\t\t\t\t\t<\/div>\n\t\t\t\t<\/div>\n\t\t\t\t<div class=\"elementor-element elementor-element-383b907 elementor-widget elementor-widget-text-editor\" data-id=\"383b907\" data-element_type=\"widget\" data-widget_type=\"text-editor.default\">\n\t\t\t\t<div class=\"elementor-widget-container\">\n\t\t\t\t\t\t\t\t\t<p>Suomalainen lavatanssikulttuuri on ainutlaatuinen maailmassa.\u00a0Tanssipaikat ovat rakentuneet aikoinaan\u00a0peltojen varsille ja j\u00e4rvien rannoille, ja Pirkanmaallakin on yh\u00e4 useita toimivia tanssilavoja.\u00a0Ty\u00f6v\u00e4en Musiikkitapahtuman tuottama Tanssin hurmaa \u2013 tanssilavakulttuurin perint\u00f6 -hanke pyrkii saamaan eri-ik\u00e4iset ihmiset kiinnostumaan tanssikulttuurista, jatkamaan perinnett\u00e4 sek\u00e4 luomaan\u00a0uutta.<\/p><p>Hankkeen ensimm\u00e4inen vaihe on suunnattu kouluik\u00e4isille lapsille. Syksyll\u00e4 2021 k\u00e4ynnistettiin Operaatio Pirkanmaan tukema kaksip\u00e4iv\u00e4nen pilottihanke Kirjaslammen tanssilavalla Valkeakoskella. Noin 300 Tietolan koulun oppilasta sek\u00e4 heid\u00e4n opettajansa ja ohjaajansa p\u00e4\u00e4siv\u00e4t viett\u00e4m\u00e4\u00e4n tanssip\u00e4iv\u00e4\u00e4 idyllisess\u00e4 milj\u00f6\u00f6ss\u00e4 Mallasveden rannalla ja samalla tutustumaan tanssilavan historiaan ja kulttuuriin. Tanssip\u00e4iv\u00e4n aluksi lapsille kerrottiin suomalaisesta tanssilavakulttuurista, sen synnyst\u00e4 ja nykyhetkest\u00e4. Lapset p\u00e4\u00e4siv\u00e4t tutustumaan lavatanssin etikettis\u00e4\u00e4nt\u00f6ihin ja kokeilemaan erilaisia askelluksia tanssinopettaja Anna Ojan opastuksella. Tansseja s\u00e4esti liveorkesteri, joka esitti perinteist\u00e4 tanssimusiikkia sek\u00e4 sovitti etuk\u00e4teen oppilaiden valitsemat suosikkikappaleet mukaansatempaavaksi potpuriksi. Tanssilavap\u00e4iv\u00e4 huipentui yhteiseen makkaranpaistohetkeen.\u00a0<\/p><p>Tanssip\u00e4iv\u00e4t Valkeakoskella ker\u00e4siv\u00e4t runsaasti kiitosta niin koulun oppilailta kuin henkil\u00f6kunnaltakin, ja pian Tanssin hurmaa jalkautui my\u00f6s P\u00e4lk\u00e4neelle, Aitoon Honkalaan.\u00a0<\/p><p>Lasten ja nuorten lis\u00e4ksi hanke on suunnattu my\u00f6s ik\u00e4ihmisille ja hoivakotien asukkaille. Vuonna 2023 hanke jatkui ja laajeni edelleen l\u00e4hiseutujen tanssilavoille Akaaseen ja P\u00e4lk\u00e4neelle. P\u00e4iv\u00e4n ohjelmanumerosta ja tanssista vastasi kolmen hengen Ritvalalaiset kollektiivi, joka hoiti ik\u00e4ihmisten tanssittamisen sek\u00e4 esitti osallistavaa tarinaa tanssilavakulttuurista. Ik\u00e4ihmiset reilu parikymment\u00e4 henkil\u00f6\u00e4 osallistuivat muistelemaan nuoruusvuosien tanssilavareissuja. Vanhin osallistuja oli yli 90- vuotias. Hanke on saanut jatkoaikaa vuodelle 2024 saakka. Ik\u00e4ihmisten tanssitapahtumia tulee olemaan useita ymp\u00e4ri Etel\u00e4-Pirkanmaata. Ik\u00e4ihmiset p\u00e4\u00e4sev\u00e4t osallistumaan nostalgiseen tanssip\u00e4iv\u00e4\u00e4n, jonka aikana muistellaan menneit\u00e4 ja liikutaan musiikin mukana. Tanssilavalla soitetaan tuttuja, vanhoja kappaleita ja ilaisuudessa on my\u00f6s yhteislaulua. Osallistujat saavat kertoa omia tanssimuistojaan ja lopuksi grillataan tietenkin kaikille makkarat.<\/p><p>Tanssin hurmaa \u2013 tanssilavakulttuurin perint\u00f6 -hanketta rahoittaa Leader Pirkan Helmi Euroopan maaseudun kehitt\u00e4misen maatalousrahastosta.<\/p>\t\t\t\t\t\t\t\t<\/div>\n\t\t\t\t<\/div>\n\t\t\t\t<div class=\"elementor-element elementor-element-7f98504 elementor-widget-divider--view-line elementor-widget elementor-widget-divider\" data-id=\"7f98504\" data-element_type=\"widget\" data-widget_type=\"divider.default\">\n\t\t\t\t<div class=\"elementor-widget-container\">\n\t\t\t\t\t\t\t<div class=\"elementor-divider\">\n\t\t\t<span class=\"elementor-divider-separator\">\n\t\t\t\t\t\t<\/span>\n\t\t<\/div>\n\t\t\t\t\t\t<\/div>\n\t\t\t\t<\/div>\n\t\t\t\t\t<\/div>\n\t\t<\/div>\n\t\t\t\t\t<\/div>\n\t\t<\/section>\n\t\t\t\t<section class=\"elementor-section elementor-top-section elementor-element elementor-element-5425bb6 elementor-section-boxed elementor-section-height-default elementor-section-height-default\" data-id=\"5425bb6\" data-element_type=\"section\" data-settings=\"{&quot;jet_parallax_layout_list&quot;:[]}\">\n\t\t\t\t\t\t<div class=\"elementor-container elementor-column-gap-default\">\n\t\t\t\t\t<div class=\"elementor-column elementor-col-50 elementor-top-column elementor-element elementor-element-8d37f01\" data-id=\"8d37f01\" data-element_type=\"column\">\n\t\t\t<div class=\"elementor-widget-wrap elementor-element-populated\">\n\t\t\t\t\t\t<div class=\"elementor-element elementor-element-3000746 elementor-widget elementor-widget-image\" data-id=\"3000746\" data-element_type=\"widget\" data-widget_type=\"image.default\">\n\t\t\t\t<div class=\"elementor-widget-container\">\n\t\t\t\t\t\t\t\t\t\t\t\t\t\t\t<img decoding=\"async\" width=\"1024\" height=\"1024\" src=\"https:\/\/www.musarit.fi\/wp-content\/uploads\/FB_IMG_1700143462062-1024x1024.jpg\" class=\"attachment-large size-large wp-image-19803\" alt=\"\" srcset=\"https:\/\/www.musarit.fi\/wp-content\/uploads\/FB_IMG_1700143462062-1024x1024.jpg 1024w, https:\/\/www.musarit.fi\/wp-content\/uploads\/FB_IMG_1700143462062-300x300.jpg 300w, https:\/\/www.musarit.fi\/wp-content\/uploads\/FB_IMG_1700143462062-150x150.jpg 150w, https:\/\/www.musarit.fi\/wp-content\/uploads\/FB_IMG_1700143462062-768x768.jpg 768w, https:\/\/www.musarit.fi\/wp-content\/uploads\/FB_IMG_1700143462062-12x12.jpg 12w, https:\/\/www.musarit.fi\/wp-content\/uploads\/FB_IMG_1700143462062.jpg 1080w\" sizes=\"(max-width: 1024px) 100vw, 1024px\" \/>\t\t\t\t\t\t\t\t\t\t\t\t\t\t\t<\/div>\n\t\t\t\t<\/div>\n\t\t\t\t\t<\/div>\n\t\t<\/div>\n\t\t\t\t<div class=\"elementor-column elementor-col-50 elementor-top-column elementor-element elementor-element-a60146f\" data-id=\"a60146f\" data-element_type=\"column\">\n\t\t\t<div class=\"elementor-widget-wrap elementor-element-populated\">\n\t\t\t\t\t\t<div class=\"elementor-element elementor-element-cbaebf5 elementor-widget elementor-widget-image\" data-id=\"cbaebf5\" data-element_type=\"widget\" data-widget_type=\"image.default\">\n\t\t\t\t<div class=\"elementor-widget-container\">\n\t\t\t\t\t\t\t\t\t\t\t\t\t\t\t<img decoding=\"async\" width=\"1024\" height=\"1024\" src=\"https:\/\/www.musarit.fi\/wp-content\/uploads\/FB_IMG_1700143502961-1024x1024.jpg\" class=\"attachment-large size-large wp-image-19804\" alt=\"\" srcset=\"https:\/\/www.musarit.fi\/wp-content\/uploads\/FB_IMG_1700143502961-1024x1024.jpg 1024w, https:\/\/www.musarit.fi\/wp-content\/uploads\/FB_IMG_1700143502961-300x300.jpg 300w, https:\/\/www.musarit.fi\/wp-content\/uploads\/FB_IMG_1700143502961-150x150.jpg 150w, https:\/\/www.musarit.fi\/wp-content\/uploads\/FB_IMG_1700143502961-768x768.jpg 768w, https:\/\/www.musarit.fi\/wp-content\/uploads\/FB_IMG_1700143502961-12x12.jpg 12w, https:\/\/www.musarit.fi\/wp-content\/uploads\/FB_IMG_1700143502961.jpg 1080w\" sizes=\"(max-width: 1024px) 100vw, 1024px\" \/>\t\t\t\t\t\t\t\t\t\t\t\t\t\t\t<\/div>\n\t\t\t\t<\/div>\n\t\t\t\t\t<\/div>\n\t\t<\/div>\n\t\t\t\t\t<\/div>\n\t\t<\/section>\n\t\t\t\t<section class=\"elementor-section elementor-top-section elementor-element elementor-element-eb955c0 elementor-section-full_width elementor-section-height-default elementor-section-height-default\" data-id=\"eb955c0\" data-element_type=\"section\" data-settings=\"{&quot;jet_parallax_layout_list&quot;:[]}\">\n\t\t\t\t\t\t<div class=\"elementor-container elementor-column-gap-default\">\n\t\t\t\t\t<div class=\"elementor-column elementor-col-100 elementor-top-column elementor-element elementor-element-b9e8c75\" data-id=\"b9e8c75\" data-element_type=\"column\">\n\t\t\t<div class=\"elementor-widget-wrap elementor-element-populated\">\n\t\t\t\t\t\t<section class=\"elementor-section elementor-inner-section elementor-element elementor-element-cc1791b elementor-section-full_width elementor-section-height-default elementor-section-height-default\" data-id=\"cc1791b\" data-element_type=\"section\" data-settings=\"{&quot;jet_parallax_layout_list&quot;:[]}\">\n\t\t\t\t\t\t<div class=\"elementor-container elementor-column-gap-default\">\n\t\t\t\t\t<div class=\"elementor-column elementor-col-50 elementor-inner-column elementor-element elementor-element-4e51611\" data-id=\"4e51611\" data-element_type=\"column\">\n\t\t\t<div class=\"elementor-widget-wrap elementor-element-populated\">\n\t\t\t\t\t\t<div class=\"elementor-element elementor-element-9c15d52 elementor-widget elementor-widget-image\" data-id=\"9c15d52\" data-element_type=\"widget\" data-widget_type=\"image.default\">\n\t\t\t\t<div class=\"elementor-widget-container\">\n\t\t\t\t\t\t\t\t\t\t\t\t\t\t\t<img loading=\"lazy\" decoding=\"async\" width=\"2369\" height=\"1706\" src=\"https:\/\/www.musarit.fi\/wp-content\/uploads\/Inga_Romaniv_Tanssin_Hurmaa_3-scaled-e1678194527445.jpg\" class=\"attachment-full size-full wp-image-16134\" alt=\"\" srcset=\"https:\/\/www.musarit.fi\/wp-content\/uploads\/Inga_Romaniv_Tanssin_Hurmaa_3-scaled-e1678194527445.jpg 2369w, https:\/\/www.musarit.fi\/wp-content\/uploads\/Inga_Romaniv_Tanssin_Hurmaa_3-scaled-e1678194527445-300x216.jpg 300w, https:\/\/www.musarit.fi\/wp-content\/uploads\/Inga_Romaniv_Tanssin_Hurmaa_3-scaled-e1678194527445-1024x737.jpg 1024w, https:\/\/www.musarit.fi\/wp-content\/uploads\/Inga_Romaniv_Tanssin_Hurmaa_3-scaled-e1678194527445-768x553.jpg 768w, https:\/\/www.musarit.fi\/wp-content\/uploads\/Inga_Romaniv_Tanssin_Hurmaa_3-scaled-e1678194527445-1536x1106.jpg 1536w, https:\/\/www.musarit.fi\/wp-content\/uploads\/Inga_Romaniv_Tanssin_Hurmaa_3-scaled-e1678194527445-2048x1475.jpg 2048w, https:\/\/www.musarit.fi\/wp-content\/uploads\/Inga_Romaniv_Tanssin_Hurmaa_3-scaled-e1678194527445-18x12.jpg 18w\" sizes=\"(max-width: 2369px) 100vw, 2369px\" \/>\t\t\t\t\t\t\t\t\t\t\t\t\t\t\t<\/div>\n\t\t\t\t<\/div>\n\t\t\t\t\t<\/div>\n\t\t<\/div>\n\t\t\t\t<div class=\"elementor-column elementor-col-50 elementor-inner-column elementor-element elementor-element-969dc22\" data-id=\"969dc22\" data-element_type=\"column\">\n\t\t\t<div class=\"elementor-widget-wrap elementor-element-populated\">\n\t\t\t\t\t\t<div class=\"elementor-element elementor-element-e65204e elementor-widget elementor-widget-image\" data-id=\"e65204e\" data-element_type=\"widget\" data-widget_type=\"image.default\">\n\t\t\t\t<div class=\"elementor-widget-container\">\n\t\t\t\t\t\t\t\t\t\t\t\t\t\t\t<img loading=\"lazy\" decoding=\"async\" width=\"2368\" height=\"1707\" src=\"https:\/\/www.musarit.fi\/wp-content\/uploads\/TM_5-scaled-e1678194987360.jpg\" class=\"attachment-full size-full wp-image-16136\" alt=\"\" srcset=\"https:\/\/www.musarit.fi\/wp-content\/uploads\/TM_5-scaled-e1678194987360.jpg 2368w, https:\/\/www.musarit.fi\/wp-content\/uploads\/TM_5-scaled-e1678194987360-300x216.jpg 300w, https:\/\/www.musarit.fi\/wp-content\/uploads\/TM_5-scaled-e1678194987360-1024x738.jpg 1024w, https:\/\/www.musarit.fi\/wp-content\/uploads\/TM_5-scaled-e1678194987360-768x554.jpg 768w, https:\/\/www.musarit.fi\/wp-content\/uploads\/TM_5-scaled-e1678194987360-1536x1107.jpg 1536w, https:\/\/www.musarit.fi\/wp-content\/uploads\/TM_5-scaled-e1678194987360-2048x1476.jpg 2048w, https:\/\/www.musarit.fi\/wp-content\/uploads\/TM_5-scaled-e1678194987360-18x12.jpg 18w\" sizes=\"(max-width: 2368px) 100vw, 2368px\" \/>\t\t\t\t\t\t\t\t\t\t\t\t\t\t\t<\/div>\n\t\t\t\t<\/div>\n\t\t\t\t\t<\/div>\n\t\t<\/div>\n\t\t\t\t\t<\/div>\n\t\t<\/section>\n\t\t\t\t\t<\/div>\n\t\t<\/div>\n\t\t\t\t\t<\/div>\n\t\t<\/section>\n\t\t\t\t<\/div>","protected":false},"excerpt":{"rendered":"<p>Tanssin hurmaa \u2013 tanssilavakulttuurin perint\u00f6 -hanke Suomalainen lavatanssikulttuuri on ainutlaatuinen maailmassa.\u00a0Tanssipaikat ovat rakentuneet aikoinaan\u00a0peltojen varsille ja j\u00e4rvien rannoille, ja Pirkanmaallakin on yh\u00e4 useita toimivia tanssilavoja.\u00a0Ty\u00f6v\u00e4en Musiikkitapahtuman tuottama Tanssin hurmaa \u2013 tanssilavakulttuurin perint\u00f6 -hanke pyrkii saamaan eri-ik\u00e4iset ihmiset kiinnostumaan tanssikulttuurista, jatkamaan perinnett\u00e4 sek\u00e4 luomaan\u00a0uutta. Hankkeen ensimm\u00e4inen vaihe on suunnattu kouluik\u00e4isille lapsille. Syksyll\u00e4 2021 k\u00e4ynnistettiin Operaatio Pirkanmaan [&hellip;]<\/p>","protected":false},"author":2,"featured_media":0,"parent":0,"menu_order":0,"comment_status":"closed","ping_status":"closed","template":"elementor_header_footer","meta":{"_acf_changed":false,"footnotes":""},"class_list":["post-16107","page","type-page","status-publish","hentry"],"acf":[],"_links":{"self":[{"href":"https:\/\/www.musarit.fi\/en\/wp-json\/wp\/v2\/pages\/16107","targetHints":{"allow":["GET"]}}],"collection":[{"href":"https:\/\/www.musarit.fi\/en\/wp-json\/wp\/v2\/pages"}],"about":[{"href":"https:\/\/www.musarit.fi\/en\/wp-json\/wp\/v2\/types\/page"}],"author":[{"embeddable":true,"href":"https:\/\/www.musarit.fi\/en\/wp-json\/wp\/v2\/users\/2"}],"replies":[{"embeddable":true,"href":"https:\/\/www.musarit.fi\/en\/wp-json\/wp\/v2\/comments?post=16107"}],"version-history":[{"count":5,"href":"https:\/\/www.musarit.fi\/en\/wp-json\/wp\/v2\/pages\/16107\/revisions"}],"predecessor-version":[{"id":19812,"href":"https:\/\/www.musarit.fi\/en\/wp-json\/wp\/v2\/pages\/16107\/revisions\/19812"}],"wp:attachment":[{"href":"https:\/\/www.musarit.fi\/en\/wp-json\/wp\/v2\/media?parent=16107"}],"curies":[{"name":"wp","href":"https:\/\/api.w.org\/{rel}","templated":true}]}}