{"id":14659,"date":"2022-06-08T14:20:06","date_gmt":"2022-06-08T12:20:06","guid":{"rendered":"http:\/\/www.musarit.fi\/?page_id=14659"},"modified":"2026-03-24T13:28:40","modified_gmt":"2026-03-24T11:28:40","slug":"kirjaslammen-tanssilava","status":"publish","type":"page","link":"https:\/\/www.musarit.fi\/en\/kirjaslammen-tanssilava\/","title":{"rendered":"Kirjaslammen Tanssilava"},"content":{"rendered":"<div data-elementor-type=\"wp-page\" data-elementor-id=\"14659\" class=\"elementor elementor-14659\">\n\t\t\t\t\t\t<section class=\"elementor-section elementor-top-section elementor-element elementor-element-749adc4 elementor-section-boxed elementor-section-height-default elementor-section-height-default\" data-id=\"749adc4\" data-element_type=\"section\" data-settings=\"{&quot;jet_parallax_layout_list&quot;:[]}\">\n\t\t\t\t\t\t<div class=\"elementor-container elementor-column-gap-default\">\n\t\t\t\t\t<div class=\"elementor-column elementor-col-100 elementor-top-column elementor-element elementor-element-d9df49d\" data-id=\"d9df49d\" data-element_type=\"column\">\n\t\t\t<div class=\"elementor-widget-wrap elementor-element-populated\">\n\t\t\t\t\t\t<div class=\"elementor-element elementor-element-465517c elementor-widget elementor-widget-heading\" data-id=\"465517c\" data-element_type=\"widget\" data-widget_type=\"heading.default\">\n\t\t\t\t<div class=\"elementor-widget-container\">\n\t\t\t\t\t<h2 class=\"elementor-heading-title elementor-size-default\">KIRJASLAMPI DANCE PAVILION<\/h2>\t\t\t\t<\/div>\n\t\t\t\t<\/div>\n\t\t\t\t\t<\/div>\n\t\t<\/div>\n\t\t\t\t\t<\/div>\n\t\t<\/section>\n\t\t\t\t<section class=\"elementor-section elementor-top-section elementor-element elementor-element-4ad147c elementor-section-boxed elementor-section-height-default elementor-section-height-default\" data-id=\"4ad147c\" data-element_type=\"section\" data-settings=\"{&quot;jet_parallax_layout_list&quot;:[]}\">\n\t\t\t\t\t\t<div class=\"elementor-container elementor-column-gap-default\">\n\t\t\t\t\t<div class=\"elementor-column elementor-col-100 elementor-top-column elementor-element elementor-element-6c705d6\" data-id=\"6c705d6\" data-element_type=\"column\">\n\t\t\t<div class=\"elementor-widget-wrap elementor-element-populated\">\n\t\t\t\t\t\t<div class=\"elementor-element elementor-element-7c42b36 elementor-widget elementor-widget-image\" data-id=\"7c42b36\" data-element_type=\"widget\" data-widget_type=\"image.default\">\n\t\t\t\t<div class=\"elementor-widget-container\">\n\t\t\t\t\t\t\t\t\t\t\t\t\t\t\t<img fetchpriority=\"high\" decoding=\"async\" width=\"1024\" height=\"317\" src=\"https:\/\/www.musarit.fi\/wp-content\/uploads\/Kirjaslammentanssit1-1024x317.jpg\" class=\"attachment-large size-large wp-image-14661\" alt=\"\" srcset=\"https:\/\/www.musarit.fi\/wp-content\/uploads\/Kirjaslammentanssit1-1024x317.jpg 1024w, https:\/\/www.musarit.fi\/wp-content\/uploads\/Kirjaslammentanssit1-300x93.jpg 300w, https:\/\/www.musarit.fi\/wp-content\/uploads\/Kirjaslammentanssit1-768x238.jpg 768w, https:\/\/www.musarit.fi\/wp-content\/uploads\/Kirjaslammentanssit1.jpg 1130w\" sizes=\"(max-width: 1024px) 100vw, 1024px\" \/>\t\t\t\t\t\t\t\t\t\t\t\t\t\t\t<\/div>\n\t\t\t\t<\/div>\n\t\t\t\t\t<\/div>\n\t\t<\/div>\n\t\t\t\t\t<\/div>\n\t\t<\/section>\n\t\t\t\t<section class=\"elementor-section elementor-top-section elementor-element elementor-element-f6a0aae elementor-section-boxed elementor-section-height-default elementor-section-height-default\" data-id=\"f6a0aae\" data-element_type=\"section\" data-settings=\"{&quot;jet_parallax_layout_list&quot;:[]}\">\n\t\t\t\t\t\t<div class=\"elementor-container elementor-column-gap-default\">\n\t\t\t\t\t<div class=\"elementor-column elementor-col-100 elementor-top-column elementor-element elementor-element-ab05075\" data-id=\"ab05075\" data-element_type=\"column\">\n\t\t\t<div class=\"elementor-widget-wrap elementor-element-populated\">\n\t\t\t\t\t\t<div class=\"elementor-element elementor-element-0d4310e elementor-widget elementor-widget-heading\" data-id=\"0d4310e\" data-element_type=\"widget\" data-widget_type=\"heading.default\">\n\t\t\t\t<div class=\"elementor-widget-container\">\n\t\t\t\t\t<h2 class=\"elementor-heading-title elementor-size-default\">Kirjaslammen tanssilavan tapahtumat 2026<\/h2>\t\t\t\t<\/div>\n\t\t\t\t<\/div>\n\t\t\t\t\t<\/div>\n\t\t<\/div>\n\t\t\t\t\t<\/div>\n\t\t<\/section>\n\t\t\t\t<section class=\"elementor-section elementor-top-section elementor-element elementor-element-dd849e6 elementor-section-boxed elementor-section-height-default elementor-section-height-default\" data-id=\"dd849e6\" data-element_type=\"section\" data-settings=\"{&quot;jet_parallax_layout_list&quot;:[]}\">\n\t\t\t\t\t\t<div class=\"elementor-container elementor-column-gap-default\">\n\t\t\t\t\t<div class=\"elementor-column elementor-col-100 elementor-top-column elementor-element elementor-element-b61d3fd\" data-id=\"b61d3fd\" data-element_type=\"column\">\n\t\t\t<div class=\"elementor-widget-wrap elementor-element-populated\">\n\t\t\t\t<!-- dce invisible element 347cdf4 -->\t\t<div class=\"elementor-element elementor-element-f08955b elementor-widget elementor-widget-text-editor\" data-id=\"f08955b\" data-element_type=\"widget\" data-widget_type=\"text-editor.default\">\n\t\t\t\t<div class=\"elementor-widget-container\">\n\t\t\t\t\t\t\t\t\t<h3><em>La 6.6. Kirjazz &amp; Blues<\/em><\/h3><h3><em>Pe 12.6. Noora Louhimo<\/em><\/h3><h3><em>La 4.7. Tabula Rasa<\/em><\/h3><h3><em>La 11.7. Jos\u00e9n Pime\u00e4 Puoli<\/em><\/h3><h3><em>La 25.7. Marko Maunuksela<\/em><\/h3><h3><em>La 22.8. Kirjaslampirock<\/em><\/h3><p>\u00a0<\/p><h2>BUY TICKETS<br \/><br \/><\/h2><h3><a href=\"https:\/\/www.tiketti.fi\/noora-louhimo-kirjaslammen-tanssilava-valkeakoski-lippuja\/116353\" target=\"_blank\" rel=\"noopener\" data-wplink-edit=\"true\">Noora Louhimo<\/a><\/h3><h3><a href=\"https:\/\/www.tiketti.fi\/tabula-rasa-kirjaslammen-tanssilava-valkeakoski-lippuja\/116357\" target=\"_blank\" rel=\"noopener\" data-wplink-edit=\"true\">Tabula Rasa<\/a><\/h3><h3><a href=\"https:\/\/www.tiketti.fi\/josen-pimea-puoli-kirjaslammen-tanssilava-valkeakoski-lippuja\/116345\" target=\"_blank\" rel=\"noopener\" data-wplink-edit=\"true\">Jos\u00e9n Pime\u00e4 Puoli<\/a><\/h3>\t\t\t\t\t\t\t\t<\/div>\n\t\t\t\t<\/div>\n\t\t\t\t\t<\/div>\n\t\t<\/div>\n\t\t\t\t\t<\/div>\n\t\t<\/section>\n\t\t\t\t<section class=\"elementor-section elementor-top-section elementor-element elementor-element-37ebcc7 elementor-section-boxed elementor-section-height-default elementor-section-height-default\" data-id=\"37ebcc7\" data-element_type=\"section\" data-settings=\"{&quot;jet_parallax_layout_list&quot;:[]}\">\n\t\t\t\t\t\t<div class=\"elementor-container elementor-column-gap-default\">\n\t\t\t\t\t<div class=\"elementor-column elementor-col-33 elementor-top-column elementor-element elementor-element-d675bdc\" data-id=\"d675bdc\" data-element_type=\"column\">\n\t\t\t<div class=\"elementor-widget-wrap elementor-element-populated\">\n\t\t\t\t\t\t<div class=\"elementor-element elementor-element-1b99352 elementor-widget elementor-widget-image\" data-id=\"1b99352\" data-element_type=\"widget\" data-widget_type=\"image.default\">\n\t\t\t\t<div class=\"elementor-widget-container\">\n\t\t\t\t\t\t\t\t\t\t\t\t\t\t\t\t<a href=\"https:\/\/www.tiketti.fi\/noora-louhimo-kirjaslammen-tanssilava-valkeakoski-lippuja\/116353\">\n\t\t\t\t\t\t\t<img decoding=\"async\" width=\"1024\" height=\"724\" src=\"https:\/\/www.musarit.fi\/wp-content\/uploads\/NL_PR26_horizontal_red_notext-1024x724.png\" class=\"attachment-large size-large wp-image-23317\" alt=\"\" srcset=\"https:\/\/www.musarit.fi\/wp-content\/uploads\/NL_PR26_horizontal_red_notext-1024x724.png 1024w, https:\/\/www.musarit.fi\/wp-content\/uploads\/NL_PR26_horizontal_red_notext-300x212.png 300w, https:\/\/www.musarit.fi\/wp-content\/uploads\/NL_PR26_horizontal_red_notext-768x543.png 768w, https:\/\/www.musarit.fi\/wp-content\/uploads\/NL_PR26_horizontal_red_notext-1536x1086.png 1536w, https:\/\/www.musarit.fi\/wp-content\/uploads\/NL_PR26_horizontal_red_notext-2048x1448.png 2048w, https:\/\/www.musarit.fi\/wp-content\/uploads\/NL_PR26_horizontal_red_notext-18x12.png 18w\" sizes=\"(max-width: 1024px) 100vw, 1024px\" \/>\t\t\t\t\t\t\t\t<\/a>\n\t\t\t\t\t\t\t\t\t\t\t\t\t\t\t<\/div>\n\t\t\t\t<\/div>\n\t\t\t\t\t<\/div>\n\t\t<\/div>\n\t\t\t\t<div class=\"elementor-column elementor-col-33 elementor-top-column elementor-element elementor-element-eef19ed\" data-id=\"eef19ed\" data-element_type=\"column\">\n\t\t\t<div class=\"elementor-widget-wrap elementor-element-populated\">\n\t\t\t\t\t\t<div class=\"elementor-element elementor-element-0a8ee10 elementor-widget elementor-widget-image\" data-id=\"0a8ee10\" data-element_type=\"widget\" data-widget_type=\"image.default\">\n\t\t\t\t<div class=\"elementor-widget-container\">\n\t\t\t\t\t\t\t\t\t\t\t\t\t\t\t\t<a href=\"https:\/\/www.tiketti.fi\/tabula-rasa-kirjaslammen-tanssilava-valkeakoski-lippuja\/116357\">\n\t\t\t\t\t\t\t<img decoding=\"async\" width=\"1024\" height=\"683\" src=\"https:\/\/www.musarit.fi\/wp-content\/uploads\/Tabula-Rasa-promokuva-1024x683.jpg\" class=\"attachment-large size-large wp-image-23319\" alt=\"\" srcset=\"https:\/\/www.musarit.fi\/wp-content\/uploads\/Tabula-Rasa-promokuva-1024x683.jpg 1024w, https:\/\/www.musarit.fi\/wp-content\/uploads\/Tabula-Rasa-promokuva-300x200.jpg 300w, https:\/\/www.musarit.fi\/wp-content\/uploads\/Tabula-Rasa-promokuva-768x512.jpg 768w, https:\/\/www.musarit.fi\/wp-content\/uploads\/Tabula-Rasa-promokuva-1536x1024.jpg 1536w, https:\/\/www.musarit.fi\/wp-content\/uploads\/Tabula-Rasa-promokuva-2048x1365.jpg 2048w, https:\/\/www.musarit.fi\/wp-content\/uploads\/Tabula-Rasa-promokuva-18x12.jpg 18w\" sizes=\"(max-width: 1024px) 100vw, 1024px\" \/>\t\t\t\t\t\t\t\t<\/a>\n\t\t\t\t\t\t\t\t\t\t\t\t\t\t\t<\/div>\n\t\t\t\t<\/div>\n\t\t\t\t\t<\/div>\n\t\t<\/div>\n\t\t\t\t<div class=\"elementor-column elementor-col-33 elementor-top-column elementor-element elementor-element-ca56ce3\" data-id=\"ca56ce3\" data-element_type=\"column\">\n\t\t\t<div class=\"elementor-widget-wrap elementor-element-populated\">\n\t\t\t\t\t\t<div class=\"elementor-element elementor-element-3256655 elementor-widget elementor-widget-image\" data-id=\"3256655\" data-element_type=\"widget\" data-widget_type=\"image.default\">\n\t\t\t\t<div class=\"elementor-widget-container\">\n\t\t\t\t\t\t\t\t\t\t\t\t\t\t\t\t<a href=\"https:\/\/www.tiketti.fi\/josen-pimea-puoli-kirjaslammen-tanssilava-valkeakoski-lippuja\/116345\">\n\t\t\t\t\t\t\t<img loading=\"lazy\" decoding=\"async\" width=\"1024\" height=\"682\" src=\"https:\/\/www.musarit.fi\/wp-content\/uploads\/Reissu_vaaka2_credit-Miikka-Pirinen-Suurix-1024x682.jpeg\" class=\"attachment-large size-large wp-image-23318\" alt=\"\" srcset=\"https:\/\/www.musarit.fi\/wp-content\/uploads\/Reissu_vaaka2_credit-Miikka-Pirinen-Suurix-1024x682.jpeg 1024w, https:\/\/www.musarit.fi\/wp-content\/uploads\/Reissu_vaaka2_credit-Miikka-Pirinen-Suurix-300x200.jpeg 300w, https:\/\/www.musarit.fi\/wp-content\/uploads\/Reissu_vaaka2_credit-Miikka-Pirinen-Suurix-768x512.jpeg 768w, https:\/\/www.musarit.fi\/wp-content\/uploads\/Reissu_vaaka2_credit-Miikka-Pirinen-Suurix-18x12.jpeg 18w, https:\/\/www.musarit.fi\/wp-content\/uploads\/Reissu_vaaka2_credit-Miikka-Pirinen-Suurix.jpeg 1280w\" sizes=\"(max-width: 1024px) 100vw, 1024px\" \/>\t\t\t\t\t\t\t\t<\/a>\n\t\t\t\t\t\t\t\t\t\t\t\t\t\t\t<\/div>\n\t\t\t\t<\/div>\n\t\t\t\t\t<\/div>\n\t\t<\/div>\n\t\t\t\t\t<\/div>\n\t\t<\/section>\n\t\t\t\t<section class=\"elementor-section elementor-top-section elementor-element elementor-element-03f8231 elementor-section-boxed elementor-section-height-default elementor-section-height-default\" data-id=\"03f8231\" data-element_type=\"section\" data-settings=\"{&quot;jet_parallax_layout_list&quot;:[]}\">\n\t\t\t\t\t\t<div class=\"elementor-container elementor-column-gap-default\">\n\t\t\t\t\t<div class=\"elementor-column elementor-col-100 elementor-top-column elementor-element elementor-element-aa7d138\" data-id=\"aa7d138\" data-element_type=\"column\">\n\t\t\t<div class=\"elementor-widget-wrap elementor-element-populated\">\n\t\t\t\t\t\t<div class=\"elementor-element elementor-element-89d00df elementor-widget-divider--view-line elementor-widget elementor-widget-divider\" data-id=\"89d00df\" data-element_type=\"widget\" data-widget_type=\"divider.default\">\n\t\t\t\t<div class=\"elementor-widget-container\">\n\t\t\t\t\t\t\t<div class=\"elementor-divider\">\n\t\t\t<span class=\"elementor-divider-separator\">\n\t\t\t\t\t\t<\/span>\n\t\t<\/div>\n\t\t\t\t\t\t<\/div>\n\t\t\t\t<\/div>\n\t\t\t\t\t<\/div>\n\t\t<\/div>\n\t\t\t\t\t<\/div>\n\t\t<\/section>\n\t\t\t\t<section class=\"elementor-section elementor-top-section elementor-element elementor-element-27d99e5 elementor-section-boxed elementor-section-height-default elementor-section-height-default\" data-id=\"27d99e5\" data-element_type=\"section\" data-settings=\"{&quot;jet_parallax_layout_list&quot;:[]}\">\n\t\t\t\t\t\t\t<div class=\"elementor-background-overlay\"><\/div>\n\t\t\t\t\t\t\t<div class=\"elementor-container elementor-column-gap-default\">\n\t\t\t\t\t<div class=\"elementor-column elementor-col-100 elementor-top-column elementor-element elementor-element-ae608cd\" data-id=\"ae608cd\" data-element_type=\"column\">\n\t\t\t<div class=\"elementor-widget-wrap elementor-element-populated\">\n\t\t\t\t\t\t<div class=\"elementor-element elementor-element-904ad9f elementor-widget elementor-widget-text-editor\" data-id=\"904ad9f\" data-element_type=\"widget\" data-widget_type=\"text-editor.default\">\n\t\t\t\t<div class=\"elementor-widget-container\">\n\t\t\t\t\t\t\t\t\t<p><strong>Kirjaslammen tunnelmallinen tanssilava sijaitsee luonnonkauniilla paikalla Mallasveden ja Kirjaslammen v\u00e4liss\u00e4, l\u00e4hell\u00e4 Valkeakosken kaupungin keskustaa (<a href=\"https:\/\/goo.gl\/maps\/XbK9WyA6btgWBv3P9\">KARTTA<\/a>). T\u00e4m\u00e4 vanhanajan tanssipaikka on rakennettu jo 1950-luvun alussa ja sen on suunnitellut Esko Aro.<\/strong><\/p><p>Kauniisti valaistu lava on pinta-alaltaan 320 neli\u00f6t\u00e4, joten siell\u00e4 on mahdollista j\u00e4rjest\u00e4\u00e4 suuriakin tilaisuuksia. Lis\u00e4ksi lavan ulkopuolella on runsaasti tilaa terassille ja erikokoisille juhlateltoille. Lavan katto on korjattu osin EU:n tuella ja muutenkin rakennus on s\u00e4ilynyt hyv\u00e4ss\u00e4 kunnossa. Lavan kulmassa on orkesterille suunniteltu esiintymiskoroke. Tanssilavalla yleis\u00f6\u00e4 palvelee kaksi ravintolaa. Ravintolat Upea ja Kapea ovat molemmat varustettu keskiolutoikeuksin ja lis\u00e4ksi niist\u00e4 saa my\u00f6s pikkupurtavaa ja kahvia. WC-tilat l\u00f6ytyv\u00e4t l\u00e4hell\u00e4 lavaa sijaitsevasta uimalasta.<\/p><p>Ty\u00f6v\u00e4en Musiikkitapahtuma vuokraa Kirjaslammen lavaa yksityisille henkil\u00f6ille\u00a0sek\u00e4 yrityksille ja yhteis\u00f6ille. Tapahtuma vuokraa my\u00f6s juhlatelttoja. Viet\u00e4 h\u00e4\u00e4t, syntym\u00e4p\u00e4iv\u00e4t tai vaikka yrityksen kes\u00e4juhlat Kirjaslammen kauniissa maisemissa!<\/p><h3>KIRJASLAMMEN TANSSILAVAN HISTORIIKKI<\/h3><p>Vuonna 1951 Yhtyneet paperitehtaat anoi onnistuneesti Valkeakosken kaupungilta rakennuslupaa Esko Aron suunnittelemalle tanssilavalle ja ravintolalle. Tanssilava oli osa Kirjaslampea koskevaa suunnitelmaa, johon kuului my\u00f6s maailmanpy\u00f6r\u00e4, uimala sek\u00e4 pienoisgolfrata. Neli\u00f6it\u00e4 Kirjaslammen ja Mallasveden v\u00e4liss\u00e4 sijaitsevalle lavalle ilmoitettiin 430. T\u00e4m\u00e4 piti sis\u00e4ll\u00e4\u00e4n yh\u00e4 kunnossa olevan tanssilavan sek\u00e4 ravintolaosan, joka on tosin aikojen saatossa purettu pois.<\/p><p>Tansseja lavan valmistuttua pidettiin kes\u00e4isin usein. Muun muassa Uimaseura ja Hakan jaostot j\u00e4rjestiv\u00e4t tansseja Kirjaslammen lavalla 1950-luvun lopun ja 1960-luvun alun lavatanssien kulta-aikoina. Lavalla esiintyi t\u00e4hti\u00e4 kuten The Renegades, Laila Kinnunen, Reino Helismaa ja Harry Aaltonen. Varsinkin uimaseuran B\u00f6rje Suomela loihti toimikuntansa kanssa lammelle toistuvasti suosittuja tapahtumia. Juhannustanssien j\u00e4rjest\u00e4misest\u00e4 taas vastasi perinteisesti juhannusjuhlatoimikunta<\/p><p>Vuonna 1961 Kirjaslammen suvessa vietettiin uimaseuran j\u00e4rjest\u00e4m\u00e4\u00e4 suurta juhlaa. Santa Marian kaappaus -spektaakkelissa Kirjaslampi muuttui Reino Helismaan n\u00e4ytt\u00e4m\u00f6ksi. Esityst\u00e4 varten rakennetun laivan kannella esiintyi yhteens\u00e4 noin 20 taiteilijaa. Esityksen j\u00e4lkeen Kirjaslammen lavalla esiintyi Harry Aaltosen orkesteri solisteinaan Rita Grenae ja Nisse Sved. My\u00f6s Helismaa jatkoi hauskuuttamista tanssilavalla.<\/p><p>Vuonna 1964 uimaseura j\u00e4rjesti j\u00e4lleen suuremman tempauksen yhdess\u00e4 Isku-veikkojen kanssa. Suuri kansainv\u00e4linen &#8221;T\u00e4hti-show&#8221; ker\u00e4si nimekk\u00e4it\u00e4 esiintyji\u00e4 nelj\u00e4st\u00e4 maasta. P\u00e4\u00e4tapahtuma oli j\u00e4lleen j\u00e4rjestetty uimalaan, jonka j\u00e4lkeen halukkaat saattoivat jatkaa ilakointia tanssilavalla. Tapahtumassa esiintyiv\u00e4t Dario Campeotto, Eva Cars, Henry Theel, pikku-Kalle Hyden, Reino Helismaa, Raimo Pihlajamaa, Jukka Virtanen ja The Hit Makers. Tanssien j\u00e4rjest\u00e4minen lavalla kuitenkin hiipui 60-luvun puoliv\u00e4liss\u00e4.<\/p><p>Kirjaslammen lavalla kuvattiin 1970-luvun alussa suomalaista elokuvaa. Veli-Matti Saikkosen &#8221;Takiaispallo&#8221; sai ensi-iltansa 11.9.1970 ja sit\u00e4 t\u00e4hditti itse Kirka. Noin vuosi t\u00e4m\u00e4n j\u00e4lkeen Yhtyneet paperitehtaat vuokrasi lavan S\u00e4teri oy:lle naruvarastoksi.<\/p><p>1970- ja 2000-luvun v\u00e4lisen\u00e4 aikana Kirjaslammen lava on ollut vain satunnaisessa k\u00e4yt\u00f6ss\u00e4. T\u00e4n\u00e4 aikana lavan omistus siirtyi Valkeakosken kaupungille ja rakennuksen ravintolaosa purettiin, kuten my\u00f6s t\u00e4t\u00e4 l\u00e4hell\u00e4 sijainnut maailmanpy\u00f6r\u00e4.<\/p>\t\t\t\t\t\t\t\t<\/div>\n\t\t\t\t<\/div>\n\t\t\t\t\t<\/div>\n\t\t<\/div>\n\t\t\t\t\t<\/div>\n\t\t<\/section>\n\t\t\t\t<\/div>","protected":false},"excerpt":{"rendered":"<p>KIRJASLAMMEN TANSSILAVA Kirjaslammen tanssilavan tapahtumat 2026 La 6.6. Kirjazz &amp; Blues Pe 12.6. Noora Louhimo La 4.7. Tabula Rasa La 11.7. Jos\u00e9n Pime\u00e4 Puoli La 25.7. Marko Maunuksela La 22.8. Kirjaslampirock \u00a0 OSTA LIPUT Noora Louhimo Tabula Rasa Jos\u00e9n Pime\u00e4 Puoli Kirjaslammen tunnelmallinen tanssilava sijaitsee luonnonkauniilla paikalla Mallasveden ja Kirjaslammen v\u00e4liss\u00e4, l\u00e4hell\u00e4 Valkeakosken kaupungin keskustaa [&hellip;]<\/p>","protected":false},"author":1,"featured_media":0,"parent":0,"menu_order":0,"comment_status":"closed","ping_status":"closed","template":"elementor_header_footer","meta":{"_acf_changed":false,"footnotes":""},"class_list":["post-14659","page","type-page","status-publish","hentry"],"acf":[],"_links":{"self":[{"href":"https:\/\/www.musarit.fi\/en\/wp-json\/wp\/v2\/pages\/14659","targetHints":{"allow":["GET"]}}],"collection":[{"href":"https:\/\/www.musarit.fi\/en\/wp-json\/wp\/v2\/pages"}],"about":[{"href":"https:\/\/www.musarit.fi\/en\/wp-json\/wp\/v2\/types\/page"}],"author":[{"embeddable":true,"href":"https:\/\/www.musarit.fi\/en\/wp-json\/wp\/v2\/users\/1"}],"replies":[{"embeddable":true,"href":"https:\/\/www.musarit.fi\/en\/wp-json\/wp\/v2\/comments?post=14659"}],"version-history":[{"count":5,"href":"https:\/\/www.musarit.fi\/en\/wp-json\/wp\/v2\/pages\/14659\/revisions"}],"predecessor-version":[{"id":23327,"href":"https:\/\/www.musarit.fi\/en\/wp-json\/wp\/v2\/pages\/14659\/revisions\/23327"}],"wp:attachment":[{"href":"https:\/\/www.musarit.fi\/en\/wp-json\/wp\/v2\/media?parent=14659"}],"curies":[{"name":"wp","href":"https:\/\/api.w.org\/{rel}","templated":true}]}}