{"id":14010,"date":"2022-04-14T10:20:10","date_gmt":"2022-04-14T08:20:10","guid":{"rendered":"http:\/\/www.musarit.fi\/?page_id=14010"},"modified":"2026-03-10T15:38:16","modified_gmt":"2026-03-10T13:38:16","slug":"kirjazzblues","status":"publish","type":"page","link":"https:\/\/www.musarit.fi\/en\/kirjazzblues\/","title":{"rendered":"Kirjazz &#038; Blues"},"content":{"rendered":"<div data-elementor-type=\"wp-page\" data-elementor-id=\"14010\" class=\"elementor elementor-14010\">\n\t\t\t\t\t\t<section class=\"elementor-section elementor-top-section elementor-element elementor-element-21e32687 elementor-section-full_width elementor-section-height-default elementor-section-height-default\" data-id=\"21e32687\" data-element_type=\"section\" data-settings=\"{&quot;jet_parallax_layout_list&quot;:[],&quot;background_background&quot;:&quot;classic&quot;}\">\n\t\t\t\t\t\t\t<div class=\"elementor-background-overlay\"><\/div>\n\t\t\t\t\t\t\t<div class=\"elementor-container elementor-column-gap-default\">\n\t\t\t\t\t<div class=\"elementor-column elementor-col-100 elementor-top-column elementor-element elementor-element-29279993\" data-id=\"29279993\" data-element_type=\"column\">\n\t\t\t<div class=\"elementor-widget-wrap elementor-element-populated\">\n\t\t\t\t\t\t<div class=\"elementor-element elementor-element-f9d2988 elementor-widget elementor-widget-image\" data-id=\"f9d2988\" data-element_type=\"widget\" data-widget_type=\"image.default\">\n\t\t\t\t<div class=\"elementor-widget-container\">\n\t\t\t\t\t\t\t\t\t\t\t\t\t\t\t<img fetchpriority=\"high\" decoding=\"async\" width=\"800\" height=\"377\" src=\"https:\/\/www.musarit.fi\/wp-content\/uploads\/KIRJAZZBLUES_logo.webp\" class=\"attachment-full size-full wp-image-14164\" alt=\"\" srcset=\"https:\/\/www.musarit.fi\/wp-content\/uploads\/KIRJAZZBLUES_logo.webp 800w, https:\/\/www.musarit.fi\/wp-content\/uploads\/KIRJAZZBLUES_logo-300x141.webp 300w, https:\/\/www.musarit.fi\/wp-content\/uploads\/KIRJAZZBLUES_logo-768x362.webp 768w\" sizes=\"(max-width: 800px) 100vw, 800px\" \/>\t\t\t\t\t\t\t\t\t\t\t\t\t\t\t<\/div>\n\t\t\t\t<\/div>\n\t\t\t\t<div class=\"elementor-element elementor-element-e7cf671 elementor-widget elementor-widget-heading\" data-id=\"e7cf671\" data-element_type=\"widget\" data-widget_type=\"heading.default\">\n\t\t\t\t<div class=\"elementor-widget-container\">\n\t\t\t\t\t<h2 class=\"elementor-heading-title elementor-size-default\">KIRJASLAMPI DANCE PAVILION <span style=\"color:#000000;\">LA 6.6.2026<\/span><\/h2>\t\t\t\t<\/div>\n\t\t\t\t<\/div>\n\t\t\t\t\t<\/div>\n\t\t<\/div>\n\t\t\t\t\t<\/div>\n\t\t<\/section>\n\t\t\t\t<section class=\"elementor-section elementor-top-section elementor-element elementor-element-653d54f elementor-section-boxed elementor-section-height-default elementor-section-height-default\" data-id=\"653d54f\" data-element_type=\"section\" data-settings=\"{&quot;jet_parallax_layout_list&quot;:[]}\">\n\t\t\t\t\t\t<div class=\"elementor-container elementor-column-gap-default\">\n\t\t\t\t\t<div class=\"elementor-column elementor-col-50 elementor-top-column elementor-element elementor-element-e328019\" data-id=\"e328019\" data-element_type=\"column\">\n\t\t\t<div class=\"elementor-widget-wrap elementor-element-populated\">\n\t\t\t\t<!-- dce invisible element 904ad9f -->\t\t\t<\/div>\n\t\t<\/div>\n\t\t\t\t<div class=\"elementor-column elementor-col-25 elementor-top-column elementor-element elementor-element-baede71\" data-id=\"baede71\" data-element_type=\"column\">\n\t\t\t<div class=\"elementor-widget-wrap elementor-element-populated\">\n\t\t\t\t<!-- dce invisible element 3149390 --><!-- dce invisible element 788730a --><!-- dce invisible element 2a3d677 --><!-- dce invisible element 1eeab35 --><!-- dce invisible element c8f6752 --><!-- dce invisible element be6ce95 --><!-- dce invisible element 72b3390 --><!-- dce invisible element d4964e4 -->\t\t\t<\/div>\n\t\t<\/div>\n\t\t\t\t<div class=\"elementor-column elementor-col-25 elementor-top-column elementor-element elementor-element-8234683\" data-id=\"8234683\" data-element_type=\"column\">\n\t\t\t<div class=\"elementor-widget-wrap elementor-element-populated\">\n\t\t\t\t<!-- dce invisible element 45cb022 --><!-- dce invisible element 7032c70 --><!-- dce invisible element 0103b3c --><!-- dce invisible element 76d157c --><!-- dce invisible element a04d690 -->\t\t\t<\/div>\n\t\t<\/div>\n\t\t\t\t\t<\/div>\n\t\t<\/section>\n\t\t\t\t<section class=\"elementor-section elementor-top-section elementor-element elementor-element-27d99e5 elementor-section-boxed elementor-section-height-default elementor-section-height-default\" data-id=\"27d99e5\" data-element_type=\"section\" data-settings=\"{&quot;jet_parallax_layout_list&quot;:[]}\">\n\t\t\t\t\t\t\t<div class=\"elementor-background-overlay\"><\/div>\n\t\t\t\t\t\t\t<div class=\"elementor-container elementor-column-gap-default\">\n\t\t\t\t\t<div class=\"elementor-column elementor-col-50 elementor-top-column elementor-element elementor-element-ae608cd\" data-id=\"ae608cd\" data-element_type=\"column\">\n\t\t\t<div class=\"elementor-widget-wrap\">\n\t\t\t\t\t\t\t<\/div>\n\t\t<\/div>\n\t\t<!-- dce invisible element 0111dda -->\t\t<div class=\"elementor-column elementor-col-50 elementor-top-column elementor-element elementor-element-571fc94\" data-id=\"571fc94\" data-element_type=\"column\">\n\t\t\t<div class=\"elementor-widget-wrap elementor-element-populated\">\n\t\t\t\t<!-- dce invisible element b709906 --><!-- dce invisible element 59773ef -->\t\t\t<\/div>\n\t\t<\/div>\n\t\t\t\t\t<\/div>\n\t\t<\/section>\n\t\t\t\t<section class=\"elementor-section elementor-top-section elementor-element elementor-element-5e9e4d7 elementor-section-boxed elementor-section-height-default elementor-section-height-default\" data-id=\"5e9e4d7\" data-element_type=\"section\" data-settings=\"{&quot;jet_parallax_layout_list&quot;:[]}\">\n\t\t\t\t\t\t<div class=\"elementor-container elementor-column-gap-default\">\n\t\t\t\t\t\t<\/div>\n\t\t<\/section>\n\t\t\t\t<section class=\"elementor-section elementor-top-section elementor-element elementor-element-69545aa elementor-section-boxed elementor-section-height-default elementor-section-height-default\" data-id=\"69545aa\" data-element_type=\"section\" data-settings=\"{&quot;jet_parallax_layout_list&quot;:[]}\">\n\t\t\t\t\t\t<div class=\"elementor-container elementor-column-gap-default\">\n\t\t\t\t\t\t<\/div>\n\t\t<\/section>\n\t\t\t\t<section class=\"elementor-section elementor-top-section elementor-element elementor-element-0280c24 elementor-section-boxed elementor-section-height-default elementor-section-height-default\" data-id=\"0280c24\" data-element_type=\"section\" data-settings=\"{&quot;jet_parallax_layout_list&quot;:[]}\">\n\t\t\t\t\t\t<div class=\"elementor-container elementor-column-gap-default\">\n\t\t\t\t\t\t<\/div>\n\t\t<\/section>\n\t\t\t\t<section class=\"elementor-section elementor-top-section elementor-element elementor-element-02729d0 elementor-section-boxed elementor-section-height-default elementor-section-height-default\" data-id=\"02729d0\" data-element_type=\"section\" data-settings=\"{&quot;jet_parallax_layout_list&quot;:[]}\">\n\t\t\t\t\t\t<div class=\"elementor-container elementor-column-gap-default\">\n\t\t\t\t\t\t<\/div>\n\t\t<\/section>\n\t\t\t\t<section class=\"elementor-section elementor-top-section elementor-element elementor-element-a0fcd39 elementor-section-boxed elementor-section-height-default elementor-section-height-default\" data-id=\"a0fcd39\" data-element_type=\"section\" data-settings=\"{&quot;jet_parallax_layout_list&quot;:[]}\">\n\t\t\t\t\t\t<div class=\"elementor-container elementor-column-gap-default\">\n\t\t\t\t\t\t<\/div>\n\t\t<\/section>\n\t\t\t\t<section class=\"elementor-section elementor-top-section elementor-element elementor-element-fbdf2a2 elementor-section-boxed elementor-section-height-default elementor-section-height-default\" data-id=\"fbdf2a2\" data-element_type=\"section\" data-settings=\"{&quot;jet_parallax_layout_list&quot;:[]}\">\n\t\t\t\t\t\t<div class=\"elementor-container elementor-column-gap-default\">\n\t\t\t\t\t\t<\/div>\n\t\t<\/section>\n\t\t\t\t<section class=\"elementor-section elementor-top-section elementor-element elementor-element-e406f02 elementor-section-boxed elementor-section-height-default elementor-section-height-default\" data-id=\"e406f02\" data-element_type=\"section\" data-settings=\"{&quot;jet_parallax_layout_list&quot;:[]}\">\n\t\t\t\t\t\t<div class=\"elementor-container elementor-column-gap-default\">\n\t\t\t\t\t\t<\/div>\n\t\t<\/section>\n\t\t\t\t<section class=\"elementor-section elementor-top-section elementor-element elementor-element-5651c70 elementor-section-boxed elementor-section-height-default elementor-section-height-default\" data-id=\"5651c70\" data-element_type=\"section\" data-settings=\"{&quot;jet_parallax_layout_list&quot;:[]}\">\n\t\t\t\t\t\t<div class=\"elementor-container elementor-column-gap-default\">\n\t\t\t\t\t\t<\/div>\n\t\t<\/section>\n\t\t\t\t<section class=\"elementor-section elementor-top-section elementor-element elementor-element-f85b6de elementor-section-boxed elementor-section-height-default elementor-section-height-default\" data-id=\"f85b6de\" data-element_type=\"section\" data-settings=\"{&quot;jet_parallax_layout_list&quot;:[]}\">\n\t\t\t\t\t\t<div class=\"elementor-container elementor-column-gap-default\">\n\t\t\t\t\t\t<\/div>\n\t\t<\/section>\n\t\t\t\t<section class=\"elementor-section elementor-top-section elementor-element elementor-element-7c18304 elementor-section-boxed elementor-section-height-default elementor-section-height-default\" data-id=\"7c18304\" data-element_type=\"section\" data-settings=\"{&quot;jet_parallax_layout_list&quot;:[]}\">\n\t\t\t\t\t\t<div class=\"elementor-container elementor-column-gap-default\">\n\t\t\t\t\t<div class=\"elementor-column elementor-col-50 elementor-top-column elementor-element elementor-element-a229b15\" data-id=\"a229b15\" data-element_type=\"column\">\n\t\t\t<div class=\"elementor-widget-wrap\">\n\t\t\t\t\t\t\t<\/div>\n\t\t<\/div>\n\t\t\t\t<div class=\"elementor-column elementor-col-50 elementor-top-column elementor-element elementor-element-f3141b1\" data-id=\"f3141b1\" data-element_type=\"column\">\n\t\t\t<div class=\"elementor-widget-wrap\">\n\t\t\t\t\t\t\t<\/div>\n\t\t<\/div>\n\t\t\t\t\t<\/div>\n\t\t<\/section>\n\t\t\t\t<section class=\"elementor-section elementor-top-section elementor-element elementor-element-2429f85 elementor-section-boxed elementor-section-height-default elementor-section-height-default\" data-id=\"2429f85\" data-element_type=\"section\" data-settings=\"{&quot;jet_parallax_layout_list&quot;:[]}\">\n\t\t\t\t\t\t<div class=\"elementor-container elementor-column-gap-default\">\n\t\t\t\t\t<div class=\"elementor-column elementor-col-20 elementor-top-column elementor-element elementor-element-044ff57\" data-id=\"044ff57\" data-element_type=\"column\">\n\t\t\t<div class=\"elementor-widget-wrap\">\n\t\t\t\t\t\t\t<\/div>\n\t\t<\/div>\n\t\t\t\t<div class=\"elementor-column elementor-col-20 elementor-top-column elementor-element elementor-element-f4deae4\" data-id=\"f4deae4\" data-element_type=\"column\">\n\t\t\t<div class=\"elementor-widget-wrap\">\n\t\t\t\t\t\t\t<\/div>\n\t\t<\/div>\n\t\t\t\t<div class=\"elementor-column elementor-col-20 elementor-top-column elementor-element elementor-element-d77bbd5\" data-id=\"d77bbd5\" data-element_type=\"column\">\n\t\t\t<div class=\"elementor-widget-wrap\">\n\t\t\t\t\t\t\t<\/div>\n\t\t<\/div>\n\t\t\t\t<div class=\"elementor-column elementor-col-20 elementor-top-column elementor-element elementor-element-de51a32\" data-id=\"de51a32\" data-element_type=\"column\">\n\t\t\t<div class=\"elementor-widget-wrap\">\n\t\t\t\t\t\t\t<\/div>\n\t\t<\/div>\n\t\t\t\t<div class=\"elementor-column elementor-col-20 elementor-top-column elementor-element elementor-element-5c252c4\" data-id=\"5c252c4\" data-element_type=\"column\">\n\t\t\t<div class=\"elementor-widget-wrap\">\n\t\t\t\t\t\t\t<\/div>\n\t\t<\/div>\n\t\t\t\t\t<\/div>\n\t\t<\/section>\n\t\t\t\t<\/div>","protected":false},"excerpt":{"rendered":"<p>KIRJASLAMMEN TANSSILAVALLA LA 6.6.2026 Kirjaslammen tanssilavan milj\u00f6\u00f6ss\u00e4 Valkeakoskella j\u00e4rjestett\u00e4v\u00e4 Kirjazz &amp; Blues -minifestivaali tarjoaa kes\u00e4kuun alussa herkkua rytmimusiikin yst\u00e4ville nyt jo 16. kertaa. Jazzin, bluesin ja rytmimusiikin yst\u00e4vien korvia helliv\u00e4t Ben Rossi Trio, Helmi Antila Quartet ja Swing Doctors BEN ROSSI TRIO\u00a0 Ben Rossi Trio soittaa funkia, bluesia ja rockia nuorella energialla ja tuoreella otteella. [&hellip;]<\/p>","protected":false},"author":1,"featured_media":0,"parent":0,"menu_order":0,"comment_status":"closed","ping_status":"closed","template":"elementor_header_footer","meta":{"_acf_changed":false,"footnotes":""},"class_list":["post-14010","page","type-page","status-publish","hentry"],"acf":[],"_links":{"self":[{"href":"https:\/\/www.musarit.fi\/en\/wp-json\/wp\/v2\/pages\/14010","targetHints":{"allow":["GET"]}}],"collection":[{"href":"https:\/\/www.musarit.fi\/en\/wp-json\/wp\/v2\/pages"}],"about":[{"href":"https:\/\/www.musarit.fi\/en\/wp-json\/wp\/v2\/types\/page"}],"author":[{"embeddable":true,"href":"https:\/\/www.musarit.fi\/en\/wp-json\/wp\/v2\/users\/1"}],"replies":[{"embeddable":true,"href":"https:\/\/www.musarit.fi\/en\/wp-json\/wp\/v2\/comments?post=14010"}],"version-history":[{"count":5,"href":"https:\/\/www.musarit.fi\/en\/wp-json\/wp\/v2\/pages\/14010\/revisions"}],"predecessor-version":[{"id":23225,"href":"https:\/\/www.musarit.fi\/en\/wp-json\/wp\/v2\/pages\/14010\/revisions\/23225"}],"wp:attachment":[{"href":"https:\/\/www.musarit.fi\/en\/wp-json\/wp\/v2\/media?parent=14010"}],"curies":[{"name":"wp","href":"https:\/\/api.w.org\/{rel}","templated":true}]}}