{"id":13836,"date":"2022-04-13T11:07:41","date_gmt":"2022-04-13T09:07:41","guid":{"rendered":"http:\/\/www.musarit.fi\/?page_id=13836"},"modified":"2026-04-20T09:48:11","modified_gmt":"2026-04-20T06:48:11","slug":"yhteystiedot","status":"publish","type":"page","link":"https:\/\/www.musarit.fi\/en\/yhteystiedot\/","title":{"rendered":"Yhteystiedot"},"content":{"rendered":"<div data-elementor-type=\"wp-page\" data-elementor-id=\"13836\" class=\"elementor elementor-13836\">\n\t\t\t\t\t\t<section class=\"elementor-section elementor-top-section elementor-element elementor-element-0cb4550 elementor-section-full_width elementor-section-height-default elementor-section-height-default\" data-id=\"0cb4550\" data-element_type=\"section\" data-settings=\"{&quot;jet_parallax_layout_list&quot;:[]}\">\n\t\t\t\t\t\t<div class=\"elementor-container elementor-column-gap-default\">\n\t\t\t\t\t<div class=\"elementor-column elementor-col-100 elementor-top-column elementor-element elementor-element-061263f\" data-id=\"061263f\" data-element_type=\"column\" data-settings=\"{&quot;background_background&quot;:&quot;gradient&quot;}\">\n\t\t\t<div class=\"elementor-widget-wrap elementor-element-populated\">\n\t\t\t\t\t<div class=\"elementor-background-overlay\"><\/div>\n\t\t\t\t\t\t<div class=\"elementor-element elementor-element-f0f344a elementor-widget elementor-widget-heading\" data-id=\"f0f344a\" data-element_type=\"widget\" data-widget_type=\"heading.default\">\n\t\t\t\t<div class=\"elementor-widget-container\">\n\t\t\t\t\t<h2 class=\"elementor-heading-title elementor-size-default\">CONTACTS<\/h2>\t\t\t\t<\/div>\n\t\t\t\t<\/div>\n\t\t\t\t\t<\/div>\n\t\t<\/div>\n\t\t\t\t\t<\/div>\n\t\t<\/section>\n\t\t\t\t<section class=\"elementor-section elementor-top-section elementor-element elementor-element-2bb695f elementor-section-boxed elementor-section-height-default elementor-section-height-default\" data-id=\"2bb695f\" data-element_type=\"section\" data-settings=\"{&quot;jet_parallax_layout_list&quot;:[],&quot;background_background&quot;:&quot;classic&quot;}\">\n\t\t\t\t\t\t\t<div class=\"elementor-background-overlay\"><\/div>\n\t\t\t\t\t\t\t<div class=\"elementor-container elementor-column-gap-default\">\n\t\t\t\t\t<div class=\"elementor-column elementor-col-100 elementor-top-column elementor-element elementor-element-53206f8\" data-id=\"53206f8\" data-element_type=\"column\">\n\t\t\t<div class=\"elementor-widget-wrap elementor-element-populated\">\n\t\t\t\t\t\t<section class=\"elementor-section elementor-inner-section elementor-element elementor-element-dc03860 elementor-section-full_width elementor-section-height-default elementor-section-height-default\" data-id=\"dc03860\" data-element_type=\"section\" data-settings=\"{&quot;jet_parallax_layout_list&quot;:[]}\">\n\t\t\t\t\t\t<div class=\"elementor-container elementor-column-gap-default\">\n\t\t\t\t\t<div class=\"elementor-column elementor-col-33 elementor-inner-column elementor-element elementor-element-f100190\" data-id=\"f100190\" data-element_type=\"column\" data-settings=\"{&quot;background_background&quot;:&quot;classic&quot;}\">\n\t\t\t<div class=\"elementor-widget-wrap elementor-element-populated\">\n\t\t\t\t\t\t<div class=\"elementor-element elementor-element-719971e elementor-widget elementor-widget-heading\" data-id=\"719971e\" data-element_type=\"widget\" data-widget_type=\"heading.default\">\n\t\t\t\t<div class=\"elementor-widget-container\">\n\t\t\t\t\t<h3 class=\"elementor-heading-title elementor-size-default\">TAPAHTUMATOIMISTO JA LIPUNMYYNTI<\/h3>\t\t\t\t<\/div>\n\t\t\t\t<\/div>\n\t\t\t\t<div class=\"elementor-element elementor-element-c08ebe8 elementor-widget elementor-widget-text-editor\" data-id=\"c08ebe8\" data-element_type=\"widget\" data-widget_type=\"text-editor.default\">\n\t\t\t\t<div class=\"elementor-widget-container\">\n\t\t\t\t\t\t\t\t\t<p>FESTIVAL OFFICE<\/p>\t\t\t\t\t\t\t\t<\/div>\n\t\t\t\t<\/div>\n\t\t\t\t<div class=\"elementor-element elementor-element-0b6487d elementor-widget elementor-widget-text-editor\" data-id=\"0b6487d\" data-element_type=\"widget\" data-widget_type=\"text-editor.default\">\n\t\t\t\t<div class=\"elementor-widget-container\">\n\t\t\t\t\t\t\t\t\t<p><strong>Lipunmyynti:<br \/><\/strong><strong>Ma-Ke 9:00-15:00<\/strong><\/p><p><strong>Tehtaankatu 5 A 1<\/strong><br \/><strong>sis\u00e4\u00e4nk\u00e4ynti kadun puoleisesta ovesta.<\/strong><\/p><p>Tapahtumatoimisto on auki arkisin p\u00e4\u00e4s\u00e4\u00e4nt\u00f6isesti ma-ke 9:00-16:00, to-pe 10:00-16:00. Poikkeukset mahdollisia.<\/p><p>Sis\u00e4\u00e4nk\u00e4ynti Tapahtumatoimistolle parkkialueen\u00a0 puolelta<\/p><p><strong>Yhteystiedot<br \/><\/strong><a style=\"color: white;\" href=\"https:\/\/goo.gl\/maps\/uRxyXZptSSu3wmLfA\" target=\"_blank\" rel=\"noopener\">Tehtaankatu 5 A 1, 37600 Valkeakoski<\/a><br \/>+358 40 525 7177\u00a0 |\u00a0 <a style=\"color: white;\" href=\"mailto:info@valmu.com\">info@m<\/a>usarit.fi<\/p>\t\t\t\t\t\t\t\t<\/div>\n\t\t\t\t<\/div>\n\t\t\t\t\t<\/div>\n\t\t<\/div>\n\t\t\t\t<div class=\"elementor-column elementor-col-33 elementor-inner-column elementor-element elementor-element-4cdf75f\" data-id=\"4cdf75f\" data-element_type=\"column\" data-settings=\"{&quot;background_background&quot;:&quot;classic&quot;}\">\n\t\t\t<div class=\"elementor-widget-wrap elementor-element-populated\">\n\t\t\t\t\t\t<div class=\"elementor-element elementor-element-73aa47f elementor-widget elementor-widget-heading\" data-id=\"73aa47f\" data-element_type=\"widget\" data-widget_type=\"heading.default\">\n\t\t\t\t<div class=\"elementor-widget-container\">\n\t\t\t\t\t<h3 class=\"elementor-heading-title elementor-size-default\">KIRJASLAMPI DANCE PAVILION<\/h3>\t\t\t\t<\/div>\n\t\t\t\t<\/div>\n\t\t\t\t<div class=\"elementor-element elementor-element-9fa6654 elementor-widget elementor-widget-text-editor\" data-id=\"9fa6654\" data-element_type=\"widget\" data-widget_type=\"text-editor.default\">\n\t\t\t\t<div class=\"elementor-widget-container\">\n\t\t\t\t\t\t\t\t\t<p>KIRJASLAMPI DANCE PAVILION<br \/>(esteet\u00f6n kulku tanssilavalle)<\/p>\t\t\t\t\t\t\t\t<\/div>\n\t\t\t\t<\/div>\n\t\t\t\t<div class=\"elementor-element elementor-element-7293401 elementor-widget elementor-widget-text-editor\" data-id=\"7293401\" data-element_type=\"widget\" data-widget_type=\"text-editor.default\">\n\t\t\t\t<div class=\"elementor-widget-container\">\n\t\t\t\t\t\t\t\t\t<p><strong>Open only during events<br \/><\/strong><a href=\"https:\/\/goo.gl\/maps\/1dHWGHnYQQbc3YrG8\" target=\"_blank\" rel=\"noopener\">Hakalantie 6, 37600 Valkeakoski<\/a><br \/><small>(<em>Behind Hotel Waltikka<\/em>)<\/small><\/p>\t\t\t\t\t\t\t\t<\/div>\n\t\t\t\t<\/div>\n\t\t\t\t\t<\/div>\n\t\t<\/div>\n\t\t\t\t<div class=\"elementor-column elementor-col-33 elementor-inner-column elementor-element elementor-element-2b877d8\" data-id=\"2b877d8\" data-element_type=\"column\" data-settings=\"{&quot;background_background&quot;:&quot;classic&quot;}\">\n\t\t\t<div class=\"elementor-widget-wrap elementor-element-populated\">\n\t\t\t\t\t\t<div class=\"elementor-element elementor-element-613af9a elementor-widget elementor-widget-heading\" data-id=\"613af9a\" data-element_type=\"widget\" data-widget_type=\"heading.default\">\n\t\t\t\t<div class=\"elementor-widget-container\">\n\t\t\t\t\t<h3 class=\"elementor-heading-title elementor-size-default\">FESTIVAL AREA<\/h3>\t\t\t\t<\/div>\n\t\t\t\t<\/div>\n\t\t\t\t<div class=\"elementor-element elementor-element-2105f4d elementor-widget elementor-widget-text-editor\" data-id=\"2105f4d\" data-element_type=\"widget\" data-widget_type=\"text-editor.default\">\n\t\t\t\t<div class=\"elementor-widget-container\">\n\t\t\t\t\t\t\t\t\t<p>FESTIVAL AREA<strong><br \/><\/strong><\/p>\t\t\t\t\t\t\t\t<\/div>\n\t\t\t\t<\/div>\n\t\t<!-- dce invisible element 4502a71 -->\t\t\t<\/div>\n\t\t<\/div>\n\t\t\t\t\t<\/div>\n\t\t<\/section>\n\t\t\t\t<section class=\"elementor-section elementor-inner-section elementor-element elementor-element-8b59e8e elementor-section-full_width elementor-section-height-default elementor-section-height-default\" data-id=\"8b59e8e\" data-element_type=\"section\" data-settings=\"{&quot;jet_parallax_layout_list&quot;:[]}\">\n\t\t\t\t\t\t<div class=\"elementor-container elementor-column-gap-default\">\n\t\t\t\t\t<div class=\"elementor-column elementor-col-100 elementor-inner-column elementor-element elementor-element-dbe9327\" data-id=\"dbe9327\" data-element_type=\"column\">\n\t\t\t<div class=\"elementor-widget-wrap elementor-element-populated\">\n\t\t\t\t\t\t<div class=\"elementor-element elementor-element-ca30e0f elementor-widget elementor-widget-google_maps\" data-id=\"ca30e0f\" data-element_type=\"widget\" data-widget_type=\"google_maps.default\">\n\t\t\t\t<div class=\"elementor-widget-container\">\n\t\t\t\t\t\t\t<div class=\"elementor-custom-embed\">\n\t\t\t<iframe loading=\"lazy\"\n\t\t\t\t\tsrc=\"https:\/\/maps.google.com\/maps?q=Tehtaankatu%205%20A%201%2C%2037600%20Valkeakoski&#038;t=m&#038;z=15&#038;output=embed&#038;iwloc=near\"\n\t\t\t\t\ttitle=\"Tehtaankatu 5 A 1, 37600 Valkeakoski\"\n\t\t\t\t\taria-label=\"Tehtaankatu 5 A 1, 37600 Valkeakoski\"\n\t\t\t><\/iframe>\n\t\t<\/div>\n\t\t\t\t\t\t<\/div>\n\t\t\t\t<\/div>\n\t\t\t\t\t<\/div>\n\t\t<\/div>\n\t\t\t\t\t<\/div>\n\t\t<\/section>\n\t\t\t\t<section class=\"elementor-section elementor-inner-section elementor-element elementor-element-8f06e79 elementor-section-full_width elementor-section-height-default elementor-section-height-default\" data-id=\"8f06e79\" data-element_type=\"section\" data-settings=\"{&quot;jet_parallax_layout_list&quot;:[]}\">\n\t\t\t\t\t\t<div class=\"elementor-container elementor-column-gap-default\">\n\t\t\t\t\t<div class=\"elementor-column elementor-col-33 elementor-inner-column elementor-element elementor-element-2e545d0\" data-id=\"2e545d0\" data-element_type=\"column\">\n\t\t\t<div class=\"elementor-widget-wrap elementor-element-populated\">\n\t\t\t\t\t\t<div class=\"elementor-element elementor-element-2765bd0 elementor-widget elementor-widget-text-editor\" data-id=\"2765bd0\" data-element_type=\"widget\" data-widget_type=\"text-editor.default\">\n\t\t\t\t<div class=\"elementor-widget-container\">\n\t\t\t\t\t\t\t\t\t<h4 style=\"color: white;\"><strong>MARIANNE HAAPOJA<br \/><\/strong><\/h4><p>General Director<br \/>(Yhteydenotot mieluiten arkisin)<br \/>+358 400 982 987<br \/><span style=\"color: #2baa00;\"><a style=\"color: #2baa00;\" href=\"mailto:marianne.haapoja@musarit.fi\" target=\"_blank\" rel=\"noopener\">marianne.haapoja@musarit.fi<\/a><br \/><\/span><\/p>\t\t\t\t\t\t\t\t<\/div>\n\t\t\t\t<\/div>\n\t\t<!-- dce invisible element 07bbba1 -->\t\t<div class=\"elementor-element elementor-element-862f4c7 elementor-widget elementor-widget-text-editor\" data-id=\"862f4c7\" data-element_type=\"widget\" data-widget_type=\"text-editor.default\">\n\t\t\t\t<div class=\"elementor-widget-container\">\n\t\t\t\t\t\t\t\t\t<h4 style=\"color: white;\"><b>Niklas Koivuniemi<\/b><\/h4><p>Producer<br \/>+358 40 525 7176<br \/><span style=\"color: #2baa00;\">tuotanto<a style=\"color: #2baa00;\" href=\"mailto:laura@musarit.fi\">@musarit<\/a>.fi<\/span><\/p>\t\t\t\t\t\t\t\t<\/div>\n\t\t\t\t<\/div>\n\t\t\t\t<div class=\"elementor-element elementor-element-157eb66 elementor-widget elementor-widget-text-editor\" data-id=\"157eb66\" data-element_type=\"widget\" data-widget_type=\"text-editor.default\">\n\t\t\t\t<div class=\"elementor-widget-container\">\n\t\t\t\t\t\t\t\t\t<h4 style=\"color: white;\"><strong>CUSTOMER SERVICE<br \/><\/strong><\/h4><p>Festival office\u00a0<br \/>+358 40 525 7177<br \/><span style=\"color: #2baa00;\"><a style=\"color: #2baa00;\" href=\"mailto:info@musarit.fi\">info@musarit.fi<\/a><\/span><\/p>\t\t\t\t\t\t\t\t<\/div>\n\t\t\t\t<\/div>\n\t\t\t\t\t<\/div>\n\t\t<\/div>\n\t\t\t\t<div class=\"elementor-column elementor-col-33 elementor-inner-column elementor-element elementor-element-07bea82\" data-id=\"07bea82\" data-element_type=\"column\" data-settings=\"{&quot;background_background&quot;:&quot;classic&quot;}\">\n\t\t\t<div class=\"elementor-widget-wrap elementor-element-populated\">\n\t\t\t\t\t\t<div class=\"elementor-element elementor-element-1dd2c61 elementor-widget elementor-widget-text-editor\" data-id=\"1dd2c61\" data-element_type=\"widget\" data-widget_type=\"text-editor.default\">\n\t\t\t\t<div class=\"elementor-widget-container\">\n\t\t\t\t\t\t\t\t\t<h4><strong>BILLING<\/strong><\/h4><p><a href=\"mailto:08692734@scan.netvisor.fi\">08692734@scan.netvisor.fi<\/a><\/p>\t\t\t\t\t\t\t\t<\/div>\n\t\t\t\t<\/div>\n\t\t\t\t<div class=\"elementor-element elementor-element-a6e4043 elementor-widget elementor-widget-text-editor\" data-id=\"a6e4043\" data-element_type=\"widget\" data-widget_type=\"text-editor.default\">\n\t\t\t\t<div class=\"elementor-widget-container\">\n\t\t\t\t\t\t\t\t\t<h4><b>TIEDOTUS JA MEDIA:<\/b><\/h4><p><a href=\"mailto:tiedottaja@musarit.fi\"><span style=\"color: #7bc225;\">tiedottaja@musarit.fi<\/span><\/a><\/p>\t\t\t\t\t\t\t\t<\/div>\n\t\t\t\t<\/div>\n\t\t\t\t<div class=\"elementor-element elementor-element-a63b53d elementor-widget elementor-widget-text-editor\" data-id=\"a63b53d\" data-element_type=\"widget\" data-widget_type=\"text-editor.default\">\n\t\t\t\t<div class=\"elementor-widget-container\">\n\t\t\t\t\t\t\t\t\t<h4><b>TY\u00d6HARJOITTELU<\/b><\/h4>\n<div>Musarit tarjoaa monipuolista harjoittelumahdollisuutta festivaalituotannossa. Talvikaudella ty\u00f6harjoittelua tarjotaan kulttuurituotannon, viestinn\u00e4n ja median opiskelijoille. Vapaamuotoiset hakemukset voi l\u00e4het\u00e4\u00e4 osoitteeseen info@musarit.fi<\/div><div><br><\/div>\n<p><\/p>\t\t\t\t\t\t\t\t<\/div>\n\t\t\t\t<\/div>\n\t\t\t\t<div class=\"elementor-element elementor-element-493886a elementor-widget elementor-widget-text-editor\" data-id=\"493886a\" data-element_type=\"widget\" data-widget_type=\"text-editor.default\">\n\t\t\t\t<div class=\"elementor-widget-container\">\n\t\t\t\t\t\t\t\t\t<h4><strong>BAND OFFERS<\/strong><\/h4><p><a href=\"mailto:artistit@musarit.fi\">artistit@musarit.fi<\/a><\/p><p><small>We read all the messages but due to receiving a large number of them, we are sadly unable to answer each one. If the offer is interesting we will contact you!<br \/><br \/><span style=\"color: #ff0000;\">EI LIITETIEDOSTOJA, KIITOS!<\/span><br \/><span style=\"color: #ff0000;\">KAIKKI LIITTEET LINKKEIN\u00c4!<\/span><\/small><\/p>\t\t\t\t\t\t\t\t<\/div>\n\t\t\t\t<\/div>\n\t\t<!-- dce invisible element 0c6db75 -->\t\t\t<\/div>\n\t\t<\/div>\n\t\t\t\t<div class=\"elementor-column elementor-col-33 elementor-inner-column elementor-element elementor-element-e13b796\" data-id=\"e13b796\" data-element_type=\"column\" data-settings=\"{&quot;background_background&quot;:&quot;classic&quot;}\">\n\t\t\t<div class=\"elementor-widget-wrap elementor-element-populated\">\n\t\t\t\t\t\t<div class=\"elementor-element elementor-element-3519684 elementor-widget elementor-widget-text-editor\" data-id=\"3519684\" data-element_type=\"widget\" data-widget_type=\"text-editor.default\">\n\t\t\t\t<div class=\"elementor-widget-container\">\n\t\t\t\t\t\t\t\t\t<h4 style=\"color: white;\"><strong>TY\u00d6V\u00c4EN MUSIIKKITAPAHTUMA RY<br><\/strong><\/h4>\n<p><strong>Y-Tunnus (Business ID):<\/strong> 0869273-4<\/p>\n<p>Tehtaankatu 5 A 1<br>37600 VALKEAKOSKI<br>+358 40 525 7177<\/p>\t\t\t\t\t\t\t\t<\/div>\n\t\t\t\t<\/div>\n\t\t\t\t<div class=\"elementor-element elementor-element-6ad21fa elementor-widget elementor-widget-text-editor\" data-id=\"6ad21fa\" data-element_type=\"widget\" data-widget_type=\"text-editor.default\">\n\t\t\t\t<div class=\"elementor-widget-container\">\n\t\t\t\t\t\t\t\t\t<h3><span style=\"font-family: Poppins; font-size: 16px;\">E-INVOICES<\/span><\/h3><p>OVT: 003708692734<br \/>Operaattori: \u00a0\u00a0\u00a0 Maventa<br \/>(003721291126)<br \/>Aineistomuoto: Finvoice<\/p><h4>Ostolaskujen skannauspalvelu:<\/h4><p>Ty\u00f6v\u00e4en Musiikkitapahtuma ry<br \/>08692734<br \/>PL 100<br \/>80020 Kollektor Scan<\/p><h4>Laskutuss\u00e4hk\u00f6postiosoite:<\/h4><p><a href=\"mailto:08692734@scan.netvisor.fi\">08692734@scan.netvisor.fi<\/a><\/p><p>Attachment format: PDF<\/p>\t\t\t\t\t\t\t\t<\/div>\n\t\t\t\t<\/div>\n\t\t\t\t\t<\/div>\n\t\t<\/div>\n\t\t\t\t\t<\/div>\n\t\t<\/section>\n\t\t\t\t\t<\/div>\n\t\t<\/div>\n\t\t\t\t\t<\/div>\n\t\t<\/section>\n\t\t\t\t<\/div>","protected":false},"excerpt":{"rendered":"<p>YHTEYSTIEDOT TAPAHTUMATOIMISTO JA LIPUNMYYNTI FESTIVAL OFFICE Lipunmyynti:Ma-Ke 9:00-15:00 Tehtaankatu 5 A 1sis\u00e4\u00e4nk\u00e4ynti kadun puoleisesta ovesta. Tapahtumatoimisto on auki arkisin p\u00e4\u00e4s\u00e4\u00e4nt\u00f6isesti ma-ke 9:00-16:00, to-pe 10:00-16:00. Poikkeukset mahdollisia. Sis\u00e4\u00e4nk\u00e4ynti Tapahtumatoimistolle parkkialueen\u00a0 puolelta YhteystiedotTehtaankatu 5 A 1, 37600 Valkeakoski+358 40 525 7177\u00a0 |\u00a0 info@musarit.fi KIRJASLAMMEN TANSSILAVA KIRJASLAMPI DANCE PAVILION(esteet\u00f6n kulku tanssilavalle) Avoinna vain tapahtumien aikaanHakalantie 6, 37600 Valkeakoski(Hotelli [&hellip;]<\/p>","protected":false},"author":1,"featured_media":0,"parent":0,"menu_order":0,"comment_status":"closed","ping_status":"closed","template":"elementor_header_footer","meta":{"_acf_changed":false,"footnotes":""},"class_list":["post-13836","page","type-page","status-publish","hentry"],"acf":[],"_links":{"self":[{"href":"https:\/\/www.musarit.fi\/en\/wp-json\/wp\/v2\/pages\/13836","targetHints":{"allow":["GET"]}}],"collection":[{"href":"https:\/\/www.musarit.fi\/en\/wp-json\/wp\/v2\/pages"}],"about":[{"href":"https:\/\/www.musarit.fi\/en\/wp-json\/wp\/v2\/types\/page"}],"author":[{"embeddable":true,"href":"https:\/\/www.musarit.fi\/en\/wp-json\/wp\/v2\/users\/1"}],"replies":[{"embeddable":true,"href":"https:\/\/www.musarit.fi\/en\/wp-json\/wp\/v2\/comments?post=13836"}],"version-history":[{"count":5,"href":"https:\/\/www.musarit.fi\/en\/wp-json\/wp\/v2\/pages\/13836\/revisions"}],"predecessor-version":[{"id":23540,"href":"https:\/\/www.musarit.fi\/en\/wp-json\/wp\/v2\/pages\/13836\/revisions\/23540"}],"wp:attachment":[{"href":"https:\/\/www.musarit.fi\/en\/wp-json\/wp\/v2\/media?parent=13836"}],"curies":[{"name":"wp","href":"https:\/\/api.w.org\/{rel}","templated":true}]}}