{"id":13765,"date":"2022-04-11T15:32:55","date_gmt":"2022-04-11T13:32:55","guid":{"rendered":"http:\/\/www.musarit.fi\/?page_id=13765"},"modified":"2026-03-31T14:27:36","modified_gmt":"2026-03-31T11:27:36","slug":"rekisteriseloste","status":"publish","type":"page","link":"https:\/\/www.musarit.fi\/en\/rekisteriseloste\/","title":{"rendered":"Rekisteriseloste"},"content":{"rendered":"<div data-elementor-type=\"wp-page\" data-elementor-id=\"13765\" class=\"elementor elementor-13765\">\n\t\t\t\t\t\t<section class=\"elementor-section elementor-top-section elementor-element elementor-element-0cb4550 elementor-section-full_width elementor-section-height-default elementor-section-height-default\" data-id=\"0cb4550\" data-element_type=\"section\" data-settings=\"{&quot;jet_parallax_layout_list&quot;:[]}\">\n\t\t\t\t\t\t<div class=\"elementor-container elementor-column-gap-default\">\n\t\t\t\t\t<div class=\"elementor-column elementor-col-100 elementor-top-column elementor-element elementor-element-061263f\" data-id=\"061263f\" data-element_type=\"column\" data-settings=\"{&quot;background_background&quot;:&quot;classic&quot;}\">\n\t\t\t<div class=\"elementor-widget-wrap elementor-element-populated\">\n\t\t\t\t\t<div class=\"elementor-background-overlay\"><\/div>\n\t\t\t\t\t\t<div class=\"elementor-element elementor-element-f0f344a elementor-widget elementor-widget-heading\" data-id=\"f0f344a\" data-element_type=\"widget\" data-widget_type=\"heading.default\">\n\t\t\t\t<div class=\"elementor-widget-container\">\n\t\t\t\t\t<h2 class=\"elementor-heading-title elementor-size-default\">REKISTERISELOSTE<\/h2>\t\t\t\t<\/div>\n\t\t\t\t<\/div>\n\t\t\t\t<div class=\"elementor-element elementor-element-ddbfde6 elementor-hidden-mobile elementor-widget-divider--view-line elementor-widget elementor-widget-divider\" data-id=\"ddbfde6\" data-element_type=\"widget\" data-widget_type=\"divider.default\">\n\t\t\t\t<div class=\"elementor-widget-container\">\n\t\t\t\t\t\t\t<div class=\"elementor-divider\">\n\t\t\t<span class=\"elementor-divider-separator\">\n\t\t\t\t\t\t<\/span>\n\t\t<\/div>\n\t\t\t\t\t\t<\/div>\n\t\t\t\t<\/div>\n\t\t\t\t<div class=\"elementor-element elementor-element-188084f elementor-hidden-mobile linkki_musta elementor-widget elementor-widget-text-editor\" data-id=\"188084f\" data-element_type=\"widget\" data-widget_type=\"text-editor.default\">\n\t\t\t\t<div class=\"elementor-widget-container\">\n\t\t\t\t\t\t\t\t\t<h4><span style=\"color: #ffffff;\">Henkil\u00f6tietolaki (523\/199) 10 \u00a7<\/span><br \/><span style=\"color: #ffffff;\">Laatimisp\u00e4iv\u00e4\/p\u00e4ivitetty 1.1.2022<\/span><\/h4>\t\t\t\t\t\t\t\t<\/div>\n\t\t\t\t<\/div>\n\t\t\t\t\t<\/div>\n\t\t<\/div>\n\t\t\t\t\t<\/div>\n\t\t<\/section>\n\t\t\t\t<section class=\"elementor-section elementor-top-section elementor-element elementor-element-861929d elementor-section-boxed elementor-section-height-default elementor-section-height-default\" data-id=\"861929d\" data-element_type=\"section\" data-settings=\"{&quot;jet_parallax_layout_list&quot;:[],&quot;background_background&quot;:&quot;classic&quot;}\">\n\t\t\t\t\t\t\t<div class=\"elementor-background-overlay\"><\/div>\n\t\t\t\t\t\t\t<div class=\"elementor-container elementor-column-gap-default\">\n\t\t\t\t\t<div class=\"elementor-column elementor-col-100 elementor-top-column elementor-element elementor-element-258db4e\" data-id=\"258db4e\" data-element_type=\"column\">\n\t\t\t<div class=\"elementor-widget-wrap elementor-element-populated\">\n\t\t\t\t\t\t<div class=\"elementor-element elementor-element-0f8f838 elementor-widget elementor-widget-text-editor\" data-id=\"0f8f838\" data-element_type=\"widget\" data-widget_type=\"text-editor.default\">\n\t\t\t\t<div class=\"elementor-widget-container\">\n\t\t\t\t\t\t\t\t\t<ol><li><strong>Rekisterinpit\u00e4j\u00e4<\/strong><br \/>Ty\u00f6v\u00e4en Musiikkitapahtuma ry, 0869273-4<br \/>Tehtaankatu 5 A 1, 37600 Valkeakoski<br \/>040 525 7177, info@musarit.fi<\/li><li><strong>Yhteyshenkil\u00f6 rekisteri\u00e4 koskevissa asioissa<\/strong><br \/>Marianne Haapoja<br \/>Tehtaankatu 5 A 1, 37600 Valkeakoski<br \/>040 525 7177<\/li><li><strong>Rekisterin nimi<\/strong><br \/>Ty\u00f6v\u00e4en Musiikkitapahtuma ry:n yhteystietorekisteri<\/li><li><strong>Henkil\u00f6tietojen k\u00e4sittelyn tarkoitus (rekisterin k\u00e4ytt\u00f6tarkoitus)<\/strong><br \/>Ty\u00f6v\u00e4en Musiikkitapahtuma ry:n toiminnanohjausj\u00e4rjestelm\u00e4n kontaktirekisteriin tallennettuja henkil\u00f6tietoja k\u00e4ytet\u00e4\u00e4n asiakassuhteiden ja yhteydenottojen hoitamiseen, markkinointitarkoituksiin sek\u00e4 muihin verkkopalveluihin liittyviin tarkoituksiin.<\/li><li><strong>Rekisterin tietosis\u00e4lt\u00f6<\/strong><br \/>Rekisteriin ker\u00e4t\u00e4\u00e4n rekister\u00f6idyist\u00e4 perustietoja, kuten nimi, osoite, puhelinnumero ja s\u00e4hk\u00f6posti.<\/li><li><strong>S\u00e4\u00e4nn\u00f6nmukaiset tietol\u00e4hteet<\/strong><br \/>Rekisterinpit\u00e4j\u00e4 rekister\u00f6i Ty\u00f6v\u00e4en Musiikkitapahtuma ry:n verkkosivuilla lomakkeita t\u00e4ytt\u00e4neist\u00e4 henkil\u00f6ist\u00e4 ne tiedot, jotka k\u00e4ytt\u00e4j\u00e4 itse ilmoittaa verkkosivustoa lomaketta t\u00e4ytt\u00e4ess\u00e4\u00e4n.<\/li><li><strong>S\u00e4\u00e4nn\u00f6nmukaiset tietojen luovutukset ja tietojen siirto EU:n tai Euroopan talousalueen ulkopuolelle<\/strong><p>Henkil\u00f6tietoja ei p\u00e4\u00e4s\u00e4\u00e4nt\u00f6isesti siirret\u00e4 EU:n tai Euroopan talousalueen ulkopuolelle.<\/p><p>T\u00e4st\u00e4 poiketen Ty\u00f6v\u00e4en Musiikkitapahtuma ry k\u00e4ytt\u00e4\u00e4 verkkosivuillaan Google Analytics -sovellusta sek\u00e4 MailChimp-palvelualustaa, joiden nojalla tietoa sivuston k\u00e4yt\u00f6st\u00e4 siirtyy Google LLC:lle sek\u00e4 MailChimp LLC:lle, jotka kuuluvat EU-US Privacy-Shield -j\u00e4rjestelyyn.<\/p><\/li><li><strong>Rekisterin suojauksen periaatteet<\/strong><br \/>Ty\u00f6v\u00e4en Musiikkitapahtuma ry:n toiminnanohjausj\u00e4rjestelm\u00e4n yhteystietorekisterin tiedot on tallennettu rekisterinpit\u00e4j\u00e4n j\u00e4rjestelm\u00e4\u00e4n, joka on suojattu k\u00e4ytt\u00f6j\u00e4rjestelm\u00e4n suojausohjelmiston avulla. J\u00e4rjestelm\u00e4n sis\u00e4\u00e4np\u00e4\u00e4sy edellytt\u00e4\u00e4 k\u00e4ytt\u00e4j\u00e4tunnuksen ja salasanan sy\u00f6tt\u00e4mist\u00e4. J\u00e4rjestelm\u00e4\u00e4n tallennettuihin rekisterin sis\u00e4lt\u00e4miin tietoihin p\u00e4\u00e4sev\u00e4t ja niit\u00e4 ovat oikeutettuja k\u00e4ytt\u00e4m\u00e4\u00e4n vain tietyt, ennalta m\u00e4\u00e4ritellyt rekisterinpit\u00e4j\u00e4n ty\u00f6ntekij\u00e4t. Rekisterin sis\u00e4lt\u00e4m\u00e4t tiedot sijaitsevat lukituissa ja vartioiduissa tiloissa.<\/li><\/ol>\t\t\t\t\t\t\t\t<\/div>\n\t\t\t\t<\/div>\n\t\t\t\t\t<\/div>\n\t\t<\/div>\n\t\t\t\t\t<\/div>\n\t\t<\/section>\n\t\t\t\t<\/div>","protected":false},"excerpt":{"rendered":"<p>REKISTERISELOSTE Henkil\u00f6tietolaki (523\/199) 10 \u00a7Laatimisp\u00e4iv\u00e4\/p\u00e4ivitetty 1.1.2022 Rekisterinpit\u00e4j\u00e4Ty\u00f6v\u00e4en Musiikkitapahtuma ry, 0869273-4Tehtaankatu 5 A 1, 37600 Valkeakoski040 525 7177, info@musarit.fi Yhteyshenkil\u00f6 rekisteri\u00e4 koskevissa asioissaMarianne HaapojaTehtaankatu 5 A 1, 37600 Valkeakoski040 525 7177 Rekisterin nimiTy\u00f6v\u00e4en Musiikkitapahtuma ry:n yhteystietorekisteri Henkil\u00f6tietojen k\u00e4sittelyn tarkoitus (rekisterin k\u00e4ytt\u00f6tarkoitus)Ty\u00f6v\u00e4en Musiikkitapahtuma ry:n toiminnanohjausj\u00e4rjestelm\u00e4n kontaktirekisteriin tallennettuja henkil\u00f6tietoja k\u00e4ytet\u00e4\u00e4n asiakassuhteiden ja yhteydenottojen hoitamiseen, markkinointitarkoituksiin sek\u00e4 muihin verkkopalveluihin [&hellip;]<\/p>","protected":false},"author":1,"featured_media":0,"parent":0,"menu_order":0,"comment_status":"closed","ping_status":"closed","template":"elementor_header_footer","meta":{"_acf_changed":false,"footnotes":""},"class_list":["post-13765","page","type-page","status-publish","hentry"],"acf":[],"_links":{"self":[{"href":"https:\/\/www.musarit.fi\/en\/wp-json\/wp\/v2\/pages\/13765","targetHints":{"allow":["GET"]}}],"collection":[{"href":"https:\/\/www.musarit.fi\/en\/wp-json\/wp\/v2\/pages"}],"about":[{"href":"https:\/\/www.musarit.fi\/en\/wp-json\/wp\/v2\/types\/page"}],"author":[{"embeddable":true,"href":"https:\/\/www.musarit.fi\/en\/wp-json\/wp\/v2\/users\/1"}],"replies":[{"embeddable":true,"href":"https:\/\/www.musarit.fi\/en\/wp-json\/wp\/v2\/comments?post=13765"}],"version-history":[{"count":5,"href":"https:\/\/www.musarit.fi\/en\/wp-json\/wp\/v2\/pages\/13765\/revisions"}],"predecessor-version":[{"id":23419,"href":"https:\/\/www.musarit.fi\/en\/wp-json\/wp\/v2\/pages\/13765\/revisions\/23419"}],"wp:attachment":[{"href":"https:\/\/www.musarit.fi\/en\/wp-json\/wp\/v2\/media?parent=13765"}],"curies":[{"name":"wp","href":"https:\/\/api.w.org\/{rel}","templated":true}]}}