{"id":13343,"date":"2022-04-06T13:18:57","date_gmt":"2022-04-06T11:18:57","guid":{"rendered":"http:\/\/www.musarit.fi\/?page_id=13343"},"modified":"2026-03-25T15:28:58","modified_gmt":"2026-03-25T13:28:58","slug":"info","status":"publish","type":"page","link":"https:\/\/www.musarit.fi\/en\/info\/","title":{"rendered":"Info"},"content":{"rendered":"<div data-elementor-type=\"wp-page\" data-elementor-id=\"13343\" class=\"elementor elementor-13343\">\n\t\t\t\t\t\t<section class=\"elementor-section elementor-top-section elementor-element elementor-element-0cb4550 elementor-section-full_width elementor-section-height-default elementor-section-height-default\" data-id=\"0cb4550\" data-element_type=\"section\" data-settings=\"{&quot;jet_parallax_layout_list&quot;:[]}\">\n\t\t\t\t\t\t<div class=\"elementor-container elementor-column-gap-default\">\n\t\t\t\t\t<div class=\"elementor-column elementor-col-100 elementor-top-column elementor-element elementor-element-061263f\" data-id=\"061263f\" data-element_type=\"column\" data-settings=\"{&quot;background_background&quot;:&quot;gradient&quot;}\">\n\t\t\t<div class=\"elementor-widget-wrap elementor-element-populated\">\n\t\t\t\t\t<div class=\"elementor-background-overlay\"><\/div>\n\t\t\t\t\t\t<div class=\"elementor-element elementor-element-f0f344a elementor-widget elementor-widget-heading\" data-id=\"f0f344a\" data-element_type=\"widget\" data-widget_type=\"heading.default\">\n\t\t\t\t<div class=\"elementor-widget-container\">\n\t\t\t\t\t<h2 class=\"elementor-heading-title elementor-size-default\">INFO<\/h2>\t\t\t\t<\/div>\n\t\t\t\t<\/div>\n\t\t\t\t<div class=\"elementor-element elementor-element-ddbfde6 elementor-hidden-mobile elementor-widget-divider--view-line elementor-widget elementor-widget-divider\" data-id=\"ddbfde6\" data-element_type=\"widget\" data-widget_type=\"divider.default\">\n\t\t\t\t<div class=\"elementor-widget-container\">\n\t\t\t\t\t\t\t<div class=\"elementor-divider\">\n\t\t\t<span class=\"elementor-divider-separator\">\n\t\t\t\t\t\t<\/span>\n\t\t<\/div>\n\t\t\t\t\t\t<\/div>\n\t\t\t\t<\/div>\n\t\t<!-- dce invisible element a356d25 -->\t\t\t<\/div>\n\t\t<\/div>\n\t\t\t\t\t<\/div>\n\t\t<\/section>\n\t\t\t\t<section class=\"elementor-section elementor-top-section elementor-element elementor-element-5229775 elementor-section-boxed elementor-section-height-default elementor-section-height-default\" data-id=\"5229775\" data-element_type=\"section\" data-settings=\"{&quot;jet_parallax_layout_list&quot;:[]}\">\n\t\t\t\t\t\t<div class=\"elementor-container elementor-column-gap-default\">\n\t\t\t\t\t<div class=\"elementor-column elementor-col-100 elementor-top-column elementor-element elementor-element-1caefe3\" data-id=\"1caefe3\" data-element_type=\"column\">\n\t\t\t<div class=\"elementor-widget-wrap\">\n\t\t\t\t\t\t\t<\/div>\n\t\t<\/div>\n\t\t\t\t\t<\/div>\n\t\t<\/section>\n\t\t\t\t<section class=\"elementor-section elementor-top-section elementor-element elementor-element-861929d elementor-section-boxed elementor-section-height-default elementor-section-height-default\" data-id=\"861929d\" data-element_type=\"section\" data-settings=\"{&quot;jet_parallax_layout_list&quot;:[],&quot;background_background&quot;:&quot;classic&quot;}\">\n\t\t\t\t\t\t\t<div class=\"elementor-background-overlay\"><\/div>\n\t\t\t\t\t\t\t<div class=\"elementor-container elementor-column-gap-default\">\n\t\t\t\t\t<div class=\"elementor-column elementor-col-100 elementor-top-column elementor-element elementor-element-258db4e\" data-id=\"258db4e\" data-element_type=\"column\">\n\t\t\t<div class=\"elementor-widget-wrap elementor-element-populated\">\n\t\t\t\t\t\t<div class=\"elementor-element elementor-element-d63e26f elementor-widget elementor-widget-text-editor\" data-id=\"d63e26f\" data-element_type=\"widget\" data-widget_type=\"text-editor.default\">\n\t\t\t\t<div class=\"elementor-widget-container\">\n\t\t\t\t\t\t\t\t\t<h3 style=\"padding-bottom: 10px;\"><strong>+ WORKERS' MUSIC FESTIVAL<\/strong><\/h3><p><strong>Festival office:<\/strong> Tehtaankatu 5 A 1, 37600 Valkeakoski. <a href=\"mailto:info@musarit.fi\" target=\"_blank\" rel=\"noopener\">info@musarit.fi<\/a>. Puh.\u00a0<a href=\"tel:00358405257177\">040 525 7177<\/a>.<\/p><p><em>Ty\u00f6v\u00e4en Musiikkitapahtuma ry is a non-profit cultural association that produces music and cultural events, maintains Kirjaslampi Dance Pavillion and engages in publishing activities.<\/em><\/p>\t\t\t\t\t\t\t\t<\/div>\n\t\t\t\t<\/div>\n\t\t<!-- dce invisible element 96ab2f1 -->\t\t<div class=\"elementor-element elementor-element-25b3583 elementor-widget elementor-widget-text-editor\" data-id=\"25b3583\" data-element_type=\"widget\" id=\"liput\" data-widget_type=\"text-editor.default\">\n\t\t\t\t<div class=\"elementor-widget-container\">\n\t\t\t\t\t\t\t\t\t<h3 style=\"padding-bottom: 10px;\"><span style=\"font-weight: bolder;\">+\u00a0<\/span>ESTEETT\u00d6MYYS<\/h3><div><p class=\"MsoNormal\"><span style=\"font-size: 12.0pt; line-height: 107%; font-family: 'Arial',sans-serif;\">Tapahtuma-alue on saavutettavissa py\u00f6r\u00e4tuolilla. Alueelta<br \/>l\u00f6ytyy esteett\u00f6mi\u00e4 parkkipaikkoja sek\u00e4 wc-tiloja. Paperitorin edustalta l\u00f6ytyy<br \/>py\u00f6r\u00e4tuolikoroke. Lis\u00e4tietoja esteett\u00f6myydest\u00e4 voit tiedustella<br \/>tapahtumatoimistolta 040 525 7177, <\/span><a href=\"mailto:info@musarit.fi\"><span style=\"font-size: 12.0pt; line-height: 107%; font-family: 'Arial',sans-serif;\">info@musarit.fi<\/span><\/a><\/p><\/div>\t\t\t\t\t\t\t\t<\/div>\n\t\t\t\t<\/div>\n\t\t<!-- dce invisible element f29a9c4 --><!-- dce invisible element 5e13b51 --><!-- dce invisible element 0bcd50c --><!-- dce invisible element 935b982 --><!-- dce invisible element 384199a -->\t\t<div class=\"elementor-element elementor-element-55667f6 elementor-widget elementor-widget-text-editor\" data-id=\"55667f6\" data-element_type=\"widget\" id=\"kulkuyhteydet\" data-widget_type=\"text-editor.default\">\n\t\t\t\t<div class=\"elementor-widget-container\">\n\t\t\t\t\t\t\t\t\t<h3 style=\"padding-bottom: 10px;\"><strong>+ TRANSIT CONNECTIONS<\/strong><\/h3><p>Valkeakoski sijaitsee Etel\u00e4-Pirkanmaalla, noin 30 kilometri\u00e4 Tampereelta etel\u00e4\u00e4n. Tampereen seudun joukkoliikenne, eli Nysse ajaa Valkeakoskelle (vy\u00f6hykkeet\u00a0<span style=\"font-weight: bolder;\">ABC<\/span>).\u00a0 Osa Tampereen ja Helsingin v\u00e4lisist\u00e4 linja-autovuoroista kulkee Valkeakosken kautta. Festivaalialue sijaitsee kaupungin ydinkeskustassa linja-autoaseman v\u00e4litt\u00f6m\u00e4ss\u00e4 l\u00e4heisyydess\u00e4. L\u00e4himm\u00e4t juna-asemat l\u00f6ytyv\u00e4t Lemp\u00e4\u00e4l\u00e4st\u00e4 ja Toijalasta noin 20 kilometrin p\u00e4\u00e4st\u00e4.<\/p><p>Nysse liikenn\u00f6i Tampereelta Valkeakoskelle p\u00e4ivisin noin 30min v\u00e4lein ja iltaisin noin 1 tunnin v\u00e4lein. Sama on my\u00f6s Valkeakoskelta Tampereelle. Matkan hinta on 4.70\u20ac\/suunta ja matkan voi maksaa linja-autossa pankkikortilla, k\u00e4teisell\u00e4 tai Nyssen sovelluksella. Linja-autot l\u00e4htev\u00e4t Tampereen linja-autoasemalta laiturilta numero 3. Valkeakoskella l\u00e4hin pys\u00e4kki on Kauppatorin pys\u00e4kki, joka on noin 600m k\u00e4velymatkan p\u00e4\u00e4ss\u00e4 tapahtuma-alueesta.<\/p><p>Bus timetables can be found in:\u00a0<a style=\"background-color: #ffffff;\" href=\"https:\/\/www.matkahuolto.fi\/en\" target=\"_blank\" rel=\"noopener\">www.matkahuolto.fi<\/a>\u00a0and\u00a0<a style=\"background-color: #ffffff;\" href=\"https:\/\/www.nysse.fi\/aikataulut-ja-reitit.html\" target=\"_blank\" rel=\"noopener\">www.nysse.fi<\/a><\/p>\t\t\t\t\t\t\t\t<\/div>\n\t\t\t\t<\/div>\n\t\t\t\t<div class=\"elementor-element elementor-element-ca619b2 elementor-widget elementor-widget-text-editor\" data-id=\"ca619b2\" data-element_type=\"widget\" data-widget_type=\"text-editor.default\">\n\t\t\t\t<div class=\"elementor-widget-container\">\n\t\t\t\t\t\t\t\t\t<h3 style=\"padding-bottom: 10px;\"><strong>+ PAYMENT METHODS<\/strong><\/h3><p>Debit or credit card. Cash is only accepted on specific designated cash registres.<\/p><p>Nearest ATM is located at Koskikara shopping mall (Valtakatu 9-11, 37600 Valkeakoski).<\/p>\t\t\t\t\t\t\t\t<\/div>\n\t\t\t\t<\/div>\n\t\t\t\t<div class=\"elementor-element elementor-element-51f6efc elementor-widget elementor-widget-text-editor\" data-id=\"51f6efc\" data-element_type=\"widget\" data-widget_type=\"text-editor.default\">\n\t\t\t\t<div class=\"elementor-widget-container\">\n\t\t\t\t\t\t\t\t\t<h3 style=\"padding-bottom: 10px;\"><strong>+ FOOD &amp; DRINKS<\/strong><\/h3><p>Festivaalilla on tarjolla monenlaista purtavaa maittavista ruoka-annoksista makeisiin herkkuihin. Festivaaliravintola ja -kahvila Jylh\u00e4vaara toimii koko tapahtuman ajan y\u00f6my\u00f6h\u00e4\u00e4n saakka. Lis\u00e4ksi Valkeakosken keskustassa on lukuisia kahviloita ja ravintoloita.<\/p><p>Festival restaurants sell alcoholic beverages. Bringing your own alcoholic beverages to the festival area is prohibited. You are allowed to bring one max. 1\/2 litre unopened non-alcoholic beverage in transparent plastic bottle with you.<\/p>\t\t\t\t\t\t\t\t<\/div>\n\t\t\t\t<\/div>\n\t\t\t\t<div class=\"elementor-element elementor-element-68a35fa elementor-widget elementor-widget-text-editor\" data-id=\"68a35fa\" data-element_type=\"widget\" id=\"arvotjavastuullisuus\" data-widget_type=\"text-editor.default\">\n\t\t\t\t<div class=\"elementor-widget-container\">\n\t\t\t\t\t\t\t\t\t<h3 style=\"padding-bottom: 10px;\"><strong>+ ARVOT, VASTUULLISUUS JA TURVALLINEN TILA<\/strong><\/h3><p><strong>Annamme tilaa kaikille.<\/strong>\u00a0Jokainen ihminen on yhdenvertainen. Kunnioitamme jokaisen itsem\u00e4\u00e4r\u00e4\u00e4misoikeutta ja vapautta olla oma itsens\u00e4.<\/p><p><strong>Emme hyv\u00e4ksy syrjint\u00e4\u00e4, h\u00e4irint\u00e4\u00e4 tai v\u00e4kivaltaista k\u00e4yt\u00f6st\u00e4.<\/strong><br \/>Jokaisella on oikeus nauttia tapahtumasta rauhassa. Ket\u00e4\u00e4n ei saa kohdella huonosti henkil\u00f6kohtaisten ominaisuuksien, kuten i\u00e4n, sukupuolen, seksuaalisen suuntautumisen, koon, ihonv\u00e4rin, toimintakyvyn, terveydentilan, varallisuuden, kielen, uskonnon, kulttuurin tai muun taustan perusteella.<\/p><p><strong>Huomioimme toistemme erilaiset rajat ja kunnioitamme niit\u00e4.<\/strong><br \/>Kehenk\u00e4\u00e4n ei saa koskea ilman lupaa eik\u00e4 ahdistella sanallisesti, sanattomasti tai fyysisesti.<\/p><p><strong>Turvallisuus tehd\u00e4\u00e4n yhdess\u00e4.<\/strong><br \/>Jos kohtaat itseesi tai toiseen henkil\u00f6\u00f6n kohdistuvaa h\u00e4irint\u00e4\u00e4, syrjint\u00e4\u00e4 tai muuta ep\u00e4asiallista k\u00e4ytt\u00e4ytymist\u00e4, ota yhteys tapahtuman henkil\u00f6kuntaan. Jos oma toimintasi loukkaa muita, ole valmis kuuntelemaan ja toimimaan toisin.<\/p><p>Mik\u00e4li joku ei noudata turvallisemman tilan periaatteita tai kiellosta huolimatta jatkaa toista loukkaavaa k\u00e4yt\u00f6st\u00e4, henkil\u00f6kunnalla on oikeus poistaa h\u00e4net tapahtumasta.<\/p>\t\t\t\t\t\t\t\t<\/div>\n\t\t\t\t<\/div>\n\t\t\t\t<div class=\"elementor-element elementor-element-1b55800 elementor-widget elementor-widget-text-editor\" data-id=\"1b55800\" data-element_type=\"widget\" id=\"ekologisuus\" data-widget_type=\"text-editor.default\">\n\t\t\t\t<div class=\"elementor-widget-container\">\n\t\t\t\t\t\t\t\t\t<h3 style=\"padding-bottom: 10px;\"><strong>+ ENVIRONMENT<\/strong><\/h3><p><strong>Workers' Music Festivals bears its responsibility for the environment.<\/strong><\/p><p>Here are few things you can do for our environment as a customer:<br \/>\u2013 Choose public transportation, carpooling and cycling when you arrive<br \/>\u2013 Please use the toilets and urinals at festival site<br \/>\u2013 Always bring your trash to a waste bin<br \/>\u2013 Recycle! Make sure you put your trash in to a right recycling bin.<\/p>\t\t\t\t\t\t\t\t<\/div>\n\t\t\t\t<\/div>\n\t\t\t\t<div class=\"elementor-element elementor-element-3a7cd16 elementor-widget elementor-widget-text-editor\" data-id=\"3a7cd16\" data-element_type=\"widget\" id=\"talkoolaiseksi\" data-widget_type=\"text-editor.default\">\n\t\t\t\t<div class=\"elementor-widget-container\">\n\t\t\t\t\t\t\t\t\t<h3 style=\"padding-bottom: 10px;\"><strong>+ VOLUNTEER<\/strong><\/h3><p><strong>Join Workers' Music Festivals happy volunteering group! We offer a variety of duties where everyone can find the most suitable one for them.<\/strong><\/p><p>&#8212;<\/p><ul><li>Talkooty\u00f6ss\u00e4 sitoudutaan v\u00e4hint\u00e4\u00e4n 2 ty\u00f6vuoroon (noin 6-8h, riippuen ty\u00f6teht\u00e4v\u00e4st\u00e4).<\/li><li>Talkooty\u00f6t perustuvat vapaaehtoisuuteen, eik\u00e4 niist\u00e4 makseta rahallista palkkaa, tai muuta korvausta\/vastiketta.<\/li><li>By choosing to volunteer you will get a \"volunteer pass\" that lets you around the festival area freely during each day.<\/li><li>Every workday we serve breakfast, lunch and dinner at the volunteers canteen. Coffee, tea, water and small snacks are available in the break room during the festival.<\/li><li>Every volunteer also gets a festival t-shirt.<\/li><li>Mattress accommodation is available at Tietola school for those who have to travel to become a volunteer.<\/li><li>On Sunday we hold a thank you party for every volunteer.<\/li><li>You may ask for work certificate after the event from festival office.<\/li><\/ul><p>&#8212;<\/p><h4><strong>VOLUNTEER DUTIES<\/strong><\/h4><p><strong>Volunteers are needed for a variety of duties before, during and after the festival.<\/strong><\/p><p><strong>STAGE HAND:<\/strong> Lets help the artist! Stage hands ensure that performances are running smoothly by helping the artists setting up in accordance to the provided information and technical riders (carrying equipment on and off stage). Stage hands are also expected to help move other items and equipment during the festival. This duty requires readiness for physical work.<\/p><p><strong>CLEANUP AND RECYCLING:<\/strong> Cleaning crew ensures that the festival area and areas in the immediate vicinity are clean and toilets are in working order. We require fearless and flexible attitude.<\/p><p><strong>DECORATION:<\/strong> On decoration team you can let your creative side free. Decorations are needed everywhere from Salakapakka restaurant to backstage. Duties begin before the festival and continue after it ends.<\/p><p><strong>BARTENDING (K18):<\/strong> Duties include customer service, bartending and selling food, stock replenishing and other restaurant tasks. Shifts are mainly in the evening during the festival hours but there are available shifts starting in the morning. Bartending does not require hygiene pass or serving license but we require that you are over 18 years old. Customer service and sales skills are expected as well as teamwork and flexibility.<\/p><p><strong>CATERING:<\/strong> Catering service ensures that volunteers are offered food and refreshments during the festival. This duty is very important because full stomach keeps the spirits high. Hygiene pass is not required, but it doesn't hurt. Most important thing is to keep the food on the table and places clean. Duty shifts are mainly during the festival hours.<\/p><p><strong>TICKET SALES:<\/strong> In this task you get to interact with customers and show your positive and cheery customer service attitude. You will have to use cash register (guidance will be provided) and handle cash. We require good customer service skills, patience and diligence.<\/p><p><strong>CONSTRUCTION AND DECONSTRUCTION:<\/strong> Duties include constructing and deconstructing the festival's structures (tents, fences, stages), as well as hanging signs and banderoles. You don't need to be construction worker or builder but the tasks are physically demanding. Work is done before, during and after the festival.<\/p><p><strong>EVENT SECURITY:<\/strong> Event security includes maintaining safety and guiding and controlling customers. Work is done during the event. We require security steward license, customer service skills and flexibility.<\/p><p><strong>OTHER CUSTOMER SERVICE (E.G. INFO, TRAFFIC CONTROL, BICYCLE PARKING ETC.):<\/strong> There are many tasks you will be guided to do as needed in the festival area, for example customer satisfaction surveys.<\/p><p>We require customer service and teamwork skills and flexible attitude as with other customer service tasks. Smiling is recommended.<\/p><p><strong>PHOTOGRAPHY: <\/strong>Task includes photographing and filming the festival area, artists, crowds and volunteers. Photographers use their own equipment. We require photography experience.<br \/><br \/><a href=\"https:\/\/docs.google.com\/forms\/d\/e\/1FAIpQLSeWubqReMjr7Yoy6g3Gr94eRgluMwCtnKKl92RKEimEC91oUA\/viewform\" target=\"_blank\" rel=\"noopener\"><strong>ILMOITTAUDU TALKOOLAISEKSI T\u00c4ST\u00c4<\/strong><\/a><\/p>\t\t\t\t\t\t\t\t<\/div>\n\t\t\t\t<\/div>\n\t\t\t\t<div class=\"elementor-element elementor-element-1df9997 elementor-widget elementor-widget-text-editor\" data-id=\"1df9997\" data-element_type=\"widget\" data-widget_type=\"text-editor.default\">\n\t\t\t\t<div class=\"elementor-widget-container\">\n\t\t\t\t\t\t\t\t\t<h3 style=\"padding-bottom: 10px;\"><strong>+ SAFETY AND PROHIBITED ITEMS<\/strong><\/h3><p>Tapahtuma-alueelle ei saa tuoda omia alkoholijuomia, el\u00e4imi\u00e4, eik\u00e4 vaaralliseksi luokiteltuja esineit\u00e4. Sateenvarjot tulee j\u00e4tt\u00e4\u00e4 saapuessa tavaras\u00e4ilytykseen. Crowd surfing, eli yleis\u00f6n k\u00e4sien p\u00e4\u00e4ll\u00e4 &#8221;surffaaminen&#8221; on kielletty!<\/p><p>\u00a0Alueella on myynniss\u00e4 kertak\u00e4ytt\u00f6sadetakkeja ja korvatulppia.\u00a0\u00a0<\/p>\t\t\t\t\t\t\t\t<\/div>\n\t\t\t\t<\/div>\n\t\t\t\t<div class=\"elementor-element elementor-element-19539ae elementor-widget elementor-widget-text-editor\" data-id=\"19539ae\" data-element_type=\"widget\" data-widget_type=\"text-editor.default\">\n\t\t\t\t<div class=\"elementor-widget-container\">\n\t\t\t\t\t\t\t\t\t<h3 style=\"padding-bottom: 10px;\"><strong>+ ITEM STORAGE<\/strong><\/h3><p>Tavaras\u00e4ilytys palvelee tapahtuman p\u00e4\u00e4symaksullisen alueen portilla.\u00a0<\/p>\t\t\t\t\t\t\t\t<\/div>\n\t\t\t\t<\/div>\n\t\t<!-- dce invisible element e781096 --><!-- dce invisible element 2a98bf4 -->\t\t<div class=\"elementor-element elementor-element-6dc58f2 elementor-widget elementor-widget-text-editor\" data-id=\"6dc58f2\" data-element_type=\"widget\" data-widget_type=\"text-editor.default\">\n\t\t\t\t<div class=\"elementor-widget-container\">\n\t\t\t\t\t\t\t\t\t<h3 style=\"padding-bottom: 10px;\"><strong>+ PHOTOGRAPHY AND FILMING<\/strong><\/h3><p>Filming, recording and commercial filming is prohibited without a license given by organizer on a case by case basis through accreditation.<\/p><p>System cameras and comparable filming equipment need a separate filming permit.<\/p><p>All recordings are made in accordance with the Copyright Act and regulations. Taking normal photos to add to the festival memories with a mobile phone and compact camera is allowed and recommended!<\/p>\t\t\t\t\t\t\t\t<\/div>\n\t\t\t\t<\/div>\n\t\t\t\t<div class=\"elementor-element elementor-element-decdf6e elementor-widget elementor-widget-text-editor\" data-id=\"decdf6e\" data-element_type=\"widget\" data-widget_type=\"text-editor.default\">\n\t\t\t\t<div class=\"elementor-widget-container\">\n\t\t\t\t\t\t\t\t\t<h3 style=\"padding-bottom: 10px;\"><strong>+ TOILETS<\/strong><\/h3><p>Tapahtuma-alueella on runsaasti sek\u00e4 wc-koppeja ett\u00e4 pisuaareja. Tapahtuma-alueella on my\u00f6s inva-wc:it\u00e4. Jylh\u00e4vaarassa on asiakkaiden k\u00e4yt\u00f6ss\u00e4 vesivessa, sek\u00e4 Myllysaaren museon wc-tilat palvelevat museon aukioloaikoina.<\/p>\t\t\t\t\t\t\t\t<\/div>\n\t\t\t\t<\/div>\n\t\t\t\t\t<\/div>\n\t\t<\/div>\n\t\t\t\t\t<\/div>\n\t\t<\/section>\n\t\t\t\t<\/div>","protected":false},"excerpt":{"rendered":"<p>INFO FESTIVAALIALUEELLA VIDEO- JA VALOKUVATAAN MARKKINOINTITARKOITUKSIIN. + TY\u00d6V\u00c4EN MUSIIKKITAPAHTUMA Tapahtumatoimisto: Tehtaankatu 5 A 1, 37600 Valkeakoski. info@musarit.fi. Puh.\u00a0040 525 7177. Ty\u00f6v\u00e4en Musiikkitapahtuma ry on voittoa tavoittelematon kulttuuriyhdistys, joka tuottaa musiikki- ja kulttuuritapahtumia, yll\u00e4pit\u00e4\u00e4 Kirjaslammen tanssilavaa sek\u00e4 harjoittaa julkaisutoimintaa. +\u00a0ESTEETT\u00d6MYYS Tapahtuma-alue on saavutettavissa py\u00f6r\u00e4tuolilla. Alueeltal\u00f6ytyy esteett\u00f6mi\u00e4 parkkipaikkoja sek\u00e4 wc-tiloja. Paperitorin edustalta l\u00f6ytyypy\u00f6r\u00e4tuolikoroke. Lis\u00e4tietoja esteett\u00f6myydest\u00e4 voit tiedustellatapahtumatoimistolta [&hellip;]<\/p>","protected":false},"author":1,"featured_media":0,"parent":0,"menu_order":0,"comment_status":"closed","ping_status":"closed","template":"elementor_header_footer","meta":{"_acf_changed":false,"footnotes":""},"class_list":["post-13343","page","type-page","status-publish","hentry"],"acf":[],"_links":{"self":[{"href":"https:\/\/www.musarit.fi\/en\/wp-json\/wp\/v2\/pages\/13343","targetHints":{"allow":["GET"]}}],"collection":[{"href":"https:\/\/www.musarit.fi\/en\/wp-json\/wp\/v2\/pages"}],"about":[{"href":"https:\/\/www.musarit.fi\/en\/wp-json\/wp\/v2\/types\/page"}],"author":[{"embeddable":true,"href":"https:\/\/www.musarit.fi\/en\/wp-json\/wp\/v2\/users\/1"}],"replies":[{"embeddable":true,"href":"https:\/\/www.musarit.fi\/en\/wp-json\/wp\/v2\/comments?post=13343"}],"version-history":[{"count":6,"href":"https:\/\/www.musarit.fi\/en\/wp-json\/wp\/v2\/pages\/13343\/revisions"}],"predecessor-version":[{"id":23549,"href":"https:\/\/www.musarit.fi\/en\/wp-json\/wp\/v2\/pages\/13343\/revisions\/23549"}],"wp:attachment":[{"href":"https:\/\/www.musarit.fi\/en\/wp-json\/wp\/v2\/media?parent=13343"}],"curies":[{"name":"wp","href":"https:\/\/api.w.org\/{rel}","templated":true}]}}