{"id":12869,"date":"2022-04-05T09:26:13","date_gmt":"2022-04-05T07:26:13","guid":{"rendered":"http:\/\/www.musarit.fi\/?page_id=12869"},"modified":"2026-03-10T15:02:13","modified_gmt":"2026-03-10T13:02:13","slug":"uutiset","status":"publish","type":"page","link":"https:\/\/www.musarit.fi\/en\/uutiset\/","title":{"rendered":"Uutiset"},"content":{"rendered":"<div data-elementor-type=\"wp-page\" data-elementor-id=\"12869\" class=\"elementor elementor-12869\">\n\t\t\t\t\t\t<section class=\"elementor-section elementor-top-section elementor-element elementor-element-21e32687 elementor-section-boxed elementor-section-height-default elementor-section-height-default\" data-id=\"21e32687\" data-element_type=\"section\" data-settings=\"{&quot;jet_parallax_layout_list&quot;:[],&quot;background_background&quot;:&quot;gradient&quot;}\">\n\t\t\t\t\t\t\t<div class=\"elementor-background-overlay\"><\/div>\n\t\t\t\t\t\t\t<div class=\"elementor-container elementor-column-gap-default\">\n\t\t\t\t\t<div class=\"elementor-column elementor-col-100 elementor-top-column elementor-element elementor-element-29279993\" data-id=\"29279993\" data-element_type=\"column\">\n\t\t\t<div class=\"elementor-widget-wrap elementor-element-populated\">\n\t\t\t\t\t\t<div class=\"elementor-element elementor-element-b0786ac elementor-widget elementor-widget-heading\" data-id=\"b0786ac\" data-element_type=\"widget\" data-widget_type=\"heading.default\">\n\t\t\t\t<div class=\"elementor-widget-container\">\n\t\t\t\t\t<h1 class=\"elementor-heading-title elementor-size-default\">NEWS<\/h1>\t\t\t\t<\/div>\n\t\t\t\t<\/div>\n\t\t\t\t<div class=\"elementor-element elementor-element-232cdca6 elementor-widget elementor-widget-raven-posts\" data-id=\"232cdca6\" data-element_type=\"widget\" data-settings=\"{&quot;classic_columns&quot;:&quot;1&quot;,&quot;query_posts_per_page&quot;:-1,&quot;_skin&quot;:&quot;classic&quot;,&quot;classic_layout&quot;:&quot;grid&quot;,&quot;classic_columns_tablet&quot;:&quot;2&quot;,&quot;classic_columns_mobile&quot;:&quot;1&quot;,&quot;query_offset&quot;:0}\" data-widget_type=\"raven-posts.classic\">\n\t\t\t\t<div class=\"elementor-widget-container\">\n\t\t\t\t\t\t\t<div class=\"raven-posts raven-grid raven-grid-1 raven-grid-mobile-1 raven-grid-tablet-2\" data-post-id=\"12869\" data-archive-query=\"\" data-lang=\"\">\n\t\t\t\t<div class=\"raven-grid-item raven-post-item post-23447 post type-post status-publish format-standard has-post-thumbnail hentry category-uutiset tag-antti-paalanen tag-diandra tag-elsi-sloan tag-erja-lyytinen tag-festivaali tag-indie-awards tag-jaakko-kulta tag-komiat tag-leija-lautamaja tag-linda-lampenius tag-meiju-suvas tag-miljoonasade tag-misha tag-musarit tag-pete-parkkonen tag-pk-keranen tag-saarisalo tag-tuuletar tag-tyovaen-musiikkitapahtuma tag-vaihtoehtomusiikki tag-valkeakoski tag-velvet-moon tag-viikate tag-willamomafia\">\n\t\t\t<div class=\"raven-post\">\n\t\t\t\t\t\t<div class=\"raven-post-image-wrap\">\n\t\t\t<a class=\"raven-post-image raven-image-fit\" href=\"https:\/\/www.musarit.fi\/en\/uusia_nousevia_nimia_uutinen_10-4\/\"><img fetchpriority=\"high\" decoding=\"async\" width=\"1024\" height=\"659\" src=\"https:\/\/www.musarit.fi\/wp-content\/uploads\/kuvaaja-Vesa-Tyni-1-1024x659.jpg\" class=\"attachment-large size-large wp-image-23456\" alt=\"\" srcset=\"https:\/\/www.musarit.fi\/wp-content\/uploads\/kuvaaja-Vesa-Tyni-1-1024x659.jpg 1024w, https:\/\/www.musarit.fi\/wp-content\/uploads\/kuvaaja-Vesa-Tyni-1-300x193.jpg 300w, https:\/\/www.musarit.fi\/wp-content\/uploads\/kuvaaja-Vesa-Tyni-1-768x494.jpg 768w, https:\/\/www.musarit.fi\/wp-content\/uploads\/kuvaaja-Vesa-Tyni-1-18x12.jpg 18w, https:\/\/www.musarit.fi\/wp-content\/uploads\/kuvaaja-Vesa-Tyni-1.jpg 1398w\" sizes=\"(max-width: 1024px) 100vw, 1024px\" \/> <span class=\"raven-post-image-overlay\"><\/span><\/a>\t\t<\/div>\n\t\t\t\t\t\t<div class=\"raven-post-content\">\n\t\t\t\t\t\t\t<div class=\"raven-post-meta\"><a class=\"raven-post-meta-item raven-post-date\" href=\"https:\/\/www.musarit.fi\/en\/2026\/04\/\" rel=\"bookmark\">10.04.2026<\/a><\/div>\n\t\t<h3 class=\"raven-post-title\"><a class=\"raven-post-title-link\" href=\"https:\/\/www.musarit.fi\/en\/uusia_nousevia_nimia_uutinen_10-4\/\">Uusia nousevia nimi\u00e4 Ty\u00f6v\u00e4en Musiikkitapahtumaan<\/a><\/h3><div class=\"raven-post-excerpt\">Eturivin artisteista, ty\u00f6v\u00e4enlauluista, yhteiskunnallisuudestaan, ja ik\u00e4yst\u00e4v\u00e4llisyydest\u00e4\u00e4n tunnettu Ty\u00f6v\u00e4en Musiikkitapahtuma saa uuden aallon urbaania energiaa vaihtoehtomusiikin monipuolisesta kattauksesta. Festivaalin uusien nousevien nimien joukosta l\u00f6ytyy, niin kosmisen R&B:n ja nu-funkin maailmasta ammentava Misha, kuin elokuvallisesta ja tunteikkaasta rockista tunnettu ruotsalainen Velvet Moon sek\u00e4 poeettisen vaihtoehtopopin queer-artisti Elsi Sloan. <\/div>\t\t\t\t<\/div>\n\t\t\t<\/div>\n\t\t<\/div>\n\t\t\t\t<div class=\"raven-grid-item raven-post-item post-23239 post type-post status-publish format-standard hentry category-uutiset tag-antti-paalanen tag-diandra tag-erja-lyytinen tag-jaakko-kulta tag-komiat tag-liekinheitin tag-linda-lampenius tag-meiju-suvas tag-musarit tag-pete-parkkonen tag-takatukka tag-tyovaen-musiikkitapahtuma tag-umk tag-uuden-musiikin-kilpailu tag-valkeakoski tag-viikate\">\n\t\t\t<div class=\"raven-post\">\n\t\t\t\t\t\t\t\t<div class=\"raven-post-content\">\n\t\t\t\t\t\t\t<div class=\"raven-post-meta\"><a class=\"raven-post-meta-item raven-post-date\" href=\"https:\/\/www.musarit.fi\/en\/2026\/03\/\" rel=\"bookmark\">19.03.2026<\/a><\/div>\n\t\t<h3 class=\"raven-post-title\"><a class=\"raven-post-title-link\" href=\"https:\/\/www.musarit.fi\/en\/euroviisuedustajat-esiintyvat-heinakuussa-valkeakoskella\/\">Euroviisuedustajat esiintyv\u00e4t hein\u00e4kuussa Valkeakoskella<\/a><\/h3><div class=\"raven-post-excerpt\">Viulistilegenda Linda Lampenius ja popt\u00e4hti Pete Parkkonen esiintyv\u00e4t Valkeakoskella Ty\u00f6v\u00e4en Musiikkitapahtumassa perjantaina 24. hein\u00e4kuuta.  <\/div>\t\t\t\t<\/div>\n\t\t\t<\/div>\n\t\t<\/div>\n\t\t\t\t<div class=\"raven-grid-item raven-post-item post-22944 post type-post status-publish format-standard hentry category-uutiset\">\n\t\t\t<div class=\"raven-post\">\n\t\t\t\t\t\t\t\t<div class=\"raven-post-content\">\n\t\t\t\t\t\t\t<div class=\"raven-post-meta\"><a class=\"raven-post-meta-item raven-post-date\" href=\"https:\/\/www.musarit.fi\/en\/2026\/02\/\" rel=\"bookmark\">11.02.2026<\/a><\/div>\n\t\t<h3 class=\"raven-post-title\"><a class=\"raven-post-title-link\" href=\"https:\/\/www.musarit.fi\/en\/ammattiliittojen-jasenille-lippuetuja-tapahtumaan\/\">Ammattiliittojen j\u00e4senille lippuetuja tapahtumaan!<\/a><\/h3><div class=\"raven-post-excerpt\">Useat ammattiliitot, -osastot ja -yhdistykset my\u00f6nt\u00e4v\u00e4t j\u00e4senilleen tuntuvia etuja Ty\u00f6v\u00e4en Musiikkitapahtumaan. Katso alla olevasta listasta t\u00e4h\u00e4n menness\u00e4 my\u00f6nnetyt alennukset.\r\n<\/div>\t\t\t\t<\/div>\n\t\t\t<\/div>\n\t\t<\/div>\n\t\t\t\t<div class=\"raven-grid-item raven-post-item post-22765 post type-post status-publish format-standard hentry category-uutiset\">\n\t\t\t<div class=\"raven-post\">\n\t\t\t\t\t\t\t\t<div class=\"raven-post-content\">\n\t\t\t\t\t\t\t<div class=\"raven-post-meta\"><a class=\"raven-post-meta-item raven-post-date\" href=\"https:\/\/www.musarit.fi\/en\/2025\/11\/\" rel=\"bookmark\">28.11.2025<\/a><\/div>\n\t\t<h3 class=\"raven-post-title\"><a class=\"raven-post-title-link\" href=\"https:\/\/www.musarit.fi\/en\/tyovaen-musiikkitapahtuma-julkaisee-ensimmaiset-esiintyjat\/\">Ty\u00f6v\u00e4en Musiikkitapahtuma julkaisee ensimm\u00e4iset esiintyj\u00e4t!<\/a><\/h3><div class=\"raven-post-excerpt\"><\/div>\t\t\t\t<\/div>\n\t\t\t<\/div>\n\t\t<\/div>\n\t\t\t\t<div class=\"raven-grid-item raven-post-item post-22612 post type-post status-publish format-standard hentry category-uutiset\">\n\t\t\t<div class=\"raven-post\">\n\t\t\t\t\t\t\t\t<div class=\"raven-post-content\">\n\t\t\t\t\t\t\t<div class=\"raven-post-meta\"><a class=\"raven-post-meta-item raven-post-date\" href=\"https:\/\/www.musarit.fi\/en\/2025\/08\/\" rel=\"bookmark\">01.08.2025<\/a><\/div>\n\t\t<h3 class=\"raven-post-title\"><a class=\"raven-post-title-link\" href=\"https:\/\/www.musarit.fi\/en\/ilmakitaransoiton-uusi-suomenmestari-on-vellu-ristaniemi\/\">Ilmakitaransoiton uusi suomenmestari on Vellu Ristaniemi!<\/a><\/h3><div class=\"raven-post-excerpt\">Ilmakitaran suomenmestaruudesta kilpailtiin Valkeakoskella Ty\u00f6v\u00e4en Musiikkitapahtumassa Sananvapauden lavalla lauantainan 26.7.<\/div>\t\t\t\t<\/div>\n\t\t\t<\/div>\n\t\t<\/div>\n\t\t\t\t<div class=\"raven-grid-item raven-post-item post-22489 post type-post status-publish format-standard hentry category-uutiset\">\n\t\t\t<div class=\"raven-post\">\n\t\t\t\t\t\t\t\t<div class=\"raven-post-content\">\n\t\t\t\t\t\t\t<div class=\"raven-post-meta\"><a class=\"raven-post-meta-item raven-post-date\" href=\"https:\/\/www.musarit.fi\/en\/2025\/07\/\" rel=\"bookmark\">26.07.2025<\/a><\/div>\n\t\t<h3 class=\"raven-post-title\"><a class=\"raven-post-title-link\" href=\"https:\/\/www.musarit.fi\/en\/uusi-tyovaenlaulu-sanoitus-ja-savellyskilpailun-voittajat-on-julkaistu\/\">Uusi Ty\u00f6v\u00e4enlaulu &#8211; Sanoitus- ja s\u00e4vellyskilpailun voittajat on julkaistu<\/a><\/h3><div class=\"raven-post-excerpt\">Vuoden 2025 Uusi Ty\u00f6v\u00e4enlaulu - Sanoitus- ja s\u00e4vellyskilpailussa etsittiin uutta rauhanlaulua. Kilpailussa ammattilaisraati valitsi kolme voittajaa. Voittajaksi valikoituivat Laululinnut - Jos \u00e4idit johtais maailmaa, Tikli - Aurinko on kaikkien ja Karvakamut - Rauhaa rakastaa<\/div>\t\t\t\t<\/div>\n\t\t\t<\/div>\n\t\t<\/div>\n\t\t\t\t<\/div>\n\t\t\t\t\t\t<\/div>\n\t\t\t\t<\/div>\n\t\t\t\t\t<\/div>\n\t\t<\/div>\n\t\t\t\t\t<\/div>\n\t\t<\/section>\n\t\t\t\t<\/div>","protected":false},"excerpt":{"rendered":"<p>UUTISET 11.02.2026 Ammattiliittojen j\u00e4senille lippuetuja tapahtumaan! Useat ammattiliitot, -osastot ja -yhdistykset my\u00f6nt\u00e4v\u00e4t j\u00e4senilleen tuntuvia etuja Ty\u00f6v\u00e4en Musiikkitapahtumaan. Katso alla olevasta listasta t\u00e4h\u00e4n menness\u00e4 my\u00f6nnetyt alennukset. 28.11.2025 Ty\u00f6v\u00e4en Musiikkitapahtuma julkaisee ensimm\u00e4iset esiintyj\u00e4t! 01.08.2025 Ilmakitaransoiton uusi suomenmestari on Vellu Ristaniemi! Ilmakitaran suomenmestaruudesta kilpailtiin Valkeakoskella Ty\u00f6v\u00e4en Musiikkitapahtumassa Sananvapauden lavalla lauantainan 26.7. 26.07.2025 Uusi Ty\u00f6v\u00e4enlaulu &#8211; Sanoitus- ja s\u00e4vellyskilpailun [&hellip;]<\/p>","protected":false},"author":1,"featured_media":0,"parent":0,"menu_order":0,"comment_status":"closed","ping_status":"closed","template":"elementor_header_footer","meta":{"_acf_changed":false,"footnotes":""},"class_list":["post-12869","page","type-page","status-publish","hentry"],"acf":[],"_links":{"self":[{"href":"https:\/\/www.musarit.fi\/en\/wp-json\/wp\/v2\/pages\/12869","targetHints":{"allow":["GET"]}}],"collection":[{"href":"https:\/\/www.musarit.fi\/en\/wp-json\/wp\/v2\/pages"}],"about":[{"href":"https:\/\/www.musarit.fi\/en\/wp-json\/wp\/v2\/types\/page"}],"author":[{"embeddable":true,"href":"https:\/\/www.musarit.fi\/en\/wp-json\/wp\/v2\/users\/1"}],"replies":[{"embeddable":true,"href":"https:\/\/www.musarit.fi\/en\/wp-json\/wp\/v2\/comments?post=12869"}],"version-history":[{"count":5,"href":"https:\/\/www.musarit.fi\/en\/wp-json\/wp\/v2\/pages\/12869\/revisions"}],"predecessor-version":[{"id":23198,"href":"https:\/\/www.musarit.fi\/en\/wp-json\/wp\/v2\/pages\/12869\/revisions\/23198"}],"wp:attachment":[{"href":"https:\/\/www.musarit.fi\/en\/wp-json\/wp\/v2\/media?parent=12869"}],"curies":[{"name":"wp","href":"https:\/\/api.w.org\/{rel}","templated":true}]}}